{"id":167,"date":"2022-06-07T16:29:03","date_gmt":"2022-06-07T13:29:03","guid":{"rendered":"https:\/\/www.followtech.net\/damak\/?page_id=167"},"modified":"2022-07-12T15:03:42","modified_gmt":"2022-07-12T12:03:42","slug":"dana-kofte-cesitleri","status":"publish","type":"page","link":"https:\/\/www.damakkofte.com.tr\/index.php\/dana-kofte-cesitleri\/","title":{"rendered":"Dana K\u00f6fte \u00c7e\u015fitleri"},"content":{"rendered":"\n<div class=\"wp-block-columns is-layout-flex wp-container-core-columns-is-layout-9d6595d7 wp-block-columns-is-layout-flex\">\n<div class=\"wp-block-column is-layout-flow wp-block-column-is-layout-flow\" style=\"flex-basis:100%\">\n<div class=\"wp-block-columns is-layout-flex wp-container-core-columns-is-layout-9d6595d7 wp-block-columns-is-layout-flex\">\n<div class=\"wp-block-column is-layout-flow wp-block-column-is-layout-flow\" style=\"flex-basis:100%\">\n<div class=\"wp-block-group alignwide\"><div class=\"wp-block-group__inner-container is-layout-flow wp-block-group-is-layout-flow\">\n<div class=\"wp-block-group is-content-justification-center is-nowrap is-layout-flex wp-container-core-group-is-layout-94bc23d7 wp-block-group-is-layout-flex\">\n<div class=\"wp-block-group is-nowrap is-layout-flex wp-container-core-group-is-layout-ad2f72ca wp-block-group-is-layout-flex\">\n<figure class=\"wp-block-image size-large is-resized\"><a href=\"https:\/\/www.damakkofte.com.tr\/index.php\/damak-meshur-tekirdag-koftesi\/\"><img loading=\"lazy\" decoding=\"async\" src=\"https:\/\/www.damakkofte.com.tr\/wp-content\/uploads\/2022\/06\/Damak-Tekirdag-400-771x1024.png\" alt=\"\" class=\"wp-image-265\" width=\"193\" height=\"256\" srcset=\"https:\/\/www.damakkofte.com.tr\/wp-content\/uploads\/2022\/06\/Damak-Tekirdag-400-771x1024.png 771w, https:\/\/www.damakkofte.com.tr\/wp-content\/uploads\/2022\/06\/Damak-Tekirdag-400-226x300.png 226w, https:\/\/www.damakkofte.com.tr\/wp-content\/uploads\/2022\/06\/Damak-Tekirdag-400-768x1019.png 768w, https:\/\/www.damakkofte.com.tr\/wp-content\/uploads\/2022\/06\/Damak-Tekirdag-400.png 1130w\" sizes=\"auto, (max-width: 193px) 100vw, 193px\" \/><\/a><figcaption>Me\u015fhur Tekirda\u011f K\u00f6ftesi<\/figcaption><\/figure>\n\n\n\n<figure class=\"wp-block-image size-large is-resized\"><a href=\"https:\/\/www.damakkofte.com.tr\/index.php\/damak-kasap-kofte\/\"><img loading=\"lazy\" decoding=\"async\" src=\"https:\/\/www.damakkofte.com.tr\/wp-content\/uploads\/2022\/06\/Damak-Kasap-400-773x1024.png\" alt=\"\" class=\"wp-image-267\" width=\"193\" height=\"256\" srcset=\"https:\/\/www.damakkofte.com.tr\/wp-content\/uploads\/2022\/06\/Damak-Kasap-400-773x1024.png 773w, https:\/\/www.damakkofte.com.tr\/wp-content\/uploads\/2022\/06\/Damak-Kasap-400-226x300.png 226w, https:\/\/www.damakkofte.com.tr\/wp-content\/uploads\/2022\/06\/Damak-Kasap-400-768x1018.png 768w, https:\/\/www.damakkofte.com.tr\/wp-content\/uploads\/2022\/06\/Damak-Kasap-400.png 1132w\" sizes=\"auto, (max-width: 193px) 100vw, 193px\" \/><\/a><figcaption>   Damak Kasap K\u00f6fte<\/figcaption><\/figure>\n<\/div>\n\n\n\n<figure class=\"wp-block-image size-large is-resized\"><a href=\"https:\/\/www.damakkofte.com.tr\/index.php\/damak-kasarli-kofte\/\"><img loading=\"lazy\" decoding=\"async\" src=\"https:\/\/www.damakkofte.com.tr\/wp-content\/uploads\/2022\/06\/Damak-Kasarli-400-623x1024.png\" alt=\"\" class=\"wp-image-268\" width=\"156\" height=\"256\" srcset=\"https:\/\/www.damakkofte.com.tr\/wp-content\/uploads\/2022\/06\/Damak-Kasarli-400-623x1024.png 623w, https:\/\/www.damakkofte.com.tr\/wp-content\/uploads\/2022\/06\/Damak-Kasarli-400-183x300.png 183w, https:\/\/www.damakkofte.com.tr\/wp-content\/uploads\/2022\/06\/Damak-Kasarli-400-768x1262.png 768w, https:\/\/www.damakkofte.com.tr\/wp-content\/uploads\/2022\/06\/Damak-Kasarli-400.png 913w\" sizes=\"auto, (max-width: 156px) 100vw, 156px\" \/><\/a><figcaption>Damak Ka\u015farl\u0131 K\u00f6fte<\/figcaption><\/figure>\n\n\n\n<figure class=\"wp-block-image size-large is-resized\"><a href=\"https:\/\/www.damakkofte.com.tr\/index.php\/damak-hamburger-kofte\/\"><img loading=\"lazy\" decoding=\"async\" src=\"https:\/\/www.damakkofte.com.tr\/wp-content\/uploads\/2022\/06\/Hamburger-400-622x1024.png\" alt=\"\" class=\"wp-image-275\" width=\"156\" height=\"256\" srcset=\"https:\/\/www.damakkofte.com.tr\/wp-content\/uploads\/2022\/06\/Hamburger-400-622x1024.png 622w, https:\/\/www.damakkofte.com.tr\/wp-content\/uploads\/2022\/06\/Hamburger-400-182x300.png 182w, https:\/\/www.damakkofte.com.tr\/wp-content\/uploads\/2022\/06\/Hamburger-400-768x1265.png 768w, https:\/\/www.damakkofte.com.tr\/wp-content\/uploads\/2022\/06\/Hamburger-400.png 911w\" sizes=\"auto, (max-width: 156px) 100vw, 156px\" \/><\/a><figcaption>Damak Hamburger<\/figcaption><\/figure>\n<\/div>\n<\/div><\/div>\n<\/div>\n<\/div>\n<\/div>\n<\/div>\n\n\n\n<div class=\"wp-block-group is-content-justification-center is-nowrap is-layout-flex wp-container-core-group-is-layout-94bc23d7 wp-block-group-is-layout-flex\">\n<div class=\"wp-block-group is-nowrap is-layout-flex wp-container-core-group-is-layout-ad2f72ca wp-block-group-is-layout-flex\">\n<figure class=\"wp-block-image size-large is-resized\"><a href=\"https:\/\/www.damakkofte.com.tr\/index.php\/damak-acili-kofte\/\"><img loading=\"lazy\" decoding=\"async\" src=\"https:\/\/www.damakkofte.com.tr\/wp-content\/uploads\/2022\/06\/Damak-Acili-400-kopya-687x1024.png\" alt=\"\" class=\"wp-image-270\" width=\"172\" height=\"256\" srcset=\"https:\/\/www.damakkofte.com.tr\/wp-content\/uploads\/2022\/06\/Damak-Acili-400-kopya-687x1024.png 687w, https:\/\/www.damakkofte.com.tr\/wp-content\/uploads\/2022\/06\/Damak-Acili-400-kopya-201x300.png 201w, https:\/\/www.damakkofte.com.tr\/wp-content\/uploads\/2022\/06\/Damak-Acili-400-kopya-768x1144.png 768w, https:\/\/www.damakkofte.com.tr\/wp-content\/uploads\/2022\/06\/Damak-Acili-400-kopya.png 1007w\" sizes=\"auto, (max-width: 172px) 100vw, 172px\" \/><\/a><figcaption>Damak Ac\u0131l\u0131 K\u00f6fte<\/figcaption><\/figure>\n\n\n\n<figure class=\"wp-block-image size-large is-resized\"><a href=\"https:\/\/www.damakkofte.com.tr\/index.php\/damak-inegol-kofte\/\"><img loading=\"lazy\" decoding=\"async\" src=\"https:\/\/www.damakkofte.com.tr\/wp-content\/uploads\/2022\/06\/Damak-Inegol-400-626x1024.png\" alt=\"\" class=\"wp-image-271\" width=\"157\" height=\"256\" srcset=\"https:\/\/www.damakkofte.com.tr\/wp-content\/uploads\/2022\/06\/Damak-Inegol-400-626x1024.png 626w, https:\/\/www.damakkofte.com.tr\/wp-content\/uploads\/2022\/06\/Damak-Inegol-400-183x300.png 183w, https:\/\/www.damakkofte.com.tr\/wp-content\/uploads\/2022\/06\/Damak-Inegol-400-768x1256.png 768w, https:\/\/www.damakkofte.com.tr\/wp-content\/uploads\/2022\/06\/Damak-Inegol-400.png 917w\" sizes=\"auto, (max-width: 157px) 100vw, 157px\" \/><\/a><figcaption>Damak \u0130neg\u00f6l K\u00f6fte<\/figcaption><\/figure>\n<\/div>\n\n\n\n<figure class=\"wp-block-image size-large is-resized\"><a href=\"https:\/\/www.damakkofte.com.tr\/index.php\/damak-izgara-kofte\/\"><img loading=\"lazy\" decoding=\"async\" src=\"https:\/\/www.damakkofte.com.tr\/wp-content\/uploads\/2022\/06\/Damak-Izgara-400-625x1024.png\" alt=\"\" class=\"wp-image-272\" width=\"156\" height=\"256\" srcset=\"https:\/\/www.damakkofte.com.tr\/wp-content\/uploads\/2022\/06\/Damak-Izgara-400-625x1024.png 625w, https:\/\/www.damakkofte.com.tr\/wp-content\/uploads\/2022\/06\/Damak-Izgara-400-183x300.png 183w, https:\/\/www.damakkofte.com.tr\/wp-content\/uploads\/2022\/06\/Damak-Izgara-400-768x1258.png 768w, https:\/\/www.damakkofte.com.tr\/wp-content\/uploads\/2022\/06\/Damak-Izgara-400.png 916w\" sizes=\"auto, (max-width: 156px) 100vw, 156px\" \/><\/a><figcaption>Damak Izgara K\u00f6fte<\/figcaption><\/figure>\n\n\n\n<figure class=\"wp-block-image size-large is-resized\"><a href=\"https:\/\/www.damakkofte.com.tr\/index.php\/damak-izmir-kofte\/\"><img loading=\"lazy\" decoding=\"async\" src=\"https:\/\/www.damakkofte.com.tr\/wp-content\/uploads\/2022\/06\/Damak-Izmir-400-633x1024.png\" alt=\"\" class=\"wp-image-273\" width=\"158\" height=\"256\" srcset=\"https:\/\/www.damakkofte.com.tr\/wp-content\/uploads\/2022\/06\/Damak-Izmir-400-633x1024.png 633w, https:\/\/www.damakkofte.com.tr\/wp-content\/uploads\/2022\/06\/Damak-Izmir-400-185x300.png 185w, https:\/\/www.damakkofte.com.tr\/wp-content\/uploads\/2022\/06\/Damak-Izmir-400-768x1243.png 768w, https:\/\/www.damakkofte.com.tr\/wp-content\/uploads\/2022\/06\/Damak-Izmir-400.png 927w\" sizes=\"auto, (max-width: 158px) 100vw, 158px\" \/><\/a><figcaption>Damak \u0130zmir K\u00f6fte<\/figcaption><\/figure>\n<\/div>\n\n\n\n<div class=\"wp-block-group is-content-justification-center is-nowrap is-layout-flex wp-container-core-group-is-layout-94bc23d7 wp-block-group-is-layout-flex\">\n<div class=\"wp-block-group is-nowrap is-layout-flex wp-container-core-group-is-layout-ad2f72ca wp-block-group-is-layout-flex\">\n<figure class=\"wp-block-image size-large is-resized\"><a href=\"https:\/\/www.damakkofte.com.tr\/index.php\/damak-misket-kofte\/\"><img loading=\"lazy\" decoding=\"async\" src=\"https:\/\/www.damakkofte.com.tr\/wp-content\/uploads\/2022\/06\/Damak-Misket-400-681x1024.png\" alt=\"\" class=\"wp-image-274\" width=\"170\" height=\"256\" srcset=\"https:\/\/www.damakkofte.com.tr\/wp-content\/uploads\/2022\/06\/Damak-Misket-400-681x1024.png 681w, https:\/\/www.damakkofte.com.tr\/wp-content\/uploads\/2022\/06\/Damak-Misket-400-199x300.png 199w, https:\/\/www.damakkofte.com.tr\/wp-content\/uploads\/2022\/06\/Damak-Misket-400-768x1155.png 768w, https:\/\/www.damakkofte.com.tr\/wp-content\/uploads\/2022\/06\/Damak-Misket-400.png 997w\" sizes=\"auto, (max-width: 170px) 100vw, 170px\" \/><\/a><figcaption>Damak Misket K\u00f6fte<\/figcaption><\/figure>\n\n\n\n<figure class=\"wp-block-image size-large is-resized\"><a href=\"https:\/\/www.damakkofte.com.tr\/index.php\/damak-cheddar-kapama-kofte\/\"><img loading=\"lazy\" decoding=\"async\" src=\"https:\/\/www.damakkofte.com.tr\/wp-content\/uploads\/2022\/06\/Cheddar-Kapama-400-656x1024.png\" alt=\"\" class=\"wp-image-276\" width=\"164\" height=\"256\" srcset=\"https:\/\/www.damakkofte.com.tr\/wp-content\/uploads\/2022\/06\/Cheddar-Kapama-400-656x1024.png 656w, https:\/\/www.damakkofte.com.tr\/wp-content\/uploads\/2022\/06\/Cheddar-Kapama-400-192x300.png 192w, https:\/\/www.damakkofte.com.tr\/wp-content\/uploads\/2022\/06\/Cheddar-Kapama-400-768x1199.png 768w, https:\/\/www.damakkofte.com.tr\/wp-content\/uploads\/2022\/06\/Cheddar-Kapama-400.png 961w\" sizes=\"auto, (max-width: 164px) 100vw, 164px\" \/><\/a><figcaption>Damak<br>Cheddar Kapama<\/figcaption><\/figure>\n<\/div>\n\n\n\n<figure class=\"wp-block-image size-large is-resized\"><a href=\"https:\/\/www.damakkofte.com.tr\/index.php\/damak-burger\/\"><img loading=\"lazy\" decoding=\"async\" src=\"https:\/\/www.damakkofte.com.tr\/wp-content\/uploads\/2022\/06\/Damak-Burger-400-623x1024.png\" alt=\"\" class=\"wp-image-269\" width=\"156\" height=\"256\" srcset=\"https:\/\/www.damakkofte.com.tr\/wp-content\/uploads\/2022\/06\/Damak-Burger-400-623x1024.png 623w, https:\/\/www.damakkofte.com.tr\/wp-content\/uploads\/2022\/06\/Damak-Burger-400-182x300.png 182w, https:\/\/www.damakkofte.com.tr\/wp-content\/uploads\/2022\/06\/Damak-Burger-400-768x1263.png 768w, https:\/\/www.damakkofte.com.tr\/wp-content\/uploads\/2022\/06\/Damak-Burger-400.png 912w\" sizes=\"auto, (max-width: 156px) 100vw, 156px\" \/><\/a><figcaption>Damak Burger<\/figcaption><\/figure>\n<\/div>\n","protected":false},"excerpt":{"rendered":"","protected":false},"author":1,"featured_media":0,"parent":0,"menu_order":0,"comment_status":"closed","ping_status":"closed","template":"templates\/template-page-full-width.php","meta":{"footnotes":""},"class_list":["post-167","page","type-page","status-publish","hentry"],"_links":{"self":[{"href":"https:\/\/www.damakkofte.com.tr\/index.php\/wp-json\/wp\/v2\/pages\/167","targetHints":{"allow":["GET"]}}],"collection":[{"href":"https:\/\/www.damakkofte.com.tr\/index.php\/wp-json\/wp\/v2\/pages"}],"about":[{"href":"https:\/\/www.damakkofte.com.tr\/index.php\/wp-json\/wp\/v2\/types\/page"}],"author":[{"embeddable":true,"href":"https:\/\/www.damakkofte.com.tr\/index.php\/wp-json\/wp\/v2\/users\/1"}],"replies":[{"embeddable":true,"href":"https:\/\/www.damakkofte.com.tr\/index.php\/wp-json\/wp\/v2\/comments?post=167"}],"version-history":[{"count":14,"href":"https:\/\/www.damakkofte.com.tr\/index.php\/wp-json\/wp\/v2\/pages\/167\/revisions"}],"predecessor-version":[{"id":444,"href":"https:\/\/www.damakkofte.com.tr\/index.php\/wp-json\/wp\/v2\/pages\/167\/revisions\/444"}],"wp:attachment":[{"href":"https:\/\/www.damakkofte.com.tr\/index.php\/wp-json\/wp\/v2\/media?parent=167"}],"curies":[{"name":"wp","href":"https:\/\/api.w.org\/{rel}","templated":true}]}}