{"id":168,"date":"2022-06-07T16:29:03","date_gmt":"2022-06-07T13:29:03","guid":{"rendered":"https:\/\/www.followtech.net\/damak\/?page_id=168"},"modified":"2022-06-19T15:31:19","modified_gmt":"2022-06-19T12:31:19","slug":"hindi-kofte-cesitleri","status":"publish","type":"page","link":"https:\/\/www.damakkofte.com.tr\/index.php\/hindi-kofte-cesitleri\/","title":{"rendered":"Hindi K\u00f6fte \u00c7e\u015fitleri"},"content":{"rendered":"\n<p>%100 hindi k\u0131ymas\u0131yla \u00fcretilen hindi k\u00f6ftelerimiz, protein a\u00e7\u0131s\u0131ndan zengin oldu\u011fundan sa\u011fl\u0131kl\u0131 beslenmek isteyen t\u00fcketicilerin ba\u015fl\u0131ca tercihi&#8230;<\/p>\n\n\n\n<div class=\"wp-block-group is-content-justification-center is-nowrap is-layout-flex wp-container-core-group-is-layout-94bc23d7 wp-block-group-is-layout-flex\">\n<figure class=\"wp-block-image size-large is-resized\"><img loading=\"lazy\" decoding=\"async\" src=\"https:\/\/www.damakkofte.com.tr\/wp-content\/uploads\/2022\/06\/Hindi-Parmak-400-633x1024.png\" alt=\"\" class=\"wp-image-327\" width=\"158\" height=\"256\" srcset=\"https:\/\/www.damakkofte.com.tr\/wp-content\/uploads\/2022\/06\/Hindi-Parmak-400-633x1024.png 633w, https:\/\/www.damakkofte.com.tr\/wp-content\/uploads\/2022\/06\/Hindi-Parmak-400-185x300.png 185w, https:\/\/www.damakkofte.com.tr\/wp-content\/uploads\/2022\/06\/Hindi-Parmak-400-768x1243.png 768w, https:\/\/www.damakkofte.com.tr\/wp-content\/uploads\/2022\/06\/Hindi-Parmak-400.png 927w\" sizes=\"auto, (max-width: 158px) 100vw, 158px\" \/><figcaption>Parmak K\u00f6fte<\/figcaption><\/figure>\n\n\n\n<figure class=\"wp-block-image size-large is-resized\"><img loading=\"lazy\" decoding=\"async\" src=\"https:\/\/www.damakkofte.com.tr\/wp-content\/uploads\/2022\/06\/Hindi-Kasap-400-622x1024.png\" alt=\"\" class=\"wp-image-328\" width=\"156\" height=\"256\" srcset=\"https:\/\/www.damakkofte.com.tr\/wp-content\/uploads\/2022\/06\/Hindi-Kasap-400-622x1024.png 622w, https:\/\/www.damakkofte.com.tr\/wp-content\/uploads\/2022\/06\/Hindi-Kasap-400-182x300.png 182w, https:\/\/www.damakkofte.com.tr\/wp-content\/uploads\/2022\/06\/Hindi-Kasap-400-768x1265.png 768w, https:\/\/www.damakkofte.com.tr\/wp-content\/uploads\/2022\/06\/Hindi-Kasap-400.png 911w\" sizes=\"auto, (max-width: 156px) 100vw, 156px\" \/><figcaption>Kasap K\u00f6fte<\/figcaption><\/figure>\n\n\n\n<figure class=\"wp-block-image size-large is-resized\"><img loading=\"lazy\" decoding=\"async\" src=\"https:\/\/www.damakkofte.com.tr\/wp-content\/uploads\/2022\/06\/Hindi-Kasap-Oval-400-618x1024.png\" alt=\"\" class=\"wp-image-330\" width=\"155\" height=\"256\" srcset=\"https:\/\/www.damakkofte.com.tr\/wp-content\/uploads\/2022\/06\/Hindi-Kasap-Oval-400-618x1024.png 618w, https:\/\/www.damakkofte.com.tr\/wp-content\/uploads\/2022\/06\/Hindi-Kasap-Oval-400-181x300.png 181w, https:\/\/www.damakkofte.com.tr\/wp-content\/uploads\/2022\/06\/Hindi-Kasap-Oval-400-768x1272.png 768w, https:\/\/www.damakkofte.com.tr\/wp-content\/uploads\/2022\/06\/Hindi-Kasap-Oval-400.png 906w\" sizes=\"auto, (max-width: 155px) 100vw, 155px\" \/><figcaption>Oval Kasap K\u00f6fte<\/figcaption><\/figure>\n\n\n\n<figure class=\"wp-block-image size-large is-resized\"><img loading=\"lazy\" decoding=\"async\" src=\"https:\/\/www.damakkofte.com.tr\/wp-content\/uploads\/2022\/06\/Hindi-Hamburger-400-622x1024.png\" alt=\"\" class=\"wp-image-329\" width=\"156\" height=\"256\" srcset=\"https:\/\/www.damakkofte.com.tr\/wp-content\/uploads\/2022\/06\/Hindi-Hamburger-400-622x1024.png 622w, https:\/\/www.damakkofte.com.tr\/wp-content\/uploads\/2022\/06\/Hindi-Hamburger-400-182x300.png 182w, https:\/\/www.damakkofte.com.tr\/wp-content\/uploads\/2022\/06\/Hindi-Hamburger-400-768x1265.png 768w, https:\/\/www.damakkofte.com.tr\/wp-content\/uploads\/2022\/06\/Hindi-Hamburger-400.png 911w\" sizes=\"auto, (max-width: 156px) 100vw, 156px\" \/><figcaption>Hamburger K\u00f6fte<\/figcaption><\/figure>\n<\/div>\n\n\n\n<div class=\"wp-block-group is-content-justification-center is-nowrap is-layout-flex wp-container-core-group-is-layout-94bc23d7 wp-block-group-is-layout-flex\">\n<figure class=\"wp-block-image size-large is-resized\"><img loading=\"lazy\" decoding=\"async\" src=\"https:\/\/www.damakkofte.com.tr\/wp-content\/uploads\/2022\/06\/Hindi-Inegol-400-624x1024.png\" alt=\"\" class=\"wp-image-331\" width=\"156\" height=\"256\" srcset=\"https:\/\/www.damakkofte.com.tr\/wp-content\/uploads\/2022\/06\/Hindi-Inegol-400-624x1024.png 624w, https:\/\/www.damakkofte.com.tr\/wp-content\/uploads\/2022\/06\/Hindi-Inegol-400-183x300.png 183w, https:\/\/www.damakkofte.com.tr\/wp-content\/uploads\/2022\/06\/Hindi-Inegol-400-768x1260.png 768w, https:\/\/www.damakkofte.com.tr\/wp-content\/uploads\/2022\/06\/Hindi-Inegol-400.png 914w\" sizes=\"auto, (max-width: 156px) 100vw, 156px\" \/><figcaption>\u0130neg\u00f6l K\u00f6fte<\/figcaption><\/figure>\n\n\n\n<figure class=\"wp-block-image size-large is-resized\"><img loading=\"lazy\" decoding=\"async\" src=\"https:\/\/www.damakkofte.com.tr\/wp-content\/uploads\/2022\/06\/Hindi-Izgara-400-634x1024.png\" alt=\"\" class=\"wp-image-332\" width=\"159\" height=\"256\" srcset=\"https:\/\/www.damakkofte.com.tr\/wp-content\/uploads\/2022\/06\/Hindi-Izgara-400-634x1024.png 634w, https:\/\/www.damakkofte.com.tr\/wp-content\/uploads\/2022\/06\/Hindi-Izgara-400-186x300.png 186w, https:\/\/www.damakkofte.com.tr\/wp-content\/uploads\/2022\/06\/Hindi-Izgara-400-768x1241.png 768w, https:\/\/www.damakkofte.com.tr\/wp-content\/uploads\/2022\/06\/Hindi-Izgara-400.png 928w\" sizes=\"auto, (max-width: 159px) 100vw, 159px\" \/><figcaption>Izgara K\u00f6fte<\/figcaption><\/figure>\n\n\n\n<figure class=\"wp-block-image size-large is-resized\"><img loading=\"lazy\" decoding=\"async\" src=\"https:\/\/www.damakkofte.com.tr\/wp-content\/uploads\/2022\/06\/Hindi-Izmir-400-624x1024.png\" alt=\"\" class=\"wp-image-333\" width=\"156\" height=\"256\" srcset=\"https:\/\/www.damakkofte.com.tr\/wp-content\/uploads\/2022\/06\/Hindi-Izmir-400-624x1024.png 624w, https:\/\/www.damakkofte.com.tr\/wp-content\/uploads\/2022\/06\/Hindi-Izmir-400-183x300.png 183w, https:\/\/www.damakkofte.com.tr\/wp-content\/uploads\/2022\/06\/Hindi-Izmir-400-768x1260.png 768w, https:\/\/www.damakkofte.com.tr\/wp-content\/uploads\/2022\/06\/Hindi-Izmir-400.png 914w\" sizes=\"auto, (max-width: 156px) 100vw, 156px\" \/><figcaption>\u0130zmir K\u00f6fte<\/figcaption><\/figure>\n\n\n\n<figure class=\"wp-block-image size-large is-resized\"><img loading=\"lazy\" decoding=\"async\" src=\"https:\/\/www.damakkofte.com.tr\/wp-content\/uploads\/2022\/06\/Hindi-Misket-400-629x1024.png\" alt=\"\" class=\"wp-image-334\" width=\"157\" height=\"256\" srcset=\"https:\/\/www.damakkofte.com.tr\/wp-content\/uploads\/2022\/06\/Hindi-Misket-400-629x1024.png 629w, https:\/\/www.damakkofte.com.tr\/wp-content\/uploads\/2022\/06\/Hindi-Misket-400-184x300.png 184w, https:\/\/www.damakkofte.com.tr\/wp-content\/uploads\/2022\/06\/Hindi-Misket-400-768x1249.png 768w, https:\/\/www.damakkofte.com.tr\/wp-content\/uploads\/2022\/06\/Hindi-Misket-400.png 922w\" sizes=\"auto, (max-width: 157px) 100vw, 157px\" \/><figcaption>Misket K\u00f6fte<\/figcaption><\/figure>\n<\/div>\n\n\n\n<div class=\"wp-block-group is-content-justification-center is-nowrap is-layout-flex wp-container-core-group-is-layout-94bc23d7 wp-block-group-is-layout-flex\">\n<figure class=\"wp-block-image size-large is-resized\"><img loading=\"lazy\" decoding=\"async\" src=\"https:\/\/www.damakkofte.com.tr\/wp-content\/uploads\/2022\/06\/Hindi-Sucuk-400-kopya-627x1024.png\" alt=\"\" class=\"wp-image-335\" width=\"157\" height=\"256\" srcset=\"https:\/\/www.damakkofte.com.tr\/wp-content\/uploads\/2022\/06\/Hindi-Sucuk-400-kopya-627x1024.png 627w, https:\/\/www.damakkofte.com.tr\/wp-content\/uploads\/2022\/06\/Hindi-Sucuk-400-kopya-184x300.png 184w, https:\/\/www.damakkofte.com.tr\/wp-content\/uploads\/2022\/06\/Hindi-Sucuk-400-kopya-768x1255.png 768w, https:\/\/www.damakkofte.com.tr\/wp-content\/uploads\/2022\/06\/Hindi-Sucuk-400-kopya.png 918w\" sizes=\"auto, (max-width: 157px) 100vw, 157px\" \/><figcaption>Sucuk K\u00f6fte<\/figcaption><\/figure>\n\n\n\n<figure class=\"wp-block-image size-large is-resized\"><img loading=\"lazy\" decoding=\"async\" src=\"https:\/\/www.damakkofte.com.tr\/wp-content\/uploads\/2022\/06\/Hindi-Sucuk-Hamburger-400-636x1024.png\" alt=\"\" class=\"wp-image-336\" width=\"159\" height=\"256\" srcset=\"https:\/\/www.damakkofte.com.tr\/wp-content\/uploads\/2022\/06\/Hindi-Sucuk-Hamburger-400-636x1024.png 636w, https:\/\/www.damakkofte.com.tr\/wp-content\/uploads\/2022\/06\/Hindi-Sucuk-Hamburger-400-186x300.png 186w, https:\/\/www.damakkofte.com.tr\/wp-content\/uploads\/2022\/06\/Hindi-Sucuk-Hamburger-400-768x1236.png 768w, https:\/\/www.damakkofte.com.tr\/wp-content\/uploads\/2022\/06\/Hindi-Sucuk-Hamburger-400.png 932w\" sizes=\"auto, (max-width: 159px) 100vw, 159px\" \/><figcaption>Sucuk Hamburger K\u00f6fte<\/figcaption><\/figure>\n<\/div>\n","protected":false},"excerpt":{"rendered":"<p>%100 hindi k\u0131ymas\u0131yla \u00fcretilen hindi k\u00f6ftelerimiz, protein a\u00e7\u0131s\u0131ndan zengin oldu\u011fundan sa\u011fl\u0131kl\u0131 beslenmek isteyen t\u00fcketicilerin ba\u015fl\u0131ca tercihi&#8230;<\/p>\n","protected":false},"author":1,"featured_media":0,"parent":0,"menu_order":0,"comment_status":"closed","ping_status":"closed","template":"templates\/template-page-full-width.php","meta":{"footnotes":""},"class_list":["post-168","page","type-page","status-publish","hentry"],"_links":{"self":[{"href":"https:\/\/www.damakkofte.com.tr\/index.php\/wp-json\/wp\/v2\/pages\/168","targetHints":{"allow":["GET"]}}],"collection":[{"href":"https:\/\/www.damakkofte.com.tr\/index.php\/wp-json\/wp\/v2\/pages"}],"about":[{"href":"https:\/\/www.damakkofte.com.tr\/index.php\/wp-json\/wp\/v2\/types\/page"}],"author":[{"embeddable":true,"href":"https:\/\/www.damakkofte.com.tr\/index.php\/wp-json\/wp\/v2\/users\/1"}],"replies":[{"embeddable":true,"href":"https:\/\/www.damakkofte.com.tr\/index.php\/wp-json\/wp\/v2\/comments?post=168"}],"version-history":[{"count":4,"href":"https:\/\/www.damakkofte.com.tr\/index.php\/wp-json\/wp\/v2\/pages\/168\/revisions"}],"predecessor-version":[{"id":461,"href":"https:\/\/www.damakkofte.com.tr\/index.php\/wp-json\/wp\/v2\/pages\/168\/revisions\/461"}],"wp:attachment":[{"href":"https:\/\/www.damakkofte.com.tr\/index.php\/wp-json\/wp\/v2\/media?parent=168"}],"curies":[{"name":"wp","href":"https:\/\/api.w.org\/{rel}","templated":true}]}}