{"id":169,"date":"2022-06-07T16:29:03","date_gmt":"2022-06-07T13:29:03","guid":{"rendered":"https:\/\/www.followtech.net\/damak\/?page_id=169"},"modified":"2022-06-19T15:36:42","modified_gmt":"2022-06-19T12:36:42","slug":"pilic-kofte-cesitleri","status":"publish","type":"page","link":"https:\/\/www.damakkofte.com.tr\/index.php\/pilic-kofte-cesitleri\/","title":{"rendered":"Pili\u00e7 K\u00f6fte \u00c7e\u015fitleri"},"content":{"rendered":"\n<p>%100 pili\u00e7 bonfilesiyle \u00fcretilen k\u00f6ftelerimiz, hafifli\u011fi ve benzersiz lezzetiyle yiyenleri m\u00fcptelas\u0131 yap\u0131yor&#8230;<\/p>\n\n\n\n<div class=\"wp-block-group is-content-justification-center is-nowrap is-layout-flex wp-container-core-group-is-layout-94bc23d7 wp-block-group-is-layout-flex\"><div class=\"wp-block-image\">\n<figure class=\"aligncenter size-large is-resized\"><img loading=\"lazy\" decoding=\"async\" src=\"https:\/\/www.damakkofte.com.tr\/wp-content\/uploads\/2022\/06\/Pilic-400-670x1024.png\" alt=\"\" class=\"wp-image-340\" width=\"168\" height=\"256\" srcset=\"https:\/\/www.damakkofte.com.tr\/wp-content\/uploads\/2022\/06\/Pilic-400-670x1024.png 670w, https:\/\/www.damakkofte.com.tr\/wp-content\/uploads\/2022\/06\/Pilic-400-196x300.png 196w, https:\/\/www.damakkofte.com.tr\/wp-content\/uploads\/2022\/06\/Pilic-400-768x1173.png 768w, https:\/\/www.damakkofte.com.tr\/wp-content\/uploads\/2022\/06\/Pilic-400.png 982w\" sizes=\"auto, (max-width: 168px) 100vw, 168px\" \/><\/figure>\n<\/div><\/div>\n","protected":false},"excerpt":{"rendered":"<p>%100 pili\u00e7 bonfilesiyle \u00fcretilen k\u00f6ftelerimiz, hafifli\u011fi ve benzersiz lezzetiyle yiyenleri m\u00fcptelas\u0131 yap\u0131yor&#8230;<\/p>\n","protected":false},"author":1,"featured_media":0,"parent":0,"menu_order":0,"comment_status":"closed","ping_status":"closed","template":"templates\/template-page-full-width.php","meta":{"footnotes":""},"class_list":["post-169","page","type-page","status-publish","hentry"],"_links":{"self":[{"href":"https:\/\/www.damakkofte.com.tr\/index.php\/wp-json\/wp\/v2\/pages\/169","targetHints":{"allow":["GET"]}}],"collection":[{"href":"https:\/\/www.damakkofte.com.tr\/index.php\/wp-json\/wp\/v2\/pages"}],"about":[{"href":"https:\/\/www.damakkofte.com.tr\/index.php\/wp-json\/wp\/v2\/types\/page"}],"author":[{"embeddable":true,"href":"https:\/\/www.damakkofte.com.tr\/index.php\/wp-json\/wp\/v2\/users\/1"}],"replies":[{"embeddable":true,"href":"https:\/\/www.damakkofte.com.tr\/index.php\/wp-json\/wp\/v2\/comments?post=169"}],"version-history":[{"count":3,"href":"https:\/\/www.damakkofte.com.tr\/index.php\/wp-json\/wp\/v2\/pages\/169\/revisions"}],"predecessor-version":[{"id":342,"href":"https:\/\/www.damakkofte.com.tr\/index.php\/wp-json\/wp\/v2\/pages\/169\/revisions\/342"}],"wp:attachment":[{"href":"https:\/\/www.damakkofte.com.tr\/index.php\/wp-json\/wp\/v2\/media?parent=169"}],"curies":[{"name":"wp","href":"https:\/\/api.w.org\/{rel}","templated":true}]}}