{"id":17,"date":"2022-05-30T14:47:39","date_gmt":"2022-05-30T11:47:39","guid":{"rendered":"https:\/\/www.followtech.net\/damak\/?page_id=17"},"modified":"2022-07-24T21:13:23","modified_gmt":"2022-07-24T18:13:23","slug":"urunler","status":"publish","type":"page","link":"https:\/\/www.damakkofte.com.tr\/index.php\/urunler\/","title":{"rendered":"\u00dcr\u00fcnler"},"content":{"rendered":"\n<figure class=\"wp-block-table aligncenter\"><table><tbody><tr><td class=\"has-text-align-center\" data-align=\"center\"><a href=\"https:\/\/www.damakkofte.com.tr\/index.php\/kofte-grubu\/\"><img loading=\"lazy\" decoding=\"async\" width=\"400\" height=\"358\" class=\"wp-image-471\" style=\"width: 400px;\" src=\"https:\/\/www.damakkofte.com.tr\/wp-content\/uploads\/2022\/07\/DSCF4340-site-scaled.jpg\" alt=\"\" srcset=\"https:\/\/www.damakkofte.com.tr\/wp-content\/uploads\/2022\/07\/DSCF4340-site-scaled.jpg 2560w, https:\/\/www.damakkofte.com.tr\/wp-content\/uploads\/2022\/07\/DSCF4340-site-300x268.jpg 300w, https:\/\/www.damakkofte.com.tr\/wp-content\/uploads\/2022\/07\/DSCF4340-site-1024x916.jpg 1024w, https:\/\/www.damakkofte.com.tr\/wp-content\/uploads\/2022\/07\/DSCF4340-site-768x687.jpg 768w, https:\/\/www.damakkofte.com.tr\/wp-content\/uploads\/2022\/07\/DSCF4340-site-1536x1373.jpg 1536w, https:\/\/www.damakkofte.com.tr\/wp-content\/uploads\/2022\/07\/DSCF4340-site-2048x1831.jpg 2048w\" sizes=\"auto, (max-width: 400px) 100vw, 400px\" \/><\/a><br>K\u00f6fte Grubu<\/td><td class=\"has-text-align-center\" data-align=\"center\"><a href=\"https:\/\/www.damakkofte.com.tr\/index.php\/kirmizi-et-cesitleri\/\"><img loading=\"lazy\" decoding=\"async\" width=\"400\" height=\"325\" class=\"wp-image-472\" style=\"width: 400px;\" src=\"https:\/\/www.damakkofte.com.tr\/wp-content\/uploads\/2022\/07\/DSC_1213-site.png\" alt=\"\" srcset=\"https:\/\/www.damakkofte.com.tr\/wp-content\/uploads\/2022\/07\/DSC_1213-site.png 2100w, https:\/\/www.damakkofte.com.tr\/wp-content\/uploads\/2022\/07\/DSC_1213-site-300x243.png 300w, https:\/\/www.damakkofte.com.tr\/wp-content\/uploads\/2022\/07\/DSC_1213-site-1024x831.png 1024w, https:\/\/www.damakkofte.com.tr\/wp-content\/uploads\/2022\/07\/DSC_1213-site-768x623.png 768w, https:\/\/www.damakkofte.com.tr\/wp-content\/uploads\/2022\/07\/DSC_1213-site-1536x1246.png 1536w, https:\/\/www.damakkofte.com.tr\/wp-content\/uploads\/2022\/07\/DSC_1213-site-2048x1662.png 2048w\" sizes=\"auto, (max-width: 400px) 100vw, 400px\" \/><\/a><br>K\u0131rm\u0131z\u0131 Et Grubu<\/td><td class=\"has-text-align-center\" data-align=\"center\"><a href=\"https:\/\/www.damakkofte.com.tr\/index.php\/beyaz-et-cesitleri\/\"><img loading=\"lazy\" decoding=\"async\" width=\"400\" height=\"290\" class=\"wp-image-473\" style=\"width: 400px;\" src=\"https:\/\/www.damakkofte.com.tr\/wp-content\/uploads\/2022\/07\/DSC_1163-site-scaled.jpg\" alt=\"\" srcset=\"https:\/\/www.damakkofte.com.tr\/wp-content\/uploads\/2022\/07\/DSC_1163-site-scaled.jpg 2560w, https:\/\/www.damakkofte.com.tr\/wp-content\/uploads\/2022\/07\/DSC_1163-site-300x217.jpg 300w, https:\/\/www.damakkofte.com.tr\/wp-content\/uploads\/2022\/07\/DSC_1163-site-1024x742.jpg 1024w, https:\/\/www.damakkofte.com.tr\/wp-content\/uploads\/2022\/07\/DSC_1163-site-768x556.jpg 768w, https:\/\/www.damakkofte.com.tr\/wp-content\/uploads\/2022\/07\/DSC_1163-site-1536x1112.jpg 1536w, https:\/\/www.damakkofte.com.tr\/wp-content\/uploads\/2022\/07\/DSC_1163-site-2048x1483.jpg 2048w\" sizes=\"auto, (max-width: 400px) 100vw, 400px\" \/><\/a><br>Beyaz Et Grubu<\/td><\/tr><\/tbody><\/table><\/figure>\n","protected":false},"excerpt":{"rendered":"<p>K\u00f6fte Grubu K\u0131rm\u0131z\u0131 Et Grubu Beyaz Et Grubu<\/p>\n","protected":false},"author":1,"featured_media":0,"parent":0,"menu_order":0,"comment_status":"closed","ping_status":"closed","template":"templates\/template-page-full-width.php","meta":{"footnotes":""},"class_list":["post-17","page","type-page","status-publish","hentry"],"_links":{"self":[{"href":"https:\/\/www.damakkofte.com.tr\/index.php\/wp-json\/wp\/v2\/pages\/17","targetHints":{"allow":["GET"]}}],"collection":[{"href":"https:\/\/www.damakkofte.com.tr\/index.php\/wp-json\/wp\/v2\/pages"}],"about":[{"href":"https:\/\/www.damakkofte.com.tr\/index.php\/wp-json\/wp\/v2\/types\/page"}],"author":[{"embeddable":true,"href":"https:\/\/www.damakkofte.com.tr\/index.php\/wp-json\/wp\/v2\/users\/1"}],"replies":[{"embeddable":true,"href":"https:\/\/www.damakkofte.com.tr\/index.php\/wp-json\/wp\/v2\/comments?post=17"}],"version-history":[{"count":6,"href":"https:\/\/www.damakkofte.com.tr\/index.php\/wp-json\/wp\/v2\/pages\/17\/revisions"}],"predecessor-version":[{"id":478,"href":"https:\/\/www.damakkofte.com.tr\/index.php\/wp-json\/wp\/v2\/pages\/17\/revisions\/478"}],"wp:attachment":[{"href":"https:\/\/www.damakkofte.com.tr\/index.php\/wp-json\/wp\/v2\/media?parent=17"}],"curies":[{"name":"wp","href":"https:\/\/api.w.org\/{rel}","templated":true}]}}