{"id":171,"date":"2022-06-07T16:29:03","date_gmt":"2022-06-07T13:29:03","guid":{"rendered":"https:\/\/www.followtech.net\/damak\/?page_id=171"},"modified":"2022-08-01T18:46:43","modified_gmt":"2022-08-01T15:46:43","slug":"kirmizi-et-cesitleri","status":"publish","type":"page","link":"https:\/\/www.damakkofte.com.tr\/index.php\/kirmizi-et-cesitleri\/","title":{"rendered":"K\u0131rm\u0131z\u0131 Et \u00c7e\u015fitleri"},"content":{"rendered":"\n<figure class=\"wp-block-table\"><table><tbody><tr><td class=\"has-text-align-center\" data-align=\"center\"><img loading=\"lazy\" decoding=\"async\" width=\"300\" height=\"232\" class=\"wp-image-483\" style=\"width: 300px;\" src=\"https:\/\/www.damakkofte.com.tr\/wp-content\/uploads\/2022\/08\/Kiyma-Site.png\" alt=\"\" srcset=\"https:\/\/www.damakkofte.com.tr\/wp-content\/uploads\/2022\/08\/Kiyma-Site.png 2170w, https:\/\/www.damakkofte.com.tr\/wp-content\/uploads\/2022\/08\/Kiyma-Site-300x232.png 300w, https:\/\/www.damakkofte.com.tr\/wp-content\/uploads\/2022\/08\/Kiyma-Site-1024x793.png 1024w, https:\/\/www.damakkofte.com.tr\/wp-content\/uploads\/2022\/08\/Kiyma-Site-768x595.png 768w, https:\/\/www.damakkofte.com.tr\/wp-content\/uploads\/2022\/08\/Kiyma-Site-1536x1189.png 1536w, https:\/\/www.damakkofte.com.tr\/wp-content\/uploads\/2022\/08\/Kiyma-Site-2048x1586.png 2048w\" sizes=\"auto, (max-width: 300px) 100vw, 300px\" \/><br>Dana K\u0131yma<\/td><td class=\"has-text-align-center\" data-align=\"center\"><img loading=\"lazy\" decoding=\"async\" width=\"300\" height=\"168\" class=\"wp-image-484\" style=\"width: 300px;\" src=\"https:\/\/www.damakkofte.com.tr\/wp-content\/uploads\/2022\/08\/Kusabasi-Site.png\" alt=\"\" srcset=\"https:\/\/www.damakkofte.com.tr\/wp-content\/uploads\/2022\/08\/Kusabasi-Site.png 1704w, https:\/\/www.damakkofte.com.tr\/wp-content\/uploads\/2022\/08\/Kusabasi-Site-300x168.png 300w, https:\/\/www.damakkofte.com.tr\/wp-content\/uploads\/2022\/08\/Kusabasi-Site-1024x573.png 1024w, https:\/\/www.damakkofte.com.tr\/wp-content\/uploads\/2022\/08\/Kusabasi-Site-768x430.png 768w, https:\/\/www.damakkofte.com.tr\/wp-content\/uploads\/2022\/08\/Kusabasi-Site-1536x860.png 1536w\" sizes=\"auto, (max-width: 300px) 100vw, 300px\" \/><br>Dana Ku\u015fba\u015f\u0131<\/td><\/tr><\/tbody><\/table><\/figure>\n","protected":false},"excerpt":{"rendered":"<p>Dana K\u0131yma Dana Ku\u015fba\u015f\u0131<\/p>\n","protected":false},"author":1,"featured_media":0,"parent":0,"menu_order":0,"comment_status":"closed","ping_status":"closed","template":"templates\/template-page-full-width.php","meta":{"footnotes":""},"class_list":["post-171","page","type-page","status-publish","hentry"],"_links":{"self":[{"href":"https:\/\/www.damakkofte.com.tr\/index.php\/wp-json\/wp\/v2\/pages\/171","targetHints":{"allow":["GET"]}}],"collection":[{"href":"https:\/\/www.damakkofte.com.tr\/index.php\/wp-json\/wp\/v2\/pages"}],"about":[{"href":"https:\/\/www.damakkofte.com.tr\/index.php\/wp-json\/wp\/v2\/types\/page"}],"author":[{"embeddable":true,"href":"https:\/\/www.damakkofte.com.tr\/index.php\/wp-json\/wp\/v2\/users\/1"}],"replies":[{"embeddable":true,"href":"https:\/\/www.damakkofte.com.tr\/index.php\/wp-json\/wp\/v2\/comments?post=171"}],"version-history":[{"count":3,"href":"https:\/\/www.damakkofte.com.tr\/index.php\/wp-json\/wp\/v2\/pages\/171\/revisions"}],"predecessor-version":[{"id":485,"href":"https:\/\/www.damakkofte.com.tr\/index.php\/wp-json\/wp\/v2\/pages\/171\/revisions\/485"}],"wp:attachment":[{"href":"https:\/\/www.damakkofte.com.tr\/index.php\/wp-json\/wp\/v2\/media?parent=171"}],"curies":[{"name":"wp","href":"https:\/\/api.w.org\/{rel}","templated":true}]}}