{"id":19,"date":"2022-05-30T14:47:39","date_gmt":"2022-05-30T11:47:39","guid":{"rendered":"https:\/\/www.followtech.net\/damak\/?page_id=19"},"modified":"2022-06-17T10:03:25","modified_gmt":"2022-06-17T07:03:25","slug":"satis-noktalarimiz","status":"publish","type":"page","link":"https:\/\/www.damakkofte.com.tr\/index.php\/satis-noktalarimiz\/","title":{"rendered":"Sat\u0131\u015f Noktalar\u0131m\u0131z"},"content":{"rendered":"\n<p><strong>Merkez\/Fabrika:<\/strong> <br>Karadeniz Mahallesi, G\u00f6n\u00fcl Yazar Sokak, No:6 S\u00fcleymanpa\u015fa \/ Tekirda\u011f<br>0531 303 76 10 &#8211; info@damakkofte.com.tr<\/p>\n\n\n\n<p><strong>Sat\u0131\u015f Ma\u011fazam\u0131z &#8211; Damak Et Market:<\/strong><br>Yavuz Mahallesi, H\u00fck\u00fcmet Caddesi, Koca Karde\u015fler Pasaj\u0131, No:20 S\u00fcleymanpa\u015fa \/ Tekirda\u011f<br>0533 767 17 93 &#8211; damaketmarket@gmail.com<\/p>\n\n\n\n<p><strong>Toptan Sat\u0131\u015f Deposu:<\/strong><br>\u00c7iftlik Mahallesi, Toptanc\u0131lar Sitesi Fethiye \/ Mu\u011fla<br>0507 668 61 84<br><\/p>\n","protected":false},"excerpt":{"rendered":"<p>Merkez\/Fabrika: Karadeniz Mahallesi, G\u00f6n\u00fcl Yazar Sokak, No:6 S\u00fcleymanpa\u015fa \/ Tekirda\u011f0531 303 76 10 &#8211; info@damakkofte.com.tr Sat\u0131\u015f Ma\u011fazam\u0131z &#8211; Damak Et Market:Yavuz Mahallesi, H\u00fck\u00fcmet Caddesi, Koca Karde\u015fler Pasaj\u0131, No:20 S\u00fcleymanpa\u015fa \/ Tekirda\u011f0533 767 17 93 &#8211; damaketmarket@gmail.com Toptan Sat\u0131\u015f Deposu:\u00c7iftlik Mahallesi, Toptanc\u0131lar Sitesi Fethiye \/ Mu\u011fla0507 668 61 84<\/p>\n","protected":false},"author":1,"featured_media":0,"parent":0,"menu_order":0,"comment_status":"closed","ping_status":"closed","template":"templates\/template-page-full-width.php","meta":{"footnotes":""},"class_list":["post-19","page","type-page","status-publish","hentry"],"_links":{"self":[{"href":"https:\/\/www.damakkofte.com.tr\/index.php\/wp-json\/wp\/v2\/pages\/19","targetHints":{"allow":["GET"]}}],"collection":[{"href":"https:\/\/www.damakkofte.com.tr\/index.php\/wp-json\/wp\/v2\/pages"}],"about":[{"href":"https:\/\/www.damakkofte.com.tr\/index.php\/wp-json\/wp\/v2\/types\/page"}],"author":[{"embeddable":true,"href":"https:\/\/www.damakkofte.com.tr\/index.php\/wp-json\/wp\/v2\/users\/1"}],"replies":[{"embeddable":true,"href":"https:\/\/www.damakkofte.com.tr\/index.php\/wp-json\/wp\/v2\/comments?post=19"}],"version-history":[{"count":2,"href":"https:\/\/www.damakkofte.com.tr\/index.php\/wp-json\/wp\/v2\/pages\/19\/revisions"}],"predecessor-version":[{"id":113,"href":"https:\/\/www.damakkofte.com.tr\/index.php\/wp-json\/wp\/v2\/pages\/19\/revisions\/113"}],"wp:attachment":[{"href":"https:\/\/www.damakkofte.com.tr\/index.php\/wp-json\/wp\/v2\/media?parent=19"}],"curies":[{"name":"wp","href":"https:\/\/api.w.org\/{rel}","templated":true}]}}