{"id":20,"date":"2022-05-30T14:47:39","date_gmt":"2022-05-30T11:47:39","guid":{"rendered":"https:\/\/www.followtech.net\/damak\/?page_id=20"},"modified":"2022-06-17T10:02:05","modified_gmt":"2022-06-17T07:02:05","slug":"iletisim","status":"publish","type":"page","link":"https:\/\/www.damakkofte.com.tr\/index.php\/iletisim\/","title":{"rendered":"\u0130leti\u015fim"},"content":{"rendered":"\n<p><strong>Merkez:<\/strong><br>Karadeniz Mahallesi, G\u00f6n\u00fcl Yazar Sokak, No:6 S\u00fcleymanpa\u015fa \/ Tekirda\u011f<br>0531 303 76 10 \u2013 info@damakkofte.com.tr<\/p>\n\n\n\n<p><strong>Fabrika \/ \u00dcretim:<\/strong><br>Karadeniz Mahallesi, G\u00f6n\u00fcl Yazar Sokak, No:6 S\u00fcleymanpa\u015fa \/ Tekirda\u011f<br>05331 303 26 03 \u2013 yasemin@damakkofte.com.tr<\/p>\n","protected":false},"excerpt":{"rendered":"<p>Merkez:Karadeniz Mahallesi, G\u00f6n\u00fcl Yazar Sokak, No:6 S\u00fcleymanpa\u015fa \/ Tekirda\u011f0531 303 76 10 \u2013 info@damakkofte.com.tr Fabrika \/ \u00dcretim:Karadeniz Mahallesi, G\u00f6n\u00fcl Yazar Sokak, No:6 S\u00fcleymanpa\u015fa \/ Tekirda\u011f05331 303 26 03 \u2013 yasemin@damakkofte.com.tr<\/p>\n","protected":false},"author":1,"featured_media":0,"parent":0,"menu_order":0,"comment_status":"closed","ping_status":"closed","template":"templates\/template-page-full-width.php","meta":{"footnotes":""},"class_list":["post-20","page","type-page","status-publish","hentry"],"_links":{"self":[{"href":"https:\/\/www.damakkofte.com.tr\/index.php\/wp-json\/wp\/v2\/pages\/20","targetHints":{"allow":["GET"]}}],"collection":[{"href":"https:\/\/www.damakkofte.com.tr\/index.php\/wp-json\/wp\/v2\/pages"}],"about":[{"href":"https:\/\/www.damakkofte.com.tr\/index.php\/wp-json\/wp\/v2\/types\/page"}],"author":[{"embeddable":true,"href":"https:\/\/www.damakkofte.com.tr\/index.php\/wp-json\/wp\/v2\/users\/1"}],"replies":[{"embeddable":true,"href":"https:\/\/www.damakkofte.com.tr\/index.php\/wp-json\/wp\/v2\/comments?post=20"}],"version-history":[{"count":2,"href":"https:\/\/www.damakkofte.com.tr\/index.php\/wp-json\/wp\/v2\/pages\/20\/revisions"}],"predecessor-version":[{"id":120,"href":"https:\/\/www.damakkofte.com.tr\/index.php\/wp-json\/wp\/v2\/pages\/20\/revisions\/120"}],"wp:attachment":[{"href":"https:\/\/www.damakkofte.com.tr\/index.php\/wp-json\/wp\/v2\/media?parent=20"}],"curies":[{"name":"wp","href":"https:\/\/api.w.org\/{rel}","templated":true}]}}