{"id":304,"date":"2022-06-17T14:20:47","date_gmt":"2022-06-17T11:20:47","guid":{"rendered":"https:\/\/www.followtech.net\/damak\/?page_id=304"},"modified":"2022-06-19T14:51:26","modified_gmt":"2022-06-19T11:51:26","slug":"yoretta","status":"publish","type":"page","link":"https:\/\/www.damakkofte.com.tr\/index.php\/yoretta\/","title":{"rendered":"Y\u00f6retta"},"content":{"rendered":"\n<p>Damak K\u00f6fte \u00e7at\u0131s\u0131 alt\u0131nda hayat bulan Y\u00f6retta markas\u0131, dana &amp; s\u0131\u011f\u0131r kar\u0131\u015f\u0131m\u0131 k\u00f6fte \u00e7e\u015fitleri ve hindi k\u00f6fteleriyle pazardaki yerini ald\u0131. <\/p>\n\n\n\n<div class=\"wp-block-group alignwide\"><div class=\"wp-block-group__inner-container is-layout-flow wp-block-group-is-layout-flow\">\n<div class=\"wp-block-group alignwide\"><div class=\"wp-block-group__inner-container is-layout-flow wp-block-group-is-layout-flow\">\n<div class=\"wp-block-group is-content-justification-center is-nowrap is-layout-flex wp-container-core-group-is-layout-94bc23d7 wp-block-group-is-layout-flex\">\n<div class=\"wp-block-columns is-layout-flex wp-container-core-columns-is-layout-9d6595d7 wp-block-columns-is-layout-flex\">\n<div class=\"wp-block-column is-layout-flow wp-block-column-is-layout-flow\" style=\"flex-basis:100%\">\n<figure class=\"wp-block-image size-large is-resized\"><img loading=\"lazy\" decoding=\"async\" src=\"https:\/\/www.damakkofte.com.tr\/wp-content\/uploads\/2022\/06\/Yoretta-Tekirdag-400-620x1024.png\" alt=\"\" class=\"wp-image-313\" width=\"155\" height=\"256\" srcset=\"https:\/\/www.damakkofte.com.tr\/wp-content\/uploads\/2022\/06\/Yoretta-Tekirdag-400-620x1024.png 620w, https:\/\/www.damakkofte.com.tr\/wp-content\/uploads\/2022\/06\/Yoretta-Tekirdag-400-182x300.png 182w, https:\/\/www.damakkofte.com.tr\/wp-content\/uploads\/2022\/06\/Yoretta-Tekirdag-400-768x1269.png 768w, https:\/\/www.damakkofte.com.tr\/wp-content\/uploads\/2022\/06\/Yoretta-Tekirdag-400.png 908w\" sizes=\"auto, (max-width: 155px) 100vw, 155px\" \/><figcaption>   Tekirda\u011f K\u00f6ftesi<\/figcaption><\/figure>\n<\/div>\n<\/div>\n\n\n\n<figure class=\"wp-block-image size-large is-resized\"><img loading=\"lazy\" decoding=\"async\" src=\"https:\/\/www.damakkofte.com.tr\/wp-content\/uploads\/2022\/06\/Yoretta-Kasap-400-618x1024.png\" alt=\"\" class=\"wp-image-314\" width=\"155\" height=\"256\" srcset=\"https:\/\/www.damakkofte.com.tr\/wp-content\/uploads\/2022\/06\/Yoretta-Kasap-400-618x1024.png 618w, https:\/\/www.damakkofte.com.tr\/wp-content\/uploads\/2022\/06\/Yoretta-Kasap-400-181x300.png 181w, https:\/\/www.damakkofte.com.tr\/wp-content\/uploads\/2022\/06\/Yoretta-Kasap-400-768x1272.png 768w, https:\/\/www.damakkofte.com.tr\/wp-content\/uploads\/2022\/06\/Yoretta-Kasap-400.png 906w\" sizes=\"auto, (max-width: 155px) 100vw, 155px\" \/><figcaption>      Kasap K\u00f6fte<\/figcaption><\/figure>\n\n\n\n<figure class=\"wp-block-image size-large is-resized\"><img loading=\"lazy\" decoding=\"async\" src=\"https:\/\/www.damakkofte.com.tr\/wp-content\/uploads\/2022\/06\/Yoretta-Misket-400-626x1024.png\" alt=\"\" class=\"wp-image-315\" width=\"157\" height=\"256\" srcset=\"https:\/\/www.damakkofte.com.tr\/wp-content\/uploads\/2022\/06\/Yoretta-Misket-400-626x1024.png 626w, https:\/\/www.damakkofte.com.tr\/wp-content\/uploads\/2022\/06\/Yoretta-Misket-400-183x300.png 183w, https:\/\/www.damakkofte.com.tr\/wp-content\/uploads\/2022\/06\/Yoretta-Misket-400-768x1256.png 768w, https:\/\/www.damakkofte.com.tr\/wp-content\/uploads\/2022\/06\/Yoretta-Misket-400.png 917w\" sizes=\"auto, (max-width: 157px) 100vw, 157px\" \/><figcaption>      Misket K\u00f6fte<\/figcaption><\/figure>\n\n\n\n<figure class=\"wp-block-image size-large is-resized\"><img loading=\"lazy\" decoding=\"async\" src=\"https:\/\/www.damakkofte.com.tr\/wp-content\/uploads\/2022\/06\/Yoretta-Izgara-400-625x1024.png\" alt=\"\" class=\"wp-image-316\" width=\"156\" height=\"256\" srcset=\"https:\/\/www.damakkofte.com.tr\/wp-content\/uploads\/2022\/06\/Yoretta-Izgara-400-625x1024.png 625w, https:\/\/www.damakkofte.com.tr\/wp-content\/uploads\/2022\/06\/Yoretta-Izgara-400-183x300.png 183w, https:\/\/www.damakkofte.com.tr\/wp-content\/uploads\/2022\/06\/Yoretta-Izgara-400-768x1258.png 768w, https:\/\/www.damakkofte.com.tr\/wp-content\/uploads\/2022\/06\/Yoretta-Izgara-400.png 916w\" sizes=\"auto, (max-width: 156px) 100vw, 156px\" \/><figcaption>      Izgara K\u00f6fte<\/figcaption><\/figure>\n<\/div>\n<\/div><\/div>\n\n\n\n<div class=\"wp-block-group alignwide is-content-justification-center is-nowrap is-layout-flex wp-container-core-group-is-layout-94bc23d7 wp-block-group-is-layout-flex\">\n<div class=\"wp-block-columns is-layout-flex wp-container-core-columns-is-layout-9d6595d7 wp-block-columns-is-layout-flex\">\n<div class=\"wp-block-column is-layout-flow wp-block-column-is-layout-flow\" style=\"flex-basis:100%\">\n<figure class=\"wp-block-image size-large is-resized\"><img loading=\"lazy\" decoding=\"async\" src=\"https:\/\/www.damakkofte.com.tr\/wp-content\/uploads\/2022\/06\/Yoretta-Inegol-1000-689x1024.png\" alt=\"\" class=\"wp-image-317\" width=\"172\" height=\"256\" srcset=\"https:\/\/www.damakkofte.com.tr\/wp-content\/uploads\/2022\/06\/Yoretta-Inegol-1000-689x1024.png 689w, https:\/\/www.damakkofte.com.tr\/wp-content\/uploads\/2022\/06\/Yoretta-Inegol-1000-202x300.png 202w, https:\/\/www.damakkofte.com.tr\/wp-content\/uploads\/2022\/06\/Yoretta-Inegol-1000-768x1142.png 768w, https:\/\/www.damakkofte.com.tr\/wp-content\/uploads\/2022\/06\/Yoretta-Inegol-1000.png 1009w\" sizes=\"auto, (max-width: 172px) 100vw, 172px\" \/><figcaption>       \u0130neg\u00f6l K\u00f6ftesi<\/figcaption><\/figure>\n<\/div>\n<\/div>\n\n\n\n<figure class=\"wp-block-image size-large is-resized\"><img loading=\"lazy\" decoding=\"async\" src=\"https:\/\/www.damakkofte.com.tr\/wp-content\/uploads\/2022\/06\/Yoretta-Izmir-400-621x1024.png\" alt=\"\" class=\"wp-image-318\" width=\"155\" height=\"256\" srcset=\"https:\/\/www.damakkofte.com.tr\/wp-content\/uploads\/2022\/06\/Yoretta-Izmir-400-621x1024.png 621w, https:\/\/www.damakkofte.com.tr\/wp-content\/uploads\/2022\/06\/Yoretta-Izmir-400-182x300.png 182w, https:\/\/www.damakkofte.com.tr\/wp-content\/uploads\/2022\/06\/Yoretta-Izmir-400-768x1267.png 768w, https:\/\/www.damakkofte.com.tr\/wp-content\/uploads\/2022\/06\/Yoretta-Izmir-400-931x1536.png 931w, https:\/\/www.damakkofte.com.tr\/wp-content\/uploads\/2022\/06\/Yoretta-Izmir-400-1242x2048.png 1242w, https:\/\/www.damakkofte.com.tr\/wp-content\/uploads\/2022\/06\/Yoretta-Izmir-400.png 1438w\" sizes=\"auto, (max-width: 155px) 100vw, 155px\" \/><figcaption>      \u0130zmir K\u00f6fte<\/figcaption><\/figure>\n\n\n\n<figure class=\"wp-block-image size-large is-resized\"><img loading=\"lazy\" decoding=\"async\" src=\"https:\/\/www.damakkofte.com.tr\/wp-content\/uploads\/2022\/06\/Yoretta-Hamburger-400-627x1024.png\" alt=\"\" class=\"wp-image-319\" width=\"157\" height=\"256\" srcset=\"https:\/\/www.damakkofte.com.tr\/wp-content\/uploads\/2022\/06\/Yoretta-Hamburger-400-627x1024.png 627w, https:\/\/www.damakkofte.com.tr\/wp-content\/uploads\/2022\/06\/Yoretta-Hamburger-400-184x300.png 184w, https:\/\/www.damakkofte.com.tr\/wp-content\/uploads\/2022\/06\/Yoretta-Hamburger-400-768x1255.png 768w, https:\/\/www.damakkofte.com.tr\/wp-content\/uploads\/2022\/06\/Yoretta-Hamburger-400.png 918w\" sizes=\"auto, (max-width: 157px) 100vw, 157px\" \/><figcaption>   Hamburger K\u00f6fte<\/figcaption><\/figure>\n<\/div>\n<\/div><\/div>\n","protected":false},"excerpt":{"rendered":"<p>Damak K\u00f6fte \u00e7at\u0131s\u0131 alt\u0131nda hayat bulan Y\u00f6retta markas\u0131, dana &amp; s\u0131\u011f\u0131r kar\u0131\u015f\u0131m\u0131 k\u00f6fte \u00e7e\u015fitleri ve hindi k\u00f6fteleriyle pazardaki yerini ald\u0131.<\/p>\n","protected":false},"author":1,"featured_media":0,"parent":0,"menu_order":0,"comment_status":"closed","ping_status":"closed","template":"templates\/template-page-full-width.php","meta":{"footnotes":""},"class_list":["post-304","page","type-page","status-publish","hentry"],"_links":{"self":[{"href":"https:\/\/www.damakkofte.com.tr\/index.php\/wp-json\/wp\/v2\/pages\/304","targetHints":{"allow":["GET"]}}],"collection":[{"href":"https:\/\/www.damakkofte.com.tr\/index.php\/wp-json\/wp\/v2\/pages"}],"about":[{"href":"https:\/\/www.damakkofte.com.tr\/index.php\/wp-json\/wp\/v2\/types\/page"}],"author":[{"embeddable":true,"href":"https:\/\/www.damakkofte.com.tr\/index.php\/wp-json\/wp\/v2\/users\/1"}],"replies":[{"embeddable":true,"href":"https:\/\/www.damakkofte.com.tr\/index.php\/wp-json\/wp\/v2\/comments?post=304"}],"version-history":[{"count":7,"href":"https:\/\/www.damakkofte.com.tr\/index.php\/wp-json\/wp\/v2\/pages\/304\/revisions"}],"predecessor-version":[{"id":323,"href":"https:\/\/www.damakkofte.com.tr\/index.php\/wp-json\/wp\/v2\/pages\/304\/revisions\/323"}],"wp:attachment":[{"href":"https:\/\/www.damakkofte.com.tr\/index.php\/wp-json\/wp\/v2\/media?parent=304"}],"curies":[{"name":"wp","href":"https:\/\/api.w.org\/{rel}","templated":true}]}}