{"id":31,"date":"2022-05-30T15:30:38","date_gmt":"2022-05-30T12:30:38","guid":{"rendered":"https:\/\/www.followtech.net\/damak\/?page_id=31"},"modified":"2022-06-14T15:05:43","modified_gmt":"2022-06-14T12:05:43","slug":"etkinlikler","status":"publish","type":"page","link":"https:\/\/www.damakkofte.com.tr\/index.php\/etkinlikler\/","title":{"rendered":"Etkinlikler"},"content":{"rendered":"\n<p class=\"has-medium-font-size\"><strong>Mart 2022 [Gastro Fethiye Fuar\u0131]<\/strong><\/p>\n\n\n\n<div class=\"wp-block-group\"><div class=\"wp-block-group__inner-container is-layout-flow wp-block-group-is-layout-flow\"><div class=\"wp-block-image\">\n<figure class=\"aligncenter size-large is-resized\"><img loading=\"lazy\" decoding=\"async\" src=\"https:\/\/www.damakkofte.com.tr\/wp-content\/uploads\/2022\/06\/275999231_4914479542004919_2689557764348500549_n-1024x1024.jpg\" alt=\"\" class=\"wp-image-143\" width=\"472\" height=\"472\" srcset=\"https:\/\/www.damakkofte.com.tr\/wp-content\/uploads\/2022\/06\/275999231_4914479542004919_2689557764348500549_n-1024x1024.jpg 1024w, https:\/\/www.damakkofte.com.tr\/wp-content\/uploads\/2022\/06\/275999231_4914479542004919_2689557764348500549_n-300x300.jpg 300w, https:\/\/www.damakkofte.com.tr\/wp-content\/uploads\/2022\/06\/275999231_4914479542004919_2689557764348500549_n-150x150.jpg 150w, https:\/\/www.damakkofte.com.tr\/wp-content\/uploads\/2022\/06\/275999231_4914479542004919_2689557764348500549_n-768x768.jpg 768w, https:\/\/www.damakkofte.com.tr\/wp-content\/uploads\/2022\/06\/275999231_4914479542004919_2689557764348500549_n.jpg 1440w\" sizes=\"auto, (max-width: 472px) 100vw, 472px\" \/><\/figure>\n<\/div>\n\n\n<div class=\"wp-block-group\"><div class=\"wp-block-group__inner-container is-layout-flow wp-block-group-is-layout-flow\">\n<div class=\"wp-block-group is-nowrap is-layout-flex wp-container-core-group-is-layout-ad2f72ca wp-block-group-is-layout-flex\">\n<figure class=\"wp-block-image size-large is-resized\"><img loading=\"lazy\" decoding=\"async\" src=\"https:\/\/www.damakkofte.com.tr\/wp-content\/uploads\/2022\/06\/276173844_4914479558671584_3988822057933894600_n-1024x1024.jpg\" alt=\"\" class=\"wp-image-144\" width=\"340\" height=\"340\" srcset=\"https:\/\/www.damakkofte.com.tr\/wp-content\/uploads\/2022\/06\/276173844_4914479558671584_3988822057933894600_n-1024x1024.jpg 1024w, https:\/\/www.damakkofte.com.tr\/wp-content\/uploads\/2022\/06\/276173844_4914479558671584_3988822057933894600_n-300x300.jpg 300w, https:\/\/www.damakkofte.com.tr\/wp-content\/uploads\/2022\/06\/276173844_4914479558671584_3988822057933894600_n-150x150.jpg 150w, https:\/\/www.damakkofte.com.tr\/wp-content\/uploads\/2022\/06\/276173844_4914479558671584_3988822057933894600_n-768x768.jpg 768w, https:\/\/www.damakkofte.com.tr\/wp-content\/uploads\/2022\/06\/276173844_4914479558671584_3988822057933894600_n.jpg 1200w\" sizes=\"auto, (max-width: 340px) 100vw, 340px\" \/><\/figure>\n\n\n\n<figure class=\"wp-block-image size-large is-resized\"><img loading=\"lazy\" decoding=\"async\" src=\"https:\/\/www.damakkofte.com.tr\/wp-content\/uploads\/2022\/06\/275999231_4914479565338250_4975871776621149856_n-1024x1024.jpg\" alt=\"\" class=\"wp-image-145\" width=\"344\" height=\"344\" srcset=\"https:\/\/www.damakkofte.com.tr\/wp-content\/uploads\/2022\/06\/275999231_4914479565338250_4975871776621149856_n-1024x1024.jpg 1024w, https:\/\/www.damakkofte.com.tr\/wp-content\/uploads\/2022\/06\/275999231_4914479565338250_4975871776621149856_n-300x300.jpg 300w, https:\/\/www.damakkofte.com.tr\/wp-content\/uploads\/2022\/06\/275999231_4914479565338250_4975871776621149856_n-150x150.jpg 150w, https:\/\/www.damakkofte.com.tr\/wp-content\/uploads\/2022\/06\/275999231_4914479565338250_4975871776621149856_n-768x768.jpg 768w, https:\/\/www.damakkofte.com.tr\/wp-content\/uploads\/2022\/06\/275999231_4914479565338250_4975871776621149856_n.jpg 1200w\" sizes=\"auto, (max-width: 344px) 100vw, 344px\" \/><\/figure>\n\n\n\n<figure class=\"wp-block-image size-large is-resized\"><img loading=\"lazy\" decoding=\"async\" src=\"https:\/\/www.damakkofte.com.tr\/wp-content\/uploads\/2022\/06\/275990751_4914479545338252_8121432140903702777_n-1024x1024.jpg\" alt=\"\" class=\"wp-image-146\" width=\"342\" height=\"342\" srcset=\"https:\/\/www.damakkofte.com.tr\/wp-content\/uploads\/2022\/06\/275990751_4914479545338252_8121432140903702777_n-1024x1024.jpg 1024w, https:\/\/www.damakkofte.com.tr\/wp-content\/uploads\/2022\/06\/275990751_4914479545338252_8121432140903702777_n-300x300.jpg 300w, https:\/\/www.damakkofte.com.tr\/wp-content\/uploads\/2022\/06\/275990751_4914479545338252_8121432140903702777_n-150x150.jpg 150w, https:\/\/www.damakkofte.com.tr\/wp-content\/uploads\/2022\/06\/275990751_4914479545338252_8121432140903702777_n-768x768.jpg 768w, https:\/\/www.damakkofte.com.tr\/wp-content\/uploads\/2022\/06\/275990751_4914479545338252_8121432140903702777_n.jpg 1200w\" sizes=\"auto, (max-width: 342px) 100vw, 342px\" \/><\/figure>\n<\/div>\n<\/div><\/div>\n\n\n\n<div class=\"wp-block-group is-content-justification-center is-nowrap is-layout-flex wp-container-core-group-is-layout-94bc23d7 wp-block-group-is-layout-flex\">\n<div class=\"wp-block-group\"><div class=\"wp-block-group__inner-container is-layout-flow wp-block-group-is-layout-flow\">\n<div class=\"wp-block-columns is-layout-flex wp-container-core-columns-is-layout-9d6595d7 wp-block-columns-is-layout-flex\">\n<div class=\"wp-block-column is-layout-flow wp-block-column-is-layout-flow\" style=\"flex-basis:50%\">\n<div class=\"wp-block-group\"><div class=\"wp-block-group__inner-container is-layout-flow wp-block-group-is-layout-flow\">\n<figure class=\"wp-block-image size-large is-resized\"><img loading=\"lazy\" decoding=\"async\" src=\"https:\/\/www.damakkofte.com.tr\/wp-content\/uploads\/2022\/06\/276281832_4914479555338251_123737199940101046_n-1024x1024.jpg\" alt=\"\" class=\"wp-image-147\" width=\"342\" height=\"342\" srcset=\"https:\/\/www.damakkofte.com.tr\/wp-content\/uploads\/2022\/06\/276281832_4914479555338251_123737199940101046_n-1024x1024.jpg 1024w, https:\/\/www.damakkofte.com.tr\/wp-content\/uploads\/2022\/06\/276281832_4914479555338251_123737199940101046_n-300x300.jpg 300w, https:\/\/www.damakkofte.com.tr\/wp-content\/uploads\/2022\/06\/276281832_4914479555338251_123737199940101046_n-150x150.jpg 150w, https:\/\/www.damakkofte.com.tr\/wp-content\/uploads\/2022\/06\/276281832_4914479555338251_123737199940101046_n-768x768.jpg 768w, https:\/\/www.damakkofte.com.tr\/wp-content\/uploads\/2022\/06\/276281832_4914479555338251_123737199940101046_n.jpg 1200w\" sizes=\"auto, (max-width: 342px) 100vw, 342px\" \/><\/figure>\n\n\n\n<figure class=\"wp-block-image size-large is-resized\"><img loading=\"lazy\" decoding=\"async\" src=\"https:\/\/www.damakkofte.com.tr\/wp-content\/uploads\/2022\/06\/276020974_4914479552004918_3221638342245578474_n-1024x1024.jpg\" alt=\"\" class=\"wp-image-148\" width=\"343\" height=\"343\" srcset=\"https:\/\/www.damakkofte.com.tr\/wp-content\/uploads\/2022\/06\/276020974_4914479552004918_3221638342245578474_n-1024x1024.jpg 1024w, https:\/\/www.damakkofte.com.tr\/wp-content\/uploads\/2022\/06\/276020974_4914479552004918_3221638342245578474_n-300x300.jpg 300w, https:\/\/www.damakkofte.com.tr\/wp-content\/uploads\/2022\/06\/276020974_4914479552004918_3221638342245578474_n-150x150.jpg 150w, https:\/\/www.damakkofte.com.tr\/wp-content\/uploads\/2022\/06\/276020974_4914479552004918_3221638342245578474_n-768x768.jpg 768w, https:\/\/www.damakkofte.com.tr\/wp-content\/uploads\/2022\/06\/276020974_4914479552004918_3221638342245578474_n.jpg 1440w\" sizes=\"auto, (max-width: 343px) 100vw, 343px\" \/><\/figure>\n<\/div><\/div>\n<\/div>\n\n\n\n<div class=\"wp-block-column is-layout-flow wp-block-column-is-layout-flow\" style=\"flex-basis:50%\">\n<figure class=\"wp-block-image size-large is-resized\"><img loading=\"lazy\" decoding=\"async\" src=\"https:\/\/www.damakkofte.com.tr\/wp-content\/uploads\/2022\/06\/275986712_4914479562004917_512825785387956983_n-1024x1024.jpg\" alt=\"\" class=\"wp-image-149\" width=\"343\" height=\"343\" srcset=\"https:\/\/www.damakkofte.com.tr\/wp-content\/uploads\/2022\/06\/275986712_4914479562004917_512825785387956983_n-1024x1024.jpg 1024w, https:\/\/www.damakkofte.com.tr\/wp-content\/uploads\/2022\/06\/275986712_4914479562004917_512825785387956983_n-300x300.jpg 300w, https:\/\/www.damakkofte.com.tr\/wp-content\/uploads\/2022\/06\/275986712_4914479562004917_512825785387956983_n-150x150.jpg 150w, https:\/\/www.damakkofte.com.tr\/wp-content\/uploads\/2022\/06\/275986712_4914479562004917_512825785387956983_n-768x768.jpg 768w, https:\/\/www.damakkofte.com.tr\/wp-content\/uploads\/2022\/06\/275986712_4914479562004917_512825785387956983_n.jpg 1440w\" sizes=\"auto, (max-width: 343px) 100vw, 343px\" \/><\/figure>\n\n\n\n<figure class=\"wp-block-image size-large is-resized\"><img loading=\"lazy\" decoding=\"async\" src=\"https:\/\/www.damakkofte.com.tr\/wp-content\/uploads\/2022\/06\/276316069_4914479535338253_6993380280420642382_n-1024x1024.jpg\" alt=\"\" class=\"wp-image-150\" width=\"346\" height=\"346\" srcset=\"https:\/\/www.damakkofte.com.tr\/wp-content\/uploads\/2022\/06\/276316069_4914479535338253_6993380280420642382_n-1024x1024.jpg 1024w, https:\/\/www.damakkofte.com.tr\/wp-content\/uploads\/2022\/06\/276316069_4914479535338253_6993380280420642382_n-300x300.jpg 300w, https:\/\/www.damakkofte.com.tr\/wp-content\/uploads\/2022\/06\/276316069_4914479535338253_6993380280420642382_n-150x150.jpg 150w, https:\/\/www.damakkofte.com.tr\/wp-content\/uploads\/2022\/06\/276316069_4914479535338253_6993380280420642382_n-768x768.jpg 768w, https:\/\/www.damakkofte.com.tr\/wp-content\/uploads\/2022\/06\/276316069_4914479535338253_6993380280420642382_n.jpg 1440w\" sizes=\"auto, (max-width: 346px) 100vw, 346px\" \/><\/figure>\n<\/div>\n<\/div>\n<\/div><\/div>\n<\/div>\n<\/div><\/div>\n\n\n\n<p><\/p>\n\n\n\n<p><\/p>\n\n\n\n<p class=\"has-medium-font-size\"><strong>Nisan &#8211; 2017 [Nam\u0131k Kemal \u00dcniversitesi &#8211; G\u0131da B\u00f6l\u00fcm\u00fc Ziyareti]<\/strong><\/p>\n\n\n\n<div class=\"wp-block-group\"><div class=\"wp-block-group__inner-container is-layout-flow wp-block-group-is-layout-flow\">\n<div class=\"wp-block-group is-nowrap is-layout-flex wp-container-core-group-is-layout-ad2f72ca wp-block-group-is-layout-flex\">\n<figure class=\"wp-block-image size-large is-resized\"><img loading=\"lazy\" decoding=\"async\" src=\"https:\/\/www.damakkofte.com.tr\/wp-content\/uploads\/2022\/06\/383beb96-6751-4fd3-8b03-edade7532b65-768x1024.jpg\" alt=\"\" class=\"wp-image-139\" width=\"392\" height=\"523\" srcset=\"https:\/\/www.damakkofte.com.tr\/wp-content\/uploads\/2022\/06\/383beb96-6751-4fd3-8b03-edade7532b65-768x1024.jpg 768w, https:\/\/www.damakkofte.com.tr\/wp-content\/uploads\/2022\/06\/383beb96-6751-4fd3-8b03-edade7532b65-225x300.jpg 225w, https:\/\/www.damakkofte.com.tr\/wp-content\/uploads\/2022\/06\/383beb96-6751-4fd3-8b03-edade7532b65.jpg 960w\" sizes=\"auto, (max-width: 392px) 100vw, 392px\" \/><\/figure>\n\n\n\n<figure class=\"wp-block-image size-large is-resized\"><img loading=\"lazy\" decoding=\"async\" src=\"https:\/\/www.damakkofte.com.tr\/wp-content\/uploads\/2022\/06\/39611b3e-cce0-41c5-9641-403d1d272274-1024x576.jpg\" alt=\"\" class=\"wp-image-140\" width=\"795\" height=\"446\" srcset=\"https:\/\/www.damakkofte.com.tr\/wp-content\/uploads\/2022\/06\/39611b3e-cce0-41c5-9641-403d1d272274-1024x576.jpg 1024w, https:\/\/www.damakkofte.com.tr\/wp-content\/uploads\/2022\/06\/39611b3e-cce0-41c5-9641-403d1d272274-300x169.jpg 300w, https:\/\/www.damakkofte.com.tr\/wp-content\/uploads\/2022\/06\/39611b3e-cce0-41c5-9641-403d1d272274-768x432.jpg 768w\" sizes=\"auto, (max-width: 795px) 100vw, 795px\" \/><\/figure>\n<\/div>\n<\/div><\/div>\n\n\n\n<p><\/p>\n\n\n\n<p><\/p>\n\n\n\n<p class=\"has-medium-font-size\"><strong>\u015eubat &#8211; 2017 [Antalya &#8211; Anfa\u015f G\u0131da Fuar\u0131]<\/strong><\/p>\n\n\n\n<div class=\"wp-block-group\"><div class=\"wp-block-group__inner-container is-layout-flow wp-block-group-is-layout-flow\">\n<div class=\"wp-block-group alignfull\"><div class=\"wp-block-group__inner-container is-layout-flow wp-block-group-is-layout-flow\"><div class=\"wp-block-image\">\n<figure class=\"aligncenter size-full is-resized\"><img loading=\"lazy\" decoding=\"async\" src=\"https:\/\/www.damakkofte.com.tr\/wp-content\/uploads\/2022\/06\/409edafb-5d69-49a8-9560-9c4114220c4b-copy.jpg\" alt=\"\" class=\"wp-image-130\" width=\"631\" height=\"566\" srcset=\"https:\/\/www.damakkofte.com.tr\/wp-content\/uploads\/2022\/06\/409edafb-5d69-49a8-9560-9c4114220c4b-copy.jpg 960w, https:\/\/www.damakkofte.com.tr\/wp-content\/uploads\/2022\/06\/409edafb-5d69-49a8-9560-9c4114220c4b-copy-300x269.jpg 300w, https:\/\/www.damakkofte.com.tr\/wp-content\/uploads\/2022\/06\/409edafb-5d69-49a8-9560-9c4114220c4b-copy-768x690.jpg 768w\" sizes=\"auto, (max-width: 631px) 100vw, 631px\" \/><\/figure>\n<\/div>\n\n\n<div class=\"wp-block-group\"><div class=\"wp-block-group__inner-container is-layout-flow wp-block-group-is-layout-flow\">\n<div class=\"wp-block-group is-nowrap is-layout-flex wp-container-core-group-is-layout-ad2f72ca wp-block-group-is-layout-flex\">\n<figure class=\"wp-block-image size-large is-resized\"><img loading=\"lazy\" decoding=\"async\" src=\"https:\/\/www.damakkofte.com.tr\/wp-content\/uploads\/2022\/06\/49fefdf5-09f9-480c-9ac8-9d58e78c8032-576x1024.jpg\" alt=\"\" class=\"wp-image-132\" width=\"388\" height=\"690\" srcset=\"https:\/\/www.damakkofte.com.tr\/wp-content\/uploads\/2022\/06\/49fefdf5-09f9-480c-9ac8-9d58e78c8032-576x1024.jpg 576w, https:\/\/www.damakkofte.com.tr\/wp-content\/uploads\/2022\/06\/49fefdf5-09f9-480c-9ac8-9d58e78c8032-169x300.jpg 169w, https:\/\/www.damakkofte.com.tr\/wp-content\/uploads\/2022\/06\/49fefdf5-09f9-480c-9ac8-9d58e78c8032.jpg 720w\" sizes=\"auto, (max-width: 388px) 100vw, 388px\" \/><\/figure>\n\n\n\n<figure class=\"wp-block-image size-large is-resized\"><img loading=\"lazy\" decoding=\"async\" src=\"https:\/\/www.damakkofte.com.tr\/wp-content\/uploads\/2022\/06\/50b12682-dda0-4e80-976f-28b2723ebe02-576x1024.jpg\" alt=\"\" class=\"wp-image-134\" width=\"388\" height=\"690\" srcset=\"https:\/\/www.damakkofte.com.tr\/wp-content\/uploads\/2022\/06\/50b12682-dda0-4e80-976f-28b2723ebe02-576x1024.jpg 576w, https:\/\/www.damakkofte.com.tr\/wp-content\/uploads\/2022\/06\/50b12682-dda0-4e80-976f-28b2723ebe02-169x300.jpg 169w, https:\/\/www.damakkofte.com.tr\/wp-content\/uploads\/2022\/06\/50b12682-dda0-4e80-976f-28b2723ebe02.jpg 720w\" sizes=\"auto, (max-width: 388px) 100vw, 388px\" \/><\/figure>\n<\/div>\n<\/div><\/div>\n<\/div><\/div>\n\n\n\n<div class=\"wp-block-group alignfull\"><div class=\"wp-block-group__inner-container is-layout-flow wp-block-group-is-layout-flow\">\n<div class=\"wp-block-group is-nowrap is-layout-flex wp-container-core-group-is-layout-ad2f72ca wp-block-group-is-layout-flex\">\n<div class=\"wp-block-columns is-layout-flex wp-container-core-columns-is-layout-9d6595d7 wp-block-columns-is-layout-flex\">\n<div class=\"wp-block-column is-layout-flow wp-block-column-is-layout-flow\" style=\"flex-basis:100%\">\n<div class=\"wp-block-group\"><div class=\"wp-block-group__inner-container is-layout-flow wp-block-group-is-layout-flow\">\n<div class=\"wp-block-columns are-vertically-aligned-center is-layout-flex wp-container-core-columns-is-layout-9d6595d7 wp-block-columns-is-layout-flex\">\n<div class=\"wp-block-column is-vertically-aligned-center is-layout-flow wp-block-column-is-layout-flow\" style=\"flex-basis:100%\">\n<div class=\"wp-block-group\"><div class=\"wp-block-group__inner-container is-layout-flow wp-block-group-is-layout-flow\">\n<div class=\"wp-block-group\"><div class=\"wp-block-group__inner-container is-layout-flow wp-block-group-is-layout-flow\">\n<div class=\"wp-block-group is-content-justification-center is-nowrap is-layout-flex wp-container-core-group-is-layout-94bc23d7 wp-block-group-is-layout-flex\">\n<figure class=\"wp-block-image size-large is-resized\"><img loading=\"lazy\" decoding=\"async\" src=\"https:\/\/www.damakkofte.com.tr\/wp-content\/uploads\/2022\/06\/118b84eb-09b6-43a3-8560-027ddf901638-576x1024.jpg\" alt=\"\" class=\"wp-image-135\" width=\"390\" height=\"694\" srcset=\"https:\/\/www.damakkofte.com.tr\/wp-content\/uploads\/2022\/06\/118b84eb-09b6-43a3-8560-027ddf901638-576x1024.jpg 576w, https:\/\/www.damakkofte.com.tr\/wp-content\/uploads\/2022\/06\/118b84eb-09b6-43a3-8560-027ddf901638-169x300.jpg 169w, https:\/\/www.damakkofte.com.tr\/wp-content\/uploads\/2022\/06\/118b84eb-09b6-43a3-8560-027ddf901638.jpg 720w\" sizes=\"auto, (max-width: 390px) 100vw, 390px\" \/><\/figure>\n\n\n\n<figure class=\"wp-block-image size-large is-resized\"><img loading=\"lazy\" decoding=\"async\" src=\"https:\/\/www.damakkofte.com.tr\/wp-content\/uploads\/2022\/06\/25545c34-8bc9-45e5-8b7b-fc565a5c27be-576x1024.jpg\" alt=\"\" class=\"wp-image-136\" width=\"389\" height=\"691\" srcset=\"https:\/\/www.damakkofte.com.tr\/wp-content\/uploads\/2022\/06\/25545c34-8bc9-45e5-8b7b-fc565a5c27be-576x1024.jpg 576w, https:\/\/www.damakkofte.com.tr\/wp-content\/uploads\/2022\/06\/25545c34-8bc9-45e5-8b7b-fc565a5c27be-169x300.jpg 169w, https:\/\/www.damakkofte.com.tr\/wp-content\/uploads\/2022\/06\/25545c34-8bc9-45e5-8b7b-fc565a5c27be.jpg 720w\" sizes=\"auto, (max-width: 389px) 100vw, 389px\" \/><\/figure>\n<\/div>\n<\/div><\/div>\n<\/div><\/div>\n<\/div>\n<\/div>\n<\/div><\/div>\n<\/div>\n<\/div>\n<\/div>\n<\/div><\/div>\n<\/div><\/div>\n\n\n<div class=\"wp-block-image\">\n<figure class=\"aligncenter size-large is-resized\"><img loading=\"lazy\" decoding=\"async\" src=\"https:\/\/www.damakkofte.com.tr\/wp-content\/uploads\/2022\/06\/ce89e8dc-b185-4592-8207-d476df97b86f-576x1024.jpg\" alt=\"\" class=\"wp-image-137\" width=\"634\" height=\"1128\" srcset=\"https:\/\/www.damakkofte.com.tr\/wp-content\/uploads\/2022\/06\/ce89e8dc-b185-4592-8207-d476df97b86f-576x1024.jpg 576w, https:\/\/www.damakkofte.com.tr\/wp-content\/uploads\/2022\/06\/ce89e8dc-b185-4592-8207-d476df97b86f-169x300.jpg 169w, https:\/\/www.damakkofte.com.tr\/wp-content\/uploads\/2022\/06\/ce89e8dc-b185-4592-8207-d476df97b86f.jpg 720w\" sizes=\"auto, (max-width: 634px) 100vw, 634px\" \/><\/figure>\n<\/div>\n\n<div class=\"wp-block-image\">\n<figure class=\"aligncenter size-large\"><img loading=\"lazy\" decoding=\"async\" width=\"1024\" height=\"576\" src=\"https:\/\/www.damakkofte.com.tr\/wp-content\/uploads\/2022\/06\/ecaf1ec0-012c-49c5-bffa-1f78f7dd3688-1024x576.jpg\" alt=\"\" class=\"wp-image-138\" srcset=\"https:\/\/www.damakkofte.com.tr\/wp-content\/uploads\/2022\/06\/ecaf1ec0-012c-49c5-bffa-1f78f7dd3688-1024x576.jpg 1024w, https:\/\/www.damakkofte.com.tr\/wp-content\/uploads\/2022\/06\/ecaf1ec0-012c-49c5-bffa-1f78f7dd3688-300x169.jpg 300w, https:\/\/www.damakkofte.com.tr\/wp-content\/uploads\/2022\/06\/ecaf1ec0-012c-49c5-bffa-1f78f7dd3688-768x432.jpg 768w, https:\/\/www.damakkofte.com.tr\/wp-content\/uploads\/2022\/06\/ecaf1ec0-012c-49c5-bffa-1f78f7dd3688.jpg 1280w\" sizes=\"auto, (max-width: 1024px) 100vw, 1024px\" \/><\/figure>\n<\/div>\n\n\n<p><\/p>\n\n\n\n<p><\/p>\n\n\n\n<p class=\"has-medium-font-size\"><strong>Haziran &#8211; 2016 [Tekirda\u011f Kiraz Festivali]<\/strong><\/p>\n\n\n<div class=\"wp-block-image\">\n<figure class=\"aligncenter size-large is-resized\"><img loading=\"lazy\" decoding=\"async\" src=\"https:\/\/www.damakkofte.com.tr\/wp-content\/uploads\/2022\/06\/IMG_0389-1024x768.jpg\" alt=\"\" class=\"wp-image-123\" width=\"840\" height=\"631\" srcset=\"https:\/\/www.damakkofte.com.tr\/wp-content\/uploads\/2022\/06\/IMG_0389-1024x768.jpg 1024w, https:\/\/www.damakkofte.com.tr\/wp-content\/uploads\/2022\/06\/IMG_0389-300x225.jpg 300w, https:\/\/www.damakkofte.com.tr\/wp-content\/uploads\/2022\/06\/IMG_0389-768x576.jpg 768w, https:\/\/www.damakkofte.com.tr\/wp-content\/uploads\/2022\/06\/IMG_0389-1536x1152.jpg 1536w, https:\/\/www.damakkofte.com.tr\/wp-content\/uploads\/2022\/06\/IMG_0389.jpg 2016w\" sizes=\"auto, (max-width: 840px) 100vw, 840px\" \/><\/figure>\n<\/div>\n\n<div class=\"wp-block-image\">\n<figure class=\"aligncenter size-large\"><img loading=\"lazy\" decoding=\"async\" width=\"1024\" height=\"768\" src=\"https:\/\/www.damakkofte.com.tr\/wp-content\/uploads\/2022\/06\/IMG_0391-1024x768.jpg\" alt=\"\" class=\"wp-image-124\" srcset=\"https:\/\/www.damakkofte.com.tr\/wp-content\/uploads\/2022\/06\/IMG_0391-1024x768.jpg 1024w, https:\/\/www.damakkofte.com.tr\/wp-content\/uploads\/2022\/06\/IMG_0391-300x225.jpg 300w, https:\/\/www.damakkofte.com.tr\/wp-content\/uploads\/2022\/06\/IMG_0391-768x576.jpg 768w, https:\/\/www.damakkofte.com.tr\/wp-content\/uploads\/2022\/06\/IMG_0391-1536x1152.jpg 1536w, https:\/\/www.damakkofte.com.tr\/wp-content\/uploads\/2022\/06\/IMG_0391.jpg 2016w\" sizes=\"auto, (max-width: 1024px) 100vw, 1024px\" \/><\/figure>\n<\/div>\n\n<div class=\"wp-block-image\">\n<figure class=\"aligncenter size-large is-resized\"><img loading=\"lazy\" decoding=\"async\" src=\"https:\/\/www.damakkofte.com.tr\/wp-content\/uploads\/2022\/06\/IMG_0398-768x1024.jpg\" alt=\"\" class=\"wp-image-125\" width=\"420\" height=\"560\" srcset=\"https:\/\/www.damakkofte.com.tr\/wp-content\/uploads\/2022\/06\/IMG_0398-768x1024.jpg 768w, https:\/\/www.damakkofte.com.tr\/wp-content\/uploads\/2022\/06\/IMG_0398-225x300.jpg 225w, https:\/\/www.damakkofte.com.tr\/wp-content\/uploads\/2022\/06\/IMG_0398-1152x1536.jpg 1152w, https:\/\/www.damakkofte.com.tr\/wp-content\/uploads\/2022\/06\/IMG_0398-rotated.jpg 1512w\" sizes=\"auto, (max-width: 420px) 100vw, 420px\" \/><\/figure>\n<\/div>\n\n<div class=\"wp-block-image\">\n<figure class=\"aligncenter size-large\"><img loading=\"lazy\" decoding=\"async\" width=\"1024\" height=\"768\" src=\"https:\/\/www.damakkofte.com.tr\/wp-content\/uploads\/2022\/06\/WhatsApp-Image-20160602-1024x768.jpg\" alt=\"\" class=\"wp-image-127\" srcset=\"https:\/\/www.damakkofte.com.tr\/wp-content\/uploads\/2022\/06\/WhatsApp-Image-20160602-1024x768.jpg 1024w, https:\/\/www.damakkofte.com.tr\/wp-content\/uploads\/2022\/06\/WhatsApp-Image-20160602-300x225.jpg 300w, https:\/\/www.damakkofte.com.tr\/wp-content\/uploads\/2022\/06\/WhatsApp-Image-20160602-768x576.jpg 768w, https:\/\/www.damakkofte.com.tr\/wp-content\/uploads\/2022\/06\/WhatsApp-Image-20160602.jpg 1280w\" sizes=\"auto, (max-width: 1024px) 100vw, 1024px\" \/><\/figure>\n<\/div>","protected":false},"excerpt":{"rendered":"<p>Mart 2022 [Gastro Fethiye Fuar\u0131] Nisan &#8211; 2017 [Nam\u0131k Kemal \u00dcniversitesi &#8211; G\u0131da B\u00f6l\u00fcm\u00fc Ziyareti] \u015eubat &#8211; 2017 [Antalya &#8211; Anfa\u015f G\u0131da Fuar\u0131] Haziran &#8211; 2016 [Tekirda\u011f Kiraz Festivali]<\/p>\n","protected":false},"author":1,"featured_media":0,"parent":0,"menu_order":0,"comment_status":"closed","ping_status":"closed","template":"templates\/template-page-full-width.php","meta":{"footnotes":""},"class_list":["post-31","page","type-page","status-publish","hentry"],"_links":{"self":[{"href":"https:\/\/www.damakkofte.com.tr\/index.php\/wp-json\/wp\/v2\/pages\/31","targetHints":{"allow":["GET"]}}],"collection":[{"href":"https:\/\/www.damakkofte.com.tr\/index.php\/wp-json\/wp\/v2\/pages"}],"about":[{"href":"https:\/\/www.damakkofte.com.tr\/index.php\/wp-json\/wp\/v2\/types\/page"}],"author":[{"embeddable":true,"href":"https:\/\/www.damakkofte.com.tr\/index.php\/wp-json\/wp\/v2\/users\/1"}],"replies":[{"embeddable":true,"href":"https:\/\/www.damakkofte.com.tr\/index.php\/wp-json\/wp\/v2\/comments?post=31"}],"version-history":[{"count":16,"href":"https:\/\/www.damakkofte.com.tr\/index.php\/wp-json\/wp\/v2\/pages\/31\/revisions"}],"predecessor-version":[{"id":260,"href":"https:\/\/www.damakkofte.com.tr\/index.php\/wp-json\/wp\/v2\/pages\/31\/revisions\/260"}],"wp:attachment":[{"href":"https:\/\/www.damakkofte.com.tr\/index.php\/wp-json\/wp\/v2\/media?parent=31"}],"curies":[{"name":"wp","href":"https:\/\/api.w.org\/{rel}","templated":true}]}}