{"id":345,"date":"2022-07-11T22:27:35","date_gmt":"2022-07-11T19:27:35","guid":{"rendered":"https:\/\/www.damakkofte.com.tr\/?page_id=345"},"modified":"2022-08-09T16:27:25","modified_gmt":"2022-08-09T13:27:25","slug":"damak-meshur-tekirdag-koftesi","status":"publish","type":"page","link":"https:\/\/www.damakkofte.com.tr\/index.php\/damak-meshur-tekirdag-koftesi\/","title":{"rendered":"Damak Me\u015fhur Tekirda\u011f K\u00f6ftesi"},"content":{"rendered":"\n<figure class=\"wp-block-gallery has-nested-images columns-default is-cropped wp-block-gallery-1 is-layout-flex wp-block-gallery-is-layout-flex\">\n<figure class=\"wp-block-image size-large\"><img loading=\"lazy\" decoding=\"async\" width=\"771\" height=\"1024\" data-id=\"348\" src=\"https:\/\/www.damakkofte.com.tr\/wp-content\/uploads\/2022\/07\/Damak-Tekirdag-400-771x1024.png\" alt=\"\" class=\"wp-image-348\" srcset=\"https:\/\/www.damakkofte.com.tr\/wp-content\/uploads\/2022\/07\/Damak-Tekirdag-400-771x1024.png 771w, https:\/\/www.damakkofte.com.tr\/wp-content\/uploads\/2022\/07\/Damak-Tekirdag-400-226x300.png 226w, https:\/\/www.damakkofte.com.tr\/wp-content\/uploads\/2022\/07\/Damak-Tekirdag-400-768x1020.png 768w, https:\/\/www.damakkofte.com.tr\/wp-content\/uploads\/2022\/07\/Damak-Tekirdag-400-1157x1536.png 1157w, https:\/\/www.damakkofte.com.tr\/wp-content\/uploads\/2022\/07\/Damak-Tekirdag-400-1542x2048.png 1542w\" sizes=\"auto, (max-width: 771px) 100vw, 771px\" \/><figcaption>400 GR<\/figcaption><\/figure>\n\n\n\n<figure class=\"wp-block-image size-large\"><img loading=\"lazy\" decoding=\"async\" width=\"677\" height=\"1024\" data-id=\"347\" src=\"https:\/\/www.damakkofte.com.tr\/wp-content\/uploads\/2022\/07\/Damak-Tekirdag-1000-677x1024.png\" alt=\"\" class=\"wp-image-347\" srcset=\"https:\/\/www.damakkofte.com.tr\/wp-content\/uploads\/2022\/07\/Damak-Tekirdag-1000-677x1024.png 677w, https:\/\/www.damakkofte.com.tr\/wp-content\/uploads\/2022\/07\/Damak-Tekirdag-1000-198x300.png 198w, https:\/\/www.damakkofte.com.tr\/wp-content\/uploads\/2022\/07\/Damak-Tekirdag-1000-768x1162.png 768w, https:\/\/www.damakkofte.com.tr\/wp-content\/uploads\/2022\/07\/Damak-Tekirdag-1000-1015x1536.png 1015w, https:\/\/www.damakkofte.com.tr\/wp-content\/uploads\/2022\/07\/Damak-Tekirdag-1000-1353x2048.png 1353w, https:\/\/www.damakkofte.com.tr\/wp-content\/uploads\/2022\/07\/Damak-Tekirdag-1000.png 1763w\" sizes=\"auto, (max-width: 677px) 100vw, 677px\" \/><figcaption>1000 GR<\/figcaption><\/figure>\n\n\n\n<figure class=\"wp-block-image size-medium\"><a href=\"https:\/\/www.damakkofte.com.tr\/wp-content\/uploads\/2022\/07\/Damak-Tekirdag-5000.png\"><img loading=\"lazy\" decoding=\"async\" width=\"293\" height=\"300\" data-id=\"349\" src=\"https:\/\/www.damakkofte.com.tr\/wp-content\/uploads\/2022\/07\/Damak-Tekirdag-5000-293x300.png\" alt=\"\" class=\"wp-image-349\" srcset=\"https:\/\/www.damakkofte.com.tr\/wp-content\/uploads\/2022\/07\/Damak-Tekirdag-5000-293x300.png 293w, https:\/\/www.damakkofte.com.tr\/wp-content\/uploads\/2022\/07\/Damak-Tekirdag-5000-999x1024.png 999w, https:\/\/www.damakkofte.com.tr\/wp-content\/uploads\/2022\/07\/Damak-Tekirdag-5000-768x787.png 768w, https:\/\/www.damakkofte.com.tr\/wp-content\/uploads\/2022\/07\/Damak-Tekirdag-5000-1498x1536.png 1498w, https:\/\/www.damakkofte.com.tr\/wp-content\/uploads\/2022\/07\/Damak-Tekirdag-5000-1998x2048.png 1998w\" sizes=\"auto, (max-width: 293px) 100vw, 293px\" \/><\/a><figcaption>5000 GR Koli<\/figcaption><\/figure>\n\n\n\n<figure class=\"wp-block-image size-large\"><img loading=\"lazy\" decoding=\"async\" width=\"1024\" height=\"561\" data-id=\"346\" src=\"https:\/\/www.damakkofte.com.tr\/wp-content\/uploads\/2022\/07\/Damak-Tekirdag-5000-1-1024x561.png\" alt=\"\" class=\"wp-image-346\" srcset=\"https:\/\/www.damakkofte.com.tr\/wp-content\/uploads\/2022\/07\/Damak-Tekirdag-5000-1-1024x561.png 1024w, https:\/\/www.damakkofte.com.tr\/wp-content\/uploads\/2022\/07\/Damak-Tekirdag-5000-1-300x164.png 300w, https:\/\/www.damakkofte.com.tr\/wp-content\/uploads\/2022\/07\/Damak-Tekirdag-5000-1-768x421.png 768w, https:\/\/www.damakkofte.com.tr\/wp-content\/uploads\/2022\/07\/Damak-Tekirdag-5000-1-1536x842.png 1536w, https:\/\/www.damakkofte.com.tr\/wp-content\/uploads\/2022\/07\/Damak-Tekirdag-5000-1-2048x1122.png 2048w\" sizes=\"auto, (max-width: 1024px) 100vw, 1024px\" \/><figcaption>5000 GR Koli<\/figcaption><\/figure>\n<\/figure>\n\n\n\n<figure class=\"wp-block-gallery has-nested-images columns-default is-cropped wp-block-gallery-2 is-layout-flex wp-block-gallery-is-layout-flex\">\n<figure class=\"wp-block-image size-large\"><img loading=\"lazy\" decoding=\"async\" width=\"2120\" height=\"2815\" data-id=\"348\" src=\"https:\/\/www.damakkofte.com.tr\/wp-content\/uploads\/2022\/07\/Damak-Tekirdag-400.png\" alt=\"\" class=\"wp-image-348\" srcset=\"https:\/\/www.damakkofte.com.tr\/wp-content\/uploads\/2022\/07\/Damak-Tekirdag-400.png 2120w, https:\/\/www.damakkofte.com.tr\/wp-content\/uploads\/2022\/07\/Damak-Tekirdag-400-226x300.png 226w, https:\/\/www.damakkofte.com.tr\/wp-content\/uploads\/2022\/07\/Damak-Tekirdag-400-771x1024.png 771w, https:\/\/www.damakkofte.com.tr\/wp-content\/uploads\/2022\/07\/Damak-Tekirdag-400-768x1020.png 768w, https:\/\/www.damakkofte.com.tr\/wp-content\/uploads\/2022\/07\/Damak-Tekirdag-400-1157x1536.png 1157w, https:\/\/www.damakkofte.com.tr\/wp-content\/uploads\/2022\/07\/Damak-Tekirdag-400-1542x2048.png 1542w\" sizes=\"auto, (max-width: 2120px) 100vw, 2120px\" \/><\/figure>\n\n\n\n<figure class=\"wp-block-image size-large\"><img loading=\"lazy\" decoding=\"async\" width=\"1763\" height=\"2668\" data-id=\"347\" src=\"https:\/\/www.damakkofte.com.tr\/wp-content\/uploads\/2022\/07\/Damak-Tekirdag-1000.png\" alt=\"\" class=\"wp-image-347\" srcset=\"https:\/\/www.damakkofte.com.tr\/wp-content\/uploads\/2022\/07\/Damak-Tekirdag-1000.png 1763w, https:\/\/www.damakkofte.com.tr\/wp-content\/uploads\/2022\/07\/Damak-Tekirdag-1000-198x300.png 198w, https:\/\/www.damakkofte.com.tr\/wp-content\/uploads\/2022\/07\/Damak-Tekirdag-1000-677x1024.png 677w, https:\/\/www.damakkofte.com.tr\/wp-content\/uploads\/2022\/07\/Damak-Tekirdag-1000-768x1162.png 768w, https:\/\/www.damakkofte.com.tr\/wp-content\/uploads\/2022\/07\/Damak-Tekirdag-1000-1015x1536.png 1015w, https:\/\/www.damakkofte.com.tr\/wp-content\/uploads\/2022\/07\/Damak-Tekirdag-1000-1353x2048.png 1353w\" sizes=\"auto, (max-width: 1763px) 100vw, 1763px\" \/><\/figure>\n\n\n\n<figure class=\"wp-block-image size-large\"><img loading=\"lazy\" decoding=\"async\" width=\"2893\" height=\"2966\" data-id=\"349\" src=\"https:\/\/www.damakkofte.com.tr\/wp-content\/uploads\/2022\/07\/Damak-Tekirdag-5000.png\" alt=\"\" class=\"wp-image-349\" srcset=\"https:\/\/www.damakkofte.com.tr\/wp-content\/uploads\/2022\/07\/Damak-Tekirdag-5000.png 2893w, https:\/\/www.damakkofte.com.tr\/wp-content\/uploads\/2022\/07\/Damak-Tekirdag-5000-293x300.png 293w, https:\/\/www.damakkofte.com.tr\/wp-content\/uploads\/2022\/07\/Damak-Tekirdag-5000-999x1024.png 999w, https:\/\/www.damakkofte.com.tr\/wp-content\/uploads\/2022\/07\/Damak-Tekirdag-5000-768x787.png 768w, https:\/\/www.damakkofte.com.tr\/wp-content\/uploads\/2022\/07\/Damak-Tekirdag-5000-1498x1536.png 1498w, https:\/\/www.damakkofte.com.tr\/wp-content\/uploads\/2022\/07\/Damak-Tekirdag-5000-1998x2048.png 1998w\" sizes=\"auto, (max-width: 2893px) 100vw, 2893px\" \/><\/figure>\n<\/figure>\n\n\n\n<p>Dana etinden \u00fcretilmi\u015ftir. Et sinirleri ayr\u0131ld\u0131ktan sonra \u00e7ekilerek k\u0131yma haline gelir. Gerekli malzemeler hamura eklendikten sonra olu\u015fan kar\u0131\u015f\u0131m iki defa daha \u00e7ekilir ve yo\u011frulur. Markam\u0131za tescilli olan \u201cme\u015fhur\u201d Tekirda\u011f k\u00f6ftesinin standart formu verilir.<\/p>\n\n\n\n<figure class=\"wp-block-table is-style-stripes\"><table><tbody><tr><td class=\"has-text-align-center\" data-align=\"center\"><strong>Tane Gramaj<\/strong><\/td><td class=\"has-text-align-center\" data-align=\"center\"><strong>Paket Gramaj<\/strong><\/td><td class=\"has-text-align-center\" data-align=\"center\"><strong>Paket Adet<\/strong><\/td><\/tr><tr><td class=\"has-text-align-center\" data-align=\"center\">16-17<\/td><td class=\"has-text-align-center\" data-align=\"center\">250<\/td><td class=\"has-text-align-center\" data-align=\"center\">14-15<\/td><\/tr><tr><td class=\"has-text-align-center\" data-align=\"center\">16-17<\/td><td class=\"has-text-align-center\" data-align=\"center\">300<\/td><td class=\"has-text-align-center\" data-align=\"center\">17-19<\/td><\/tr><tr><td class=\"has-text-align-center\" data-align=\"center\">16-17<\/td><td class=\"has-text-align-center\" data-align=\"center\">400<\/td><td class=\"has-text-align-center\" data-align=\"center\">22-24<\/td><\/tr><tr><td class=\"has-text-align-center\" data-align=\"center\">16-17<\/td><td class=\"has-text-align-center\" data-align=\"center\">1000<\/td><td class=\"has-text-align-center\" data-align=\"center\">60-62<\/td><\/tr><tr><td class=\"has-text-align-center\" data-align=\"center\">16-17<\/td><td class=\"has-text-align-center\" data-align=\"center\">5000<\/td><td class=\"has-text-align-center\" data-align=\"center\">300-305<\/td><\/tr><\/tbody><\/table><\/figure>\n\n\n\n<p>Pi\u015firme \u00d6nerisi: Oluklu \u0131zgarada pi\u015firilmesi tercih edilir. Izgara metalinin \u0131s\u0131nd\u0131ktan sonra pi\u015firilmesi uygundur. Izgarada kolayca d\u00f6nd\u00fcr\u00fclebilmesi i\u00e7in k\u00f6fte rulo \u015feklindedir. Trakya&#8217;n\u0131n lezzetli k\u0131rm\u0131z\u0131 ac\u0131 biberlerinden yap\u0131lan ac\u0131 sos ile t\u00fcketildi\u011finde i\u015ftah\u0131n a\u00e7\u0131lmas\u0131n\u0131n yan\u0131 s\u0131ra k\u00f6fteye lezzet katmaktad\u0131r.<\/p>\n\n\n\n<figure class=\"wp-block-gallery has-nested-images columns-default is-cropped wp-block-gallery-3 is-layout-flex wp-block-gallery-is-layout-flex\">\n<figure class=\"wp-block-image size-large\"><img loading=\"lazy\" decoding=\"async\" width=\"684\" height=\"1024\" data-id=\"351\" src=\"https:\/\/www.damakkofte.com.tr\/wp-content\/uploads\/2022\/07\/7978ad51-13b2-4793-b33b-f1d58a5c82a9-684x1024.jpg\" alt=\"\" class=\"wp-image-351\" srcset=\"https:\/\/www.damakkofte.com.tr\/wp-content\/uploads\/2022\/07\/7978ad51-13b2-4793-b33b-f1d58a5c82a9-684x1024.jpg 684w, https:\/\/www.damakkofte.com.tr\/wp-content\/uploads\/2022\/07\/7978ad51-13b2-4793-b33b-f1d58a5c82a9-200x300.jpg 200w, https:\/\/www.damakkofte.com.tr\/wp-content\/uploads\/2022\/07\/7978ad51-13b2-4793-b33b-f1d58a5c82a9-768x1151.jpg 768w, https:\/\/www.damakkofte.com.tr\/wp-content\/uploads\/2022\/07\/7978ad51-13b2-4793-b33b-f1d58a5c82a9-1025x1536.jpg 1025w, https:\/\/www.damakkofte.com.tr\/wp-content\/uploads\/2022\/07\/7978ad51-13b2-4793-b33b-f1d58a5c82a9.jpg 1068w\" sizes=\"auto, (max-width: 684px) 100vw, 684px\" \/><\/figure>\n\n\n\n<figure class=\"wp-block-image size-large\"><img loading=\"lazy\" decoding=\"async\" width=\"1024\" height=\"684\" data-id=\"350\" src=\"https:\/\/www.damakkofte.com.tr\/wp-content\/uploads\/2022\/07\/ae4ddfec-f0c1-4268-99fd-a364c4c94bc1-1024x684.jpg\" alt=\"\" class=\"wp-image-350\" srcset=\"https:\/\/www.damakkofte.com.tr\/wp-content\/uploads\/2022\/07\/ae4ddfec-f0c1-4268-99fd-a364c4c94bc1-1024x684.jpg 1024w, https:\/\/www.damakkofte.com.tr\/wp-content\/uploads\/2022\/07\/ae4ddfec-f0c1-4268-99fd-a364c4c94bc1-300x200.jpg 300w, https:\/\/www.damakkofte.com.tr\/wp-content\/uploads\/2022\/07\/ae4ddfec-f0c1-4268-99fd-a364c4c94bc1-768x513.jpg 768w, https:\/\/www.damakkofte.com.tr\/wp-content\/uploads\/2022\/07\/ae4ddfec-f0c1-4268-99fd-a364c4c94bc1-1536x1025.jpg 1536w, https:\/\/www.damakkofte.com.tr\/wp-content\/uploads\/2022\/07\/ae4ddfec-f0c1-4268-99fd-a364c4c94bc1.jpg 1600w\" sizes=\"auto, (max-width: 1024px) 100vw, 1024px\" \/><\/figure>\n<\/figure>\n","protected":false},"excerpt":{"rendered":"<p>Dana etinden \u00fcretilmi\u015ftir. Et sinirleri ayr\u0131ld\u0131ktan sonra \u00e7ekilerek k\u0131yma haline gelir. Gerekli malzemeler hamura eklendikten sonra olu\u015fan kar\u0131\u015f\u0131m iki defa daha \u00e7ekilir ve yo\u011frulur. Markam\u0131za tescilli olan \u201cme\u015fhur\u201d Tekirda\u011f k\u00f6ftesinin standart formu verilir. Tane Gramaj Paket Gramaj Paket Adet 16-17 250 14-15 16-17 300 17-19 16-17 400 22-24 16-17 1000 60-62 16-17 5000 300-305 Pi\u015firme [&hellip;]<\/p>\n","protected":false},"author":1,"featured_media":0,"parent":0,"menu_order":0,"comment_status":"closed","ping_status":"closed","template":"templates\/template-page-full-width.php","meta":{"footnotes":""},"class_list":["post-345","page","type-page","status-publish","hentry"],"_links":{"self":[{"href":"https:\/\/www.damakkofte.com.tr\/index.php\/wp-json\/wp\/v2\/pages\/345","targetHints":{"allow":["GET"]}}],"collection":[{"href":"https:\/\/www.damakkofte.com.tr\/index.php\/wp-json\/wp\/v2\/pages"}],"about":[{"href":"https:\/\/www.damakkofte.com.tr\/index.php\/wp-json\/wp\/v2\/types\/page"}],"author":[{"embeddable":true,"href":"https:\/\/www.damakkofte.com.tr\/index.php\/wp-json\/wp\/v2\/users\/1"}],"replies":[{"embeddable":true,"href":"https:\/\/www.damakkofte.com.tr\/index.php\/wp-json\/wp\/v2\/comments?post=345"}],"version-history":[{"count":8,"href":"https:\/\/www.damakkofte.com.tr\/index.php\/wp-json\/wp\/v2\/pages\/345\/revisions"}],"predecessor-version":[{"id":490,"href":"https:\/\/www.damakkofte.com.tr\/index.php\/wp-json\/wp\/v2\/pages\/345\/revisions\/490"}],"wp:attachment":[{"href":"https:\/\/www.damakkofte.com.tr\/index.php\/wp-json\/wp\/v2\/media?parent=345"}],"curies":[{"name":"wp","href":"https:\/\/api.w.org\/{rel}","templated":true}]}}