{"id":363,"date":"2022-07-11T23:14:17","date_gmt":"2022-07-11T20:14:17","guid":{"rendered":"https:\/\/www.damakkofte.com.tr\/?page_id=363"},"modified":"2022-07-12T15:13:08","modified_gmt":"2022-07-12T12:13:08","slug":"damak-kasap-kofte","status":"publish","type":"page","link":"https:\/\/www.damakkofte.com.tr\/index.php\/damak-kasap-kofte\/","title":{"rendered":"Damak Kasap K\u00f6fte"},"content":{"rendered":"\n<figure class=\"wp-block-gallery has-nested-images columns-default is-cropped wp-block-gallery-1 is-layout-flex wp-block-gallery-is-layout-flex\">\n<figure class=\"wp-block-image size-large\"><img loading=\"lazy\" decoding=\"async\" width=\"779\" height=\"1024\" data-id=\"364\" src=\"https:\/\/www.damakkofte.com.tr\/wp-content\/uploads\/2022\/07\/Damak-Kasap-400-779x1024.jpg\" alt=\"\" class=\"wp-image-364\" srcset=\"https:\/\/www.damakkofte.com.tr\/wp-content\/uploads\/2022\/07\/Damak-Kasap-400-779x1024.jpg 779w, https:\/\/www.damakkofte.com.tr\/wp-content\/uploads\/2022\/07\/Damak-Kasap-400-228x300.jpg 228w, https:\/\/www.damakkofte.com.tr\/wp-content\/uploads\/2022\/07\/Damak-Kasap-400-768x1010.jpg 768w, https:\/\/www.damakkofte.com.tr\/wp-content\/uploads\/2022\/07\/Damak-Kasap-400-1168x1536.jpg 1168w, https:\/\/www.damakkofte.com.tr\/wp-content\/uploads\/2022\/07\/Damak-Kasap-400-1557x2048.jpg 1557w, https:\/\/www.damakkofte.com.tr\/wp-content\/uploads\/2022\/07\/Damak-Kasap-400-scaled.jpg 1946w\" sizes=\"auto, (max-width: 779px) 100vw, 779px\" \/><figcaption>400 GR<\/figcaption><\/figure>\n\n\n\n<figure class=\"wp-block-image size-large\"><img loading=\"lazy\" decoding=\"async\" width=\"678\" height=\"1024\" data-id=\"371\" src=\"https:\/\/www.damakkofte.com.tr\/wp-content\/uploads\/2022\/07\/Damak-Kasap-1000-678x1024.png\" alt=\"\" class=\"wp-image-371\" srcset=\"https:\/\/www.damakkofte.com.tr\/wp-content\/uploads\/2022\/07\/Damak-Kasap-1000-678x1024.png 678w, https:\/\/www.damakkofte.com.tr\/wp-content\/uploads\/2022\/07\/Damak-Kasap-1000-199x300.png 199w, https:\/\/www.damakkofte.com.tr\/wp-content\/uploads\/2022\/07\/Damak-Kasap-1000-768x1160.png 768w, https:\/\/www.damakkofte.com.tr\/wp-content\/uploads\/2022\/07\/Damak-Kasap-1000.png 993w\" sizes=\"auto, (max-width: 678px) 100vw, 678px\" \/><figcaption>1000 GR<\/figcaption><\/figure>\n\n\n\n<figure class=\"wp-block-image size-large\"><img loading=\"lazy\" decoding=\"async\" width=\"875\" height=\"1024\" data-id=\"373\" src=\"https:\/\/www.damakkofte.com.tr\/wp-content\/uploads\/2022\/07\/Damak-Kasap-5000-4-875x1024.png\" alt=\"\" class=\"wp-image-373\" srcset=\"https:\/\/www.damakkofte.com.tr\/wp-content\/uploads\/2022\/07\/Damak-Kasap-5000-4-875x1024.png 875w, https:\/\/www.damakkofte.com.tr\/wp-content\/uploads\/2022\/07\/Damak-Kasap-5000-4-256x300.png 256w, https:\/\/www.damakkofte.com.tr\/wp-content\/uploads\/2022\/07\/Damak-Kasap-5000-4-768x899.png 768w, https:\/\/www.damakkofte.com.tr\/wp-content\/uploads\/2022\/07\/Damak-Kasap-5000-4.png 1282w\" sizes=\"auto, (max-width: 875px) 100vw, 875px\" \/><figcaption>5000 GR Koli<\/figcaption><\/figure>\n\n\n\n<figure class=\"wp-block-image size-large\"><img loading=\"lazy\" decoding=\"async\" width=\"1024\" height=\"562\" data-id=\"365\" src=\"https:\/\/www.damakkofte.com.tr\/wp-content\/uploads\/2022\/07\/Damak-Kasap-5000-1-1024x562.png\" alt=\"\" class=\"wp-image-365\" srcset=\"https:\/\/www.damakkofte.com.tr\/wp-content\/uploads\/2022\/07\/Damak-Kasap-5000-1-1024x562.png 1024w, https:\/\/www.damakkofte.com.tr\/wp-content\/uploads\/2022\/07\/Damak-Kasap-5000-1-300x165.png 300w, https:\/\/www.damakkofte.com.tr\/wp-content\/uploads\/2022\/07\/Damak-Kasap-5000-1-768x421.png 768w, https:\/\/www.damakkofte.com.tr\/wp-content\/uploads\/2022\/07\/Damak-Kasap-5000-1-1536x843.png 1536w, https:\/\/www.damakkofte.com.tr\/wp-content\/uploads\/2022\/07\/Damak-Kasap-5000-1-2048x1124.png 2048w\" sizes=\"auto, (max-width: 1024px) 100vw, 1024px\" \/><figcaption>5000 GR Koli<\/figcaption><\/figure>\n<\/figure>\n\n\n\n<p>Tek \u00e7ekim ve kal\u0131n kafesten \u00e7ekilmi\u015ftir. Az kar\u0131\u015ft\u0131r\u0131l\u0131p etin \u00f6zelli\u011fi korunmu\u015ftur. So\u011fan\u0131 biraz daha fazla olup kal\u0131n telli \u0131zgarada pi\u015firilmesi tavsiye olunur.<\/p>\n\n\n\n<figure class=\"wp-block-table is-style-stripes\"><table><tbody><tr><td class=\"has-text-align-center\" data-align=\"center\">Tane Gramaj<\/td><td class=\"has-text-align-center\" data-align=\"center\">Paket Gramaj<\/td><td class=\"has-text-align-center\" data-align=\"center\">Paket Adet<\/td><\/tr><tr><td class=\"has-text-align-center\" data-align=\"center\">20-35<\/td><td class=\"has-text-align-center\" data-align=\"center\">300<\/td><td class=\"has-text-align-center\" data-align=\"center\">9-15<\/td><\/tr><tr><td class=\"has-text-align-center\" data-align=\"center\">20-35<\/td><td class=\"has-text-align-center\" data-align=\"center\">400<\/td><td class=\"has-text-align-center\" data-align=\"center\">12-16<\/td><\/tr><tr><td class=\"has-text-align-center\" data-align=\"center\">20-35<\/td><td class=\"has-text-align-center\" data-align=\"center\">1000<\/td><td class=\"has-text-align-center\" data-align=\"center\">28-40<\/td><\/tr><tr><td class=\"has-text-align-center\" data-align=\"center\">20-35<\/td><td class=\"has-text-align-center\" data-align=\"center\">5000<\/td><td class=\"has-text-align-center\" data-align=\"center\">143-200<\/td><\/tr><\/tbody><\/table><\/figure>\n\n\n\n<p>20 &#8211; 25 &#8211; 30 &#8211; 35 gram olarak farkl\u0131 gramajlarda m\u00fc\u015fterilerimizin talebine g\u00f6re porsiyonlama ve formlama yap\u0131lmaktad\u0131r.<\/p>\n\n\n\n<p>Standart el yap\u0131m\u0131 \u015feklinde ve makine \u00e7\u0131k\u0131\u015f\u0131 olarak iki \u015fekilde de \u00fcretim sa\u011flanmaktad\u0131r. <\/p>\n\n\n\n<figure class=\"wp-block-gallery has-nested-images columns-default is-cropped wp-block-gallery-2 is-layout-flex wp-block-gallery-is-layout-flex\">\n<figure class=\"wp-block-image size-large\"><img loading=\"lazy\" decoding=\"async\" width=\"684\" height=\"1024\" data-id=\"445\" src=\"https:\/\/www.damakkofte.com.tr\/wp-content\/uploads\/2022\/07\/96f96b10-3ee9-4fc5-8f50-cb2abbf37c01-684x1024.jpg\" alt=\"\" class=\"wp-image-445\" srcset=\"https:\/\/www.damakkofte.com.tr\/wp-content\/uploads\/2022\/07\/96f96b10-3ee9-4fc5-8f50-cb2abbf37c01-684x1024.jpg 684w, https:\/\/www.damakkofte.com.tr\/wp-content\/uploads\/2022\/07\/96f96b10-3ee9-4fc5-8f50-cb2abbf37c01-200x300.jpg 200w, https:\/\/www.damakkofte.com.tr\/wp-content\/uploads\/2022\/07\/96f96b10-3ee9-4fc5-8f50-cb2abbf37c01-768x1151.jpg 768w, https:\/\/www.damakkofte.com.tr\/wp-content\/uploads\/2022\/07\/96f96b10-3ee9-4fc5-8f50-cb2abbf37c01-1025x1536.jpg 1025w, https:\/\/www.damakkofte.com.tr\/wp-content\/uploads\/2022\/07\/96f96b10-3ee9-4fc5-8f50-cb2abbf37c01.jpg 1068w\" sizes=\"auto, (max-width: 684px) 100vw, 684px\" \/><figcaption>Damak Kasap K\u00f6fte<\/figcaption><\/figure>\n<\/figure>\n","protected":false},"excerpt":{"rendered":"<p>Tek \u00e7ekim ve kal\u0131n kafesten \u00e7ekilmi\u015ftir. Az kar\u0131\u015ft\u0131r\u0131l\u0131p etin \u00f6zelli\u011fi korunmu\u015ftur. So\u011fan\u0131 biraz daha fazla olup kal\u0131n telli \u0131zgarada pi\u015firilmesi tavsiye olunur. Tane Gramaj Paket Gramaj Paket Adet 20-35 300 9-15 20-35 400 12-16 20-35 1000 28-40 20-35 5000 143-200 20 &#8211; 25 &#8211; 30 &#8211; 35 gram olarak farkl\u0131 gramajlarda m\u00fc\u015fterilerimizin talebine g\u00f6re porsiyonlama [&hellip;]<\/p>\n","protected":false},"author":1,"featured_media":0,"parent":0,"menu_order":0,"comment_status":"closed","ping_status":"closed","template":"templates\/template-page-full-width.php","meta":{"footnotes":""},"class_list":["post-363","page","type-page","status-publish","hentry"],"_links":{"self":[{"href":"https:\/\/www.damakkofte.com.tr\/index.php\/wp-json\/wp\/v2\/pages\/363","targetHints":{"allow":["GET"]}}],"collection":[{"href":"https:\/\/www.damakkofte.com.tr\/index.php\/wp-json\/wp\/v2\/pages"}],"about":[{"href":"https:\/\/www.damakkofte.com.tr\/index.php\/wp-json\/wp\/v2\/types\/page"}],"author":[{"embeddable":true,"href":"https:\/\/www.damakkofte.com.tr\/index.php\/wp-json\/wp\/v2\/users\/1"}],"replies":[{"embeddable":true,"href":"https:\/\/www.damakkofte.com.tr\/index.php\/wp-json\/wp\/v2\/comments?post=363"}],"version-history":[{"count":3,"href":"https:\/\/www.damakkofte.com.tr\/index.php\/wp-json\/wp\/v2\/pages\/363\/revisions"}],"predecessor-version":[{"id":447,"href":"https:\/\/www.damakkofte.com.tr\/index.php\/wp-json\/wp\/v2\/pages\/363\/revisions\/447"}],"wp:attachment":[{"href":"https:\/\/www.damakkofte.com.tr\/index.php\/wp-json\/wp\/v2\/media?parent=363"}],"curies":[{"name":"wp","href":"https:\/\/api.w.org\/{rel}","templated":true}]}}