{"id":376,"date":"2022-07-12T11:37:03","date_gmt":"2022-07-12T08:37:03","guid":{"rendered":"https:\/\/www.damakkofte.com.tr\/?page_id=376"},"modified":"2022-07-12T15:16:39","modified_gmt":"2022-07-12T12:16:39","slug":"damak-kasarli-kofte","status":"publish","type":"page","link":"https:\/\/www.damakkofte.com.tr\/index.php\/damak-kasarli-kofte\/","title":{"rendered":"Damak Ka\u015farl\u0131 K\u00f6fte"},"content":{"rendered":"\n<figure class=\"wp-block-gallery has-nested-images columns-default is-cropped wp-block-gallery-1 is-layout-flex wp-block-gallery-is-layout-flex\">\n<figure class=\"wp-block-image size-large\"><img loading=\"lazy\" decoding=\"async\" width=\"623\" height=\"1024\" data-id=\"377\" src=\"https:\/\/www.damakkofte.com.tr\/wp-content\/uploads\/2022\/07\/Damak-Kasarli-400-623x1024.png\" alt=\"\" class=\"wp-image-377\" srcset=\"https:\/\/www.damakkofte.com.tr\/wp-content\/uploads\/2022\/07\/Damak-Kasarli-400-623x1024.png 623w, https:\/\/www.damakkofte.com.tr\/wp-content\/uploads\/2022\/07\/Damak-Kasarli-400-183x300.png 183w, https:\/\/www.damakkofte.com.tr\/wp-content\/uploads\/2022\/07\/Damak-Kasarli-400-768x1262.png 768w, https:\/\/www.damakkofte.com.tr\/wp-content\/uploads\/2022\/07\/Damak-Kasarli-400.png 913w\" sizes=\"auto, (max-width: 623px) 100vw, 623px\" \/><figcaption>400 GR<\/figcaption><\/figure>\n\n\n\n<figure class=\"wp-block-image size-large\"><img loading=\"lazy\" decoding=\"async\" width=\"684\" height=\"1024\" data-id=\"378\" src=\"https:\/\/www.damakkofte.com.tr\/wp-content\/uploads\/2022\/07\/Damak-Kasarli-1000-684x1024.png\" alt=\"\" class=\"wp-image-378\" srcset=\"https:\/\/www.damakkofte.com.tr\/wp-content\/uploads\/2022\/07\/Damak-Kasarli-1000-684x1024.png 684w, https:\/\/www.damakkofte.com.tr\/wp-content\/uploads\/2022\/07\/Damak-Kasarli-1000-200x300.png 200w, https:\/\/www.damakkofte.com.tr\/wp-content\/uploads\/2022\/07\/Damak-Kasarli-1000-768x1150.png 768w, https:\/\/www.damakkofte.com.tr\/wp-content\/uploads\/2022\/07\/Damak-Kasarli-1000.png 1002w\" sizes=\"auto, (max-width: 684px) 100vw, 684px\" \/><figcaption>1000 GR<\/figcaption><\/figure>\n<\/figure>\n\n\n\n<p>Dana etinden \u00fcretilmi\u015ftir. \u0130\u00e7erisinde k\u00fcp \u015feklinde taze ka\u015far bulunur. Talep edildi\u011fi takdirde ka\u015far rendelenerek de kullan\u0131labilir. Pi\u015firirken k\u00f6ftenin \u00e7abuk pi\u015fmesi ve ka\u015farlar\u0131n eriyip yanmamas\u0131 i\u00e7in k\u00f6ftenin inceltilmesi faydal\u0131d\u0131r.<\/p>\n\n\n\n<figure class=\"wp-block-table\"><table><tbody><tr><td class=\"has-text-align-center\" data-align=\"center\">Tane Gramaj<\/td><td class=\"has-text-align-center\" data-align=\"center\">Paket Gramaj<\/td><td class=\"has-text-align-center\" data-align=\"center\">Paket Adet<\/td><\/tr><tr><td class=\"has-text-align-center\" data-align=\"center\">25-35<\/td><td class=\"has-text-align-center\" data-align=\"center\">400<\/td><td class=\"has-text-align-center\" data-align=\"center\">12-16<\/td><\/tr><tr><td class=\"has-text-align-center\" data-align=\"center\">25-35<\/td><td class=\"has-text-align-center\" data-align=\"center\">1000<\/td><td class=\"has-text-align-center\" data-align=\"center\">28-40<\/td><\/tr><\/tbody><\/table><\/figure>\n\n\n\n<p>Pi\u015firme \u00d6nerisi: Plate (d\u00fcz) \u0131zgarada pi\u015firilmesi uygundur.<\/p>\n\n\n\n<div class=\"wp-block-group is-nowrap is-layout-flex wp-container-core-group-is-layout-ad2f72ca wp-block-group-is-layout-flex\">\n<figure class=\"wp-block-gallery has-nested-images columns-default is-cropped wp-block-gallery-2 is-layout-flex wp-block-gallery-is-layout-flex\">\n<figure class=\"wp-block-image size-large\"><img loading=\"lazy\" decoding=\"async\" width=\"684\" height=\"1024\" data-id=\"451\" src=\"https:\/\/www.damakkofte.com.tr\/wp-content\/uploads\/2022\/07\/9cf0a2a2-56e3-4dd8-8503-077f9064e331-1-684x1024.jpg\" alt=\"\" class=\"wp-image-451\" srcset=\"https:\/\/www.damakkofte.com.tr\/wp-content\/uploads\/2022\/07\/9cf0a2a2-56e3-4dd8-8503-077f9064e331-1-684x1024.jpg 684w, https:\/\/www.damakkofte.com.tr\/wp-content\/uploads\/2022\/07\/9cf0a2a2-56e3-4dd8-8503-077f9064e331-1-200x300.jpg 200w, https:\/\/www.damakkofte.com.tr\/wp-content\/uploads\/2022\/07\/9cf0a2a2-56e3-4dd8-8503-077f9064e331-1-768x1151.jpg 768w, https:\/\/www.damakkofte.com.tr\/wp-content\/uploads\/2022\/07\/9cf0a2a2-56e3-4dd8-8503-077f9064e331-1-1025x1536.jpg 1025w, https:\/\/www.damakkofte.com.tr\/wp-content\/uploads\/2022\/07\/9cf0a2a2-56e3-4dd8-8503-077f9064e331-1.jpg 1068w\" sizes=\"auto, (max-width: 684px) 100vw, 684px\" \/><figcaption>Damak Ka\u015farl\u0131 K\u00f6fte<\/figcaption><\/figure>\n\n\n\n<figure class=\"wp-block-image size-large\"><img loading=\"lazy\" decoding=\"async\" width=\"684\" height=\"1024\" data-id=\"450\" src=\"https:\/\/www.damakkofte.com.tr\/wp-content\/uploads\/2022\/07\/f11539c0-7012-4b7c-a8df-a829fae98cdf-1-684x1024.jpg\" alt=\"\" class=\"wp-image-450\" srcset=\"https:\/\/www.damakkofte.com.tr\/wp-content\/uploads\/2022\/07\/f11539c0-7012-4b7c-a8df-a829fae98cdf-1-684x1024.jpg 684w, https:\/\/www.damakkofte.com.tr\/wp-content\/uploads\/2022\/07\/f11539c0-7012-4b7c-a8df-a829fae98cdf-1-200x300.jpg 200w, https:\/\/www.damakkofte.com.tr\/wp-content\/uploads\/2022\/07\/f11539c0-7012-4b7c-a8df-a829fae98cdf-1-768x1151.jpg 768w, https:\/\/www.damakkofte.com.tr\/wp-content\/uploads\/2022\/07\/f11539c0-7012-4b7c-a8df-a829fae98cdf-1-1025x1536.jpg 1025w, https:\/\/www.damakkofte.com.tr\/wp-content\/uploads\/2022\/07\/f11539c0-7012-4b7c-a8df-a829fae98cdf-1.jpg 1068w\" sizes=\"auto, (max-width: 684px) 100vw, 684px\" \/><figcaption>Damak Ka\u015farl\u0131 K\u00f6fte<\/figcaption><\/figure>\n<\/figure>\n<\/div>\n","protected":false},"excerpt":{"rendered":"<p>Dana etinden \u00fcretilmi\u015ftir. \u0130\u00e7erisinde k\u00fcp \u015feklinde taze ka\u015far bulunur. Talep edildi\u011fi takdirde ka\u015far rendelenerek de kullan\u0131labilir. Pi\u015firirken k\u00f6ftenin \u00e7abuk pi\u015fmesi ve ka\u015farlar\u0131n eriyip yanmamas\u0131 i\u00e7in k\u00f6ftenin inceltilmesi faydal\u0131d\u0131r. Tane Gramaj Paket Gramaj Paket Adet 25-35 400 12-16 25-35 1000 28-40 Pi\u015firme \u00d6nerisi: Plate (d\u00fcz) \u0131zgarada pi\u015firilmesi uygundur.<\/p>\n","protected":false},"author":1,"featured_media":0,"parent":0,"menu_order":0,"comment_status":"closed","ping_status":"closed","template":"templates\/template-page-full-width.php","meta":{"footnotes":""},"class_list":["post-376","page","type-page","status-publish","hentry"],"_links":{"self":[{"href":"https:\/\/www.damakkofte.com.tr\/index.php\/wp-json\/wp\/v2\/pages\/376","targetHints":{"allow":["GET"]}}],"collection":[{"href":"https:\/\/www.damakkofte.com.tr\/index.php\/wp-json\/wp\/v2\/pages"}],"about":[{"href":"https:\/\/www.damakkofte.com.tr\/index.php\/wp-json\/wp\/v2\/types\/page"}],"author":[{"embeddable":true,"href":"https:\/\/www.damakkofte.com.tr\/index.php\/wp-json\/wp\/v2\/users\/1"}],"replies":[{"embeddable":true,"href":"https:\/\/www.damakkofte.com.tr\/index.php\/wp-json\/wp\/v2\/comments?post=376"}],"version-history":[{"count":3,"href":"https:\/\/www.damakkofte.com.tr\/index.php\/wp-json\/wp\/v2\/pages\/376\/revisions"}],"predecessor-version":[{"id":452,"href":"https:\/\/www.damakkofte.com.tr\/index.php\/wp-json\/wp\/v2\/pages\/376\/revisions\/452"}],"wp:attachment":[{"href":"https:\/\/www.damakkofte.com.tr\/index.php\/wp-json\/wp\/v2\/media?parent=376"}],"curies":[{"name":"wp","href":"https:\/\/api.w.org\/{rel}","templated":true}]}}