{"id":382,"date":"2022-07-12T12:03:07","date_gmt":"2022-07-12T09:03:07","guid":{"rendered":"https:\/\/www.damakkofte.com.tr\/?page_id=382"},"modified":"2022-07-12T12:13:54","modified_gmt":"2022-07-12T09:13:54","slug":"damak-hamburger-kofte","status":"publish","type":"page","link":"https:\/\/www.damakkofte.com.tr\/index.php\/damak-hamburger-kofte\/","title":{"rendered":"Damak Hamburger K\u00f6fte"},"content":{"rendered":"\n<figure class=\"wp-block-gallery has-nested-images columns-default is-cropped wp-block-gallery-1 is-layout-flex wp-block-gallery-is-layout-flex\">\n<figure class=\"wp-block-image size-large\"><img loading=\"lazy\" decoding=\"async\" width=\"622\" height=\"1024\" data-id=\"387\" src=\"https:\/\/www.damakkofte.com.tr\/wp-content\/uploads\/2022\/07\/Hamburger-400-1-622x1024.png\" alt=\"\" class=\"wp-image-387\" srcset=\"https:\/\/www.damakkofte.com.tr\/wp-content\/uploads\/2022\/07\/Hamburger-400-1-622x1024.png 622w, https:\/\/www.damakkofte.com.tr\/wp-content\/uploads\/2022\/07\/Hamburger-400-1-182x300.png 182w, https:\/\/www.damakkofte.com.tr\/wp-content\/uploads\/2022\/07\/Hamburger-400-1-768x1265.png 768w, https:\/\/www.damakkofte.com.tr\/wp-content\/uploads\/2022\/07\/Hamburger-400-1.png 911w\" sizes=\"auto, (max-width: 622px) 100vw, 622px\" \/><figcaption>4000 GR<\/figcaption><\/figure>\n\n\n\n<figure class=\"wp-block-image size-large\"><img loading=\"lazy\" decoding=\"async\" width=\"723\" height=\"1024\" data-id=\"389\" src=\"https:\/\/www.damakkofte.com.tr\/wp-content\/uploads\/2022\/07\/Hamburger-1000-1-723x1024.png\" alt=\"\" class=\"wp-image-389\" srcset=\"https:\/\/www.damakkofte.com.tr\/wp-content\/uploads\/2022\/07\/Hamburger-1000-1-723x1024.png 723w, https:\/\/www.damakkofte.com.tr\/wp-content\/uploads\/2022\/07\/Hamburger-1000-1-212x300.png 212w, https:\/\/www.damakkofte.com.tr\/wp-content\/uploads\/2022\/07\/Hamburger-1000-1-768x1088.png 768w, https:\/\/www.damakkofte.com.tr\/wp-content\/uploads\/2022\/07\/Hamburger-1000-1.png 1059w\" sizes=\"auto, (max-width: 723px) 100vw, 723px\" \/><figcaption>1000 GR<\/figcaption><\/figure>\n\n\n\n<figure class=\"wp-block-image size-large\"><img loading=\"lazy\" decoding=\"async\" width=\"980\" height=\"1024\" data-id=\"385\" src=\"https:\/\/www.damakkofte.com.tr\/wp-content\/uploads\/2022\/07\/Hamburger-5000-980x1024.png\" alt=\"\" class=\"wp-image-385\" srcset=\"https:\/\/www.damakkofte.com.tr\/wp-content\/uploads\/2022\/07\/Hamburger-5000-980x1024.png 980w, https:\/\/www.damakkofte.com.tr\/wp-content\/uploads\/2022\/07\/Hamburger-5000-287x300.png 287w, https:\/\/www.damakkofte.com.tr\/wp-content\/uploads\/2022\/07\/Hamburger-5000-768x802.png 768w, https:\/\/www.damakkofte.com.tr\/wp-content\/uploads\/2022\/07\/Hamburger-5000-1471x1536.png 1471w, https:\/\/www.damakkofte.com.tr\/wp-content\/uploads\/2022\/07\/Hamburger-5000-1961x2048.png 1961w\" sizes=\"auto, (max-width: 980px) 100vw, 980px\" \/><figcaption>5000 GR Koli<\/figcaption><\/figure>\n\n\n\n<figure class=\"wp-block-image size-large\"><img loading=\"lazy\" decoding=\"async\" width=\"1024\" height=\"561\" data-id=\"383\" src=\"https:\/\/www.damakkofte.com.tr\/wp-content\/uploads\/2022\/07\/Hamburger-5000-1-1024x561.png\" alt=\"\" class=\"wp-image-383\" srcset=\"https:\/\/www.damakkofte.com.tr\/wp-content\/uploads\/2022\/07\/Hamburger-5000-1-1024x561.png 1024w, https:\/\/www.damakkofte.com.tr\/wp-content\/uploads\/2022\/07\/Hamburger-5000-1-300x164.png 300w, https:\/\/www.damakkofte.com.tr\/wp-content\/uploads\/2022\/07\/Hamburger-5000-1-768x421.png 768w, https:\/\/www.damakkofte.com.tr\/wp-content\/uploads\/2022\/07\/Hamburger-5000-1-1536x842.png 1536w, https:\/\/www.damakkofte.com.tr\/wp-content\/uploads\/2022\/07\/Hamburger-5000-1-2048x1122.png 2048w\" sizes=\"auto, (max-width: 1024px) 100vw, 1024px\" \/><figcaption>5000 GR Koli<\/figcaption><\/figure>\n<\/figure>\n\n\n\n<p>Hammadde olarak dana eti kullan\u0131lm\u0131\u015f olup, a\u015fa\u011f\u0131da belirtti\u011fimiz gramajlardan istenilen b\u00fcy\u00fckl\u00fckte hamburger formunda \u00fcretimi yap\u0131l\u0131r. Hamburger k\u00f6ftesi plate (d\u00fcz) \u0131zgarada pi\u015firilmesi uygundur. Ya\u011fda pi\u015firilmez.<\/p>\n\n\n\n<figure class=\"wp-block-table is-style-stripes\"><table><tbody><tr><td class=\"has-text-align-center\" data-align=\"center\">Tane Gramaj<\/td><td class=\"has-text-align-center\" data-align=\"center\">Paket Gramaj<\/td><td class=\"has-text-align-center\" data-align=\"center\">Paket Adet<\/td><\/tr><tr><td class=\"has-text-align-center\" data-align=\"center\">90-100-120-140-150<\/td><td class=\"has-text-align-center\" data-align=\"center\">400<\/td><td class=\"has-text-align-center\" data-align=\"center\">2-4<\/td><\/tr><tr><td class=\"has-text-align-center\" data-align=\"center\">90-100-120-140-150<\/td><td class=\"has-text-align-center\" data-align=\"center\">1000<\/td><td class=\"has-text-align-center\" data-align=\"center\">7-11<\/td><\/tr><tr><td class=\"has-text-align-center\" data-align=\"center\">90-100-120-140-150<\/td><td class=\"has-text-align-center\" data-align=\"center\">5000<\/td><td class=\"has-text-align-center\" data-align=\"center\">33-56<\/td><\/tr><\/tbody><\/table><\/figure>\n\n\n\n<p>\u00c7ocuk hamburger men\u00fcleri i\u00e7in tercih edilen 90 graml\u0131k hamburger k\u00f6fteleridir. <\/p>\n\n\n\n<figure class=\"wp-block-gallery has-nested-images columns-default is-cropped wp-block-gallery-2 is-layout-flex wp-block-gallery-is-layout-flex\">\n<figure class=\"wp-block-image size-large\"><img loading=\"lazy\" decoding=\"async\" width=\"1024\" height=\"684\" data-id=\"388\" src=\"https:\/\/www.damakkofte.com.tr\/wp-content\/uploads\/2022\/07\/1efe3ce1-91b7-4a27-8d33-ca0800e9a779-1024x684.jpg\" alt=\"\" class=\"wp-image-388\" srcset=\"https:\/\/www.damakkofte.com.tr\/wp-content\/uploads\/2022\/07\/1efe3ce1-91b7-4a27-8d33-ca0800e9a779-1024x684.jpg 1024w, https:\/\/www.damakkofte.com.tr\/wp-content\/uploads\/2022\/07\/1efe3ce1-91b7-4a27-8d33-ca0800e9a779-300x200.jpg 300w, https:\/\/www.damakkofte.com.tr\/wp-content\/uploads\/2022\/07\/1efe3ce1-91b7-4a27-8d33-ca0800e9a779-768x513.jpg 768w, https:\/\/www.damakkofte.com.tr\/wp-content\/uploads\/2022\/07\/1efe3ce1-91b7-4a27-8d33-ca0800e9a779-1536x1025.jpg 1536w, https:\/\/www.damakkofte.com.tr\/wp-content\/uploads\/2022\/07\/1efe3ce1-91b7-4a27-8d33-ca0800e9a779.jpg 1600w\" sizes=\"auto, (max-width: 1024px) 100vw, 1024px\" \/><\/figure>\n<\/figure>\n","protected":false},"excerpt":{"rendered":"<p>Hammadde olarak dana eti kullan\u0131lm\u0131\u015f olup, a\u015fa\u011f\u0131da belirtti\u011fimiz gramajlardan istenilen b\u00fcy\u00fckl\u00fckte hamburger formunda \u00fcretimi yap\u0131l\u0131r. Hamburger k\u00f6ftesi plate (d\u00fcz) \u0131zgarada pi\u015firilmesi uygundur. Ya\u011fda pi\u015firilmez. Tane Gramaj Paket Gramaj Paket Adet 90-100-120-140-150 400 2-4 90-100-120-140-150 1000 7-11 90-100-120-140-150 5000 33-56 \u00c7ocuk hamburger men\u00fcleri i\u00e7in tercih edilen 90 graml\u0131k hamburger k\u00f6fteleridir.<\/p>\n","protected":false},"author":1,"featured_media":0,"parent":0,"menu_order":0,"comment_status":"closed","ping_status":"closed","template":"templates\/template-page-full-width.php","meta":{"footnotes":""},"class_list":["post-382","page","type-page","status-publish","hentry"],"_links":{"self":[{"href":"https:\/\/www.damakkofte.com.tr\/index.php\/wp-json\/wp\/v2\/pages\/382","targetHints":{"allow":["GET"]}}],"collection":[{"href":"https:\/\/www.damakkofte.com.tr\/index.php\/wp-json\/wp\/v2\/pages"}],"about":[{"href":"https:\/\/www.damakkofte.com.tr\/index.php\/wp-json\/wp\/v2\/types\/page"}],"author":[{"embeddable":true,"href":"https:\/\/www.damakkofte.com.tr\/index.php\/wp-json\/wp\/v2\/users\/1"}],"replies":[{"embeddable":true,"href":"https:\/\/www.damakkofte.com.tr\/index.php\/wp-json\/wp\/v2\/comments?post=382"}],"version-history":[{"count":1,"href":"https:\/\/www.damakkofte.com.tr\/index.php\/wp-json\/wp\/v2\/pages\/382\/revisions"}],"predecessor-version":[{"id":390,"href":"https:\/\/www.damakkofte.com.tr\/index.php\/wp-json\/wp\/v2\/pages\/382\/revisions\/390"}],"wp:attachment":[{"href":"https:\/\/www.damakkofte.com.tr\/index.php\/wp-json\/wp\/v2\/media?parent=382"}],"curies":[{"name":"wp","href":"https:\/\/api.w.org\/{rel}","templated":true}]}}