{"id":392,"date":"2022-07-12T12:11:48","date_gmt":"2022-07-12T09:11:48","guid":{"rendered":"https:\/\/www.damakkofte.com.tr\/?page_id=392"},"modified":"2022-07-12T13:16:51","modified_gmt":"2022-07-12T10:16:51","slug":"damak-acili-kofte","status":"publish","type":"page","link":"https:\/\/www.damakkofte.com.tr\/index.php\/damak-acili-kofte\/","title":{"rendered":"Damak Ac\u0131l\u0131 K\u00f6fte"},"content":{"rendered":"\n<figure class=\"wp-block-gallery has-nested-images columns-default is-cropped wp-block-gallery-1 is-layout-flex wp-block-gallery-is-layout-flex\">\n<figure class=\"wp-block-image size-large\"><img loading=\"lazy\" decoding=\"async\" width=\"687\" height=\"1024\" data-id=\"393\" src=\"https:\/\/www.damakkofte.com.tr\/wp-content\/uploads\/2022\/07\/Damak-Acili-400-687x1024.png\" alt=\"\" class=\"wp-image-393\" srcset=\"https:\/\/www.damakkofte.com.tr\/wp-content\/uploads\/2022\/07\/Damak-Acili-400-687x1024.png 687w, https:\/\/www.damakkofte.com.tr\/wp-content\/uploads\/2022\/07\/Damak-Acili-400-201x300.png 201w, https:\/\/www.damakkofte.com.tr\/wp-content\/uploads\/2022\/07\/Damak-Acili-400-768x1144.png 768w, https:\/\/www.damakkofte.com.tr\/wp-content\/uploads\/2022\/07\/Damak-Acili-400-1031x1536.png 1031w, https:\/\/www.damakkofte.com.tr\/wp-content\/uploads\/2022\/07\/Damak-Acili-400-1375x2048.png 1375w, https:\/\/www.damakkofte.com.tr\/wp-content\/uploads\/2022\/07\/Damak-Acili-400.png 1759w\" sizes=\"auto, (max-width: 687px) 100vw, 687px\" \/><figcaption>400 GR<\/figcaption><\/figure>\n\n\n\n<figure class=\"wp-block-image size-large\"><img loading=\"lazy\" decoding=\"async\" width=\"619\" height=\"1024\" data-id=\"394\" src=\"https:\/\/www.damakkofte.com.tr\/wp-content\/uploads\/2022\/07\/Damak-Acili-1000-619x1024.png\" alt=\"\" class=\"wp-image-394\" srcset=\"https:\/\/www.damakkofte.com.tr\/wp-content\/uploads\/2022\/07\/Damak-Acili-1000-619x1024.png 619w, https:\/\/www.damakkofte.com.tr\/wp-content\/uploads\/2022\/07\/Damak-Acili-1000-181x300.png 181w, https:\/\/www.damakkofte.com.tr\/wp-content\/uploads\/2022\/07\/Damak-Acili-1000-768x1270.png 768w, https:\/\/www.damakkofte.com.tr\/wp-content\/uploads\/2022\/07\/Damak-Acili-1000-929x1536.png 929w, https:\/\/www.damakkofte.com.tr\/wp-content\/uploads\/2022\/07\/Damak-Acili-1000-1239x2048.png 1239w, https:\/\/www.damakkofte.com.tr\/wp-content\/uploads\/2022\/07\/Damak-Acili-1000.png 1784w\" sizes=\"auto, (max-width: 619px) 100vw, 619px\" \/><figcaption>1000 GR<\/figcaption><\/figure>\n<\/figure>\n\n\n\n<p>Dana etinden \u00fcretilmi\u015ftir. Kal\u0131n olarak ve bir sefer \u00e7ekilir. Et oran\u0131 \u00e7ok yumu\u015fak ve baharat\u0131 azd\u0131r. Ac\u0131l\u0131\u011f\u0131n\u0131 i\u00e7erisine konulan pul biber vermektedir. Izgarada ve ya\u011fs\u0131z tavada yap\u0131labilir. Ayr\u0131ca \u015fi\u015fe de ge\u00e7irilebilir.<\/p>\n\n\n\n<figure class=\"wp-block-table is-style-stripes\"><table><tbody><tr><td class=\"has-text-align-center\" data-align=\"center\"><strong>Tane Gramaj<\/strong><\/td><td class=\"has-text-align-center\" data-align=\"center\"><strong>Paket Gramaj<\/strong><\/td><td class=\"has-text-align-center\" data-align=\"center\"><strong>Paket Adet<\/strong><\/td><\/tr><tr><td class=\"has-text-align-center\" data-align=\"center\">24-26<\/td><td class=\"has-text-align-center\" data-align=\"center\">400<\/td><td class=\"has-text-align-center\" data-align=\"center\">15-17<\/td><\/tr><tr><td class=\"has-text-align-center\" data-align=\"center\">24-26<\/td><td class=\"has-text-align-center\" data-align=\"center\">1000<\/td><td class=\"has-text-align-center\" data-align=\"center\">38-42<\/td><\/tr><\/tbody><\/table><\/figure>\n","protected":false},"excerpt":{"rendered":"<p>Dana etinden \u00fcretilmi\u015ftir. Kal\u0131n olarak ve bir sefer \u00e7ekilir. Et oran\u0131 \u00e7ok yumu\u015fak ve baharat\u0131 azd\u0131r. Ac\u0131l\u0131\u011f\u0131n\u0131 i\u00e7erisine konulan pul biber vermektedir. Izgarada ve ya\u011fs\u0131z tavada yap\u0131labilir. Ayr\u0131ca \u015fi\u015fe de ge\u00e7irilebilir. Tane Gramaj Paket Gramaj Paket Adet 24-26 400 15-17 24-26 1000 38-42<\/p>\n","protected":false},"author":1,"featured_media":0,"parent":0,"menu_order":0,"comment_status":"closed","ping_status":"closed","template":"templates\/template-page-full-width.php","meta":{"footnotes":""},"class_list":["post-392","page","type-page","status-publish","hentry"],"_links":{"self":[{"href":"https:\/\/www.damakkofte.com.tr\/index.php\/wp-json\/wp\/v2\/pages\/392","targetHints":{"allow":["GET"]}}],"collection":[{"href":"https:\/\/www.damakkofte.com.tr\/index.php\/wp-json\/wp\/v2\/pages"}],"about":[{"href":"https:\/\/www.damakkofte.com.tr\/index.php\/wp-json\/wp\/v2\/types\/page"}],"author":[{"embeddable":true,"href":"https:\/\/www.damakkofte.com.tr\/index.php\/wp-json\/wp\/v2\/users\/1"}],"replies":[{"embeddable":true,"href":"https:\/\/www.damakkofte.com.tr\/index.php\/wp-json\/wp\/v2\/comments?post=392"}],"version-history":[{"count":1,"href":"https:\/\/www.damakkofte.com.tr\/index.php\/wp-json\/wp\/v2\/pages\/392\/revisions"}],"predecessor-version":[{"id":395,"href":"https:\/\/www.damakkofte.com.tr\/index.php\/wp-json\/wp\/v2\/pages\/392\/revisions\/395"}],"wp:attachment":[{"href":"https:\/\/www.damakkofte.com.tr\/index.php\/wp-json\/wp\/v2\/media?parent=392"}],"curies":[{"name":"wp","href":"https:\/\/api.w.org\/{rel}","templated":true}]}}