{"id":397,"date":"2022-07-12T12:13:07","date_gmt":"2022-07-12T09:13:07","guid":{"rendered":"https:\/\/www.damakkofte.com.tr\/?page_id=397"},"modified":"2022-07-12T12:17:06","modified_gmt":"2022-07-12T09:17:06","slug":"damak-inegol-kofte","status":"publish","type":"page","link":"https:\/\/www.damakkofte.com.tr\/index.php\/damak-inegol-kofte\/","title":{"rendered":"Damak \u0130neg\u00f6l K\u00f6fte"},"content":{"rendered":"\n<figure class=\"wp-block-gallery has-nested-images columns-default is-cropped wp-block-gallery-1 is-layout-flex wp-block-gallery-is-layout-flex\">\n<figure class=\"wp-block-image size-large\"><img loading=\"lazy\" decoding=\"async\" width=\"626\" height=\"1024\" data-id=\"398\" src=\"https:\/\/www.damakkofte.com.tr\/wp-content\/uploads\/2022\/07\/Damak-Inegol-400-626x1024.png\" alt=\"\" class=\"wp-image-398\" srcset=\"https:\/\/www.damakkofte.com.tr\/wp-content\/uploads\/2022\/07\/Damak-Inegol-400-626x1024.png 626w, https:\/\/www.damakkofte.com.tr\/wp-content\/uploads\/2022\/07\/Damak-Inegol-400-183x300.png 183w, https:\/\/www.damakkofte.com.tr\/wp-content\/uploads\/2022\/07\/Damak-Inegol-400-768x1256.png 768w, https:\/\/www.damakkofte.com.tr\/wp-content\/uploads\/2022\/07\/Damak-Inegol-400-939x1536.png 939w, https:\/\/www.damakkofte.com.tr\/wp-content\/uploads\/2022\/07\/Damak-Inegol-400-1252x2048.png 1252w, https:\/\/www.damakkofte.com.tr\/wp-content\/uploads\/2022\/07\/Damak-Inegol-400.png 1853w\" sizes=\"auto, (max-width: 626px) 100vw, 626px\" \/><figcaption>400 GR<\/figcaption><\/figure>\n\n\n\n<figure class=\"wp-block-image size-large\"><img loading=\"lazy\" decoding=\"async\" width=\"683\" height=\"1024\" data-id=\"400\" src=\"https:\/\/www.damakkofte.com.tr\/wp-content\/uploads\/2022\/07\/Damak-Inegol-1000-683x1024.png\" alt=\"\" class=\"wp-image-400\" srcset=\"https:\/\/www.damakkofte.com.tr\/wp-content\/uploads\/2022\/07\/Damak-Inegol-1000-683x1024.png 683w, https:\/\/www.damakkofte.com.tr\/wp-content\/uploads\/2022\/07\/Damak-Inegol-1000-200x300.png 200w, https:\/\/www.damakkofte.com.tr\/wp-content\/uploads\/2022\/07\/Damak-Inegol-1000-768x1151.png 768w, https:\/\/www.damakkofte.com.tr\/wp-content\/uploads\/2022\/07\/Damak-Inegol-1000-1025x1536.png 1025w, https:\/\/www.damakkofte.com.tr\/wp-content\/uploads\/2022\/07\/Damak-Inegol-1000-1367x2048.png 1367w\" sizes=\"auto, (max-width: 683px) 100vw, 683px\" \/><figcaption>1000 GR<\/figcaption><\/figure>\n<\/figure>\n\n\n\n<p>Dana etinden \u00fcretilmi\u015ftir. Formu talep \u00fczerine kare olarak imal edilmi\u015ftir. \u0130nce \u0131zgarada yap\u0131l\u0131rsa \u00e7ok lezzetli olur.<\/p>\n\n\n\n<figure class=\"wp-block-table is-style-stripes\"><table><tbody><tr><td class=\"has-text-align-center\" data-align=\"center\"><strong>Tane Gramaj<\/strong><\/td><td class=\"has-text-align-center\" data-align=\"center\"><strong>Paket Gramaj<\/strong><\/td><td class=\"has-text-align-center\" data-align=\"center\"><strong>Paket Adet<\/strong><\/td><\/tr><tr><td class=\"has-text-align-center\" data-align=\"center\">34-36<\/td><td class=\"has-text-align-center\" data-align=\"center\">400<\/td><td class=\"has-text-align-center\" data-align=\"center\">11-12<\/td><\/tr><tr><td class=\"has-text-align-center\" data-align=\"center\">34-36<\/td><td class=\"has-text-align-center\" data-align=\"center\">1000<\/td><td class=\"has-text-align-center\" data-align=\"center\">28-30<\/td><\/tr><\/tbody><\/table><\/figure>\n\n\n\n<figure class=\"wp-block-gallery has-nested-images columns-default is-cropped wp-block-gallery-2 is-layout-flex wp-block-gallery-is-layout-flex\">\n<figure class=\"wp-block-image size-large\"><img loading=\"lazy\" decoding=\"async\" width=\"684\" height=\"1024\" data-id=\"401\" src=\"https:\/\/www.damakkofte.com.tr\/wp-content\/uploads\/2022\/07\/69340b22-8fe5-4f9c-b682-4b6b4b436330-684x1024.jpg\" alt=\"\" class=\"wp-image-401\" srcset=\"https:\/\/www.damakkofte.com.tr\/wp-content\/uploads\/2022\/07\/69340b22-8fe5-4f9c-b682-4b6b4b436330-684x1024.jpg 684w, https:\/\/www.damakkofte.com.tr\/wp-content\/uploads\/2022\/07\/69340b22-8fe5-4f9c-b682-4b6b4b436330-200x300.jpg 200w, https:\/\/www.damakkofte.com.tr\/wp-content\/uploads\/2022\/07\/69340b22-8fe5-4f9c-b682-4b6b4b436330-768x1151.jpg 768w, https:\/\/www.damakkofte.com.tr\/wp-content\/uploads\/2022\/07\/69340b22-8fe5-4f9c-b682-4b6b4b436330-1025x1536.jpg 1025w, https:\/\/www.damakkofte.com.tr\/wp-content\/uploads\/2022\/07\/69340b22-8fe5-4f9c-b682-4b6b4b436330.jpg 1068w\" sizes=\"auto, (max-width: 684px) 100vw, 684px\" \/><figcaption>Damak \u0130neg\u00f6l K\u00f6fte<\/figcaption><\/figure>\n<\/figure>\n","protected":false},"excerpt":{"rendered":"<p>Dana etinden \u00fcretilmi\u015ftir. Formu talep \u00fczerine kare olarak imal edilmi\u015ftir. \u0130nce \u0131zgarada yap\u0131l\u0131rsa \u00e7ok lezzetli olur. Tane Gramaj Paket Gramaj Paket Adet 34-36 400 11-12 34-36 1000 28-30<\/p>\n","protected":false},"author":1,"featured_media":0,"parent":0,"menu_order":0,"comment_status":"closed","ping_status":"closed","template":"templates\/template-page-full-width.php","meta":{"footnotes":""},"class_list":["post-397","page","type-page","status-publish","hentry"],"_links":{"self":[{"href":"https:\/\/www.damakkofte.com.tr\/index.php\/wp-json\/wp\/v2\/pages\/397","targetHints":{"allow":["GET"]}}],"collection":[{"href":"https:\/\/www.damakkofte.com.tr\/index.php\/wp-json\/wp\/v2\/pages"}],"about":[{"href":"https:\/\/www.damakkofte.com.tr\/index.php\/wp-json\/wp\/v2\/types\/page"}],"author":[{"embeddable":true,"href":"https:\/\/www.damakkofte.com.tr\/index.php\/wp-json\/wp\/v2\/users\/1"}],"replies":[{"embeddable":true,"href":"https:\/\/www.damakkofte.com.tr\/index.php\/wp-json\/wp\/v2\/comments?post=397"}],"version-history":[{"count":3,"href":"https:\/\/www.damakkofte.com.tr\/index.php\/wp-json\/wp\/v2\/pages\/397\/revisions"}],"predecessor-version":[{"id":431,"href":"https:\/\/www.damakkofte.com.tr\/index.php\/wp-json\/wp\/v2\/pages\/397\/revisions\/431"}],"wp:attachment":[{"href":"https:\/\/www.damakkofte.com.tr\/index.php\/wp-json\/wp\/v2\/media?parent=397"}],"curies":[{"name":"wp","href":"https:\/\/api.w.org\/{rel}","templated":true}]}}