{"id":404,"date":"2022-07-12T12:21:49","date_gmt":"2022-07-12T09:21:49","guid":{"rendered":"https:\/\/www.damakkofte.com.tr\/?page_id=404"},"modified":"2022-07-12T13:19:06","modified_gmt":"2022-07-12T10:19:06","slug":"damak-izgara-kofte","status":"publish","type":"page","link":"https:\/\/www.damakkofte.com.tr\/index.php\/damak-izgara-kofte\/","title":{"rendered":"Damak Izgara K\u00f6fte"},"content":{"rendered":"\n<figure class=\"wp-block-gallery has-nested-images columns-default is-cropped wp-block-gallery-1 is-layout-flex wp-block-gallery-is-layout-flex\">\n<figure class=\"wp-block-image size-large\"><img loading=\"lazy\" decoding=\"async\" width=\"625\" height=\"1024\" data-id=\"406\" src=\"https:\/\/www.damakkofte.com.tr\/wp-content\/uploads\/2022\/07\/Damak-Izgara-400-625x1024.png\" alt=\"\" class=\"wp-image-406\" srcset=\"https:\/\/www.damakkofte.com.tr\/wp-content\/uploads\/2022\/07\/Damak-Izgara-400-625x1024.png 625w, https:\/\/www.damakkofte.com.tr\/wp-content\/uploads\/2022\/07\/Damak-Izgara-400-183x300.png 183w, https:\/\/www.damakkofte.com.tr\/wp-content\/uploads\/2022\/07\/Damak-Izgara-400-768x1258.png 768w, https:\/\/www.damakkofte.com.tr\/wp-content\/uploads\/2022\/07\/Damak-Izgara-400.png 916w\" sizes=\"auto, (max-width: 625px) 100vw, 625px\" \/><figcaption>400 GR<\/figcaption><\/figure>\n\n\n\n<figure class=\"wp-block-image size-large\"><img loading=\"lazy\" decoding=\"async\" width=\"678\" height=\"1024\" data-id=\"407\" src=\"https:\/\/www.damakkofte.com.tr\/wp-content\/uploads\/2022\/07\/Damak-Izgara-1000-678x1024.png\" alt=\"\" class=\"wp-image-407\" srcset=\"https:\/\/www.damakkofte.com.tr\/wp-content\/uploads\/2022\/07\/Damak-Izgara-1000-678x1024.png 678w, https:\/\/www.damakkofte.com.tr\/wp-content\/uploads\/2022\/07\/Damak-Izgara-1000-199x300.png 199w, https:\/\/www.damakkofte.com.tr\/wp-content\/uploads\/2022\/07\/Damak-Izgara-1000-768x1160.png 768w, https:\/\/www.damakkofte.com.tr\/wp-content\/uploads\/2022\/07\/Damak-Izgara-1000.png 993w\" sizes=\"auto, (max-width: 678px) 100vw, 678px\" \/><figcaption>1000 GR<\/figcaption><\/figure>\n\n\n\n<figure class=\"wp-block-image size-large\"><img loading=\"lazy\" decoding=\"async\" width=\"1024\" height=\"1008\" data-id=\"408\" src=\"https:\/\/www.damakkofte.com.tr\/wp-content\/uploads\/2022\/07\/Damak-Izgara-5000-1024x1008.png\" alt=\"\" class=\"wp-image-408\" srcset=\"https:\/\/www.damakkofte.com.tr\/wp-content\/uploads\/2022\/07\/Damak-Izgara-5000-1024x1008.png 1024w, https:\/\/www.damakkofte.com.tr\/wp-content\/uploads\/2022\/07\/Damak-Izgara-5000-300x295.png 300w, https:\/\/www.damakkofte.com.tr\/wp-content\/uploads\/2022\/07\/Damak-Izgara-5000-768x756.png 768w, https:\/\/www.damakkofte.com.tr\/wp-content\/uploads\/2022\/07\/Damak-Izgara-5000.png 1500w\" sizes=\"auto, (max-width: 1024px) 100vw, 1024px\" \/><figcaption>5000 GR Koli<\/figcaption><\/figure>\n\n\n\n<figure class=\"wp-block-image size-large\"><img loading=\"lazy\" decoding=\"async\" width=\"1024\" height=\"544\" data-id=\"405\" src=\"https:\/\/www.damakkofte.com.tr\/wp-content\/uploads\/2022\/07\/Damak-Izgara-5000-1-1024x544.png\" alt=\"\" class=\"wp-image-405\" srcset=\"https:\/\/www.damakkofte.com.tr\/wp-content\/uploads\/2022\/07\/Damak-Izgara-5000-1-1024x544.png 1024w, https:\/\/www.damakkofte.com.tr\/wp-content\/uploads\/2022\/07\/Damak-Izgara-5000-1-300x159.png 300w, https:\/\/www.damakkofte.com.tr\/wp-content\/uploads\/2022\/07\/Damak-Izgara-5000-1-768x408.png 768w, https:\/\/www.damakkofte.com.tr\/wp-content\/uploads\/2022\/07\/Damak-Izgara-5000-1.png 1500w\" sizes=\"auto, (max-width: 1024px) 100vw, 1024px\" \/><figcaption>5000 GR Koli<\/figcaption><\/figure>\n<\/figure>\n\n\n\n<p>Tek \u00e7ekim ve kal\u0131n kafesten \u00e7ekilmi\u015ftir. Az kar\u0131\u015ft\u0131r\u0131l\u0131p etin \u00f6zelli\u011fi korunmu\u015ftur. So\u011fan\u0131 biraz daha fazla olup kal\u0131n telli \u0131zgarada pi\u015firilmesi tavsiye olunur.<\/p>\n\n\n\n<figure class=\"wp-block-table is-style-stripes\"><table><tbody><tr><td class=\"has-text-align-center\" data-align=\"center\">Tane Gramaj<\/td><td class=\"has-text-align-center\" data-align=\"center\">Paket Gramaj<\/td><td class=\"has-text-align-center\" data-align=\"center\">Paket Adet<\/td><\/tr><tr><td class=\"has-text-align-center\" data-align=\"center\">18-20<\/td><td class=\"has-text-align-center\" data-align=\"center\">400<\/td><td class=\"has-text-align-center\" data-align=\"center\">20-22<\/td><\/tr><tr><td class=\"has-text-align-center\" data-align=\"center\">18-20<\/td><td class=\"has-text-align-center\" data-align=\"center\">1000<\/td><td class=\"has-text-align-center\" data-align=\"center\">50-56<\/td><\/tr><tr><td class=\"has-text-align-center\" data-align=\"center\">18-20<\/td><td class=\"has-text-align-center\" data-align=\"center\">5000<\/td><td class=\"has-text-align-center\" data-align=\"center\">250-278<\/td><\/tr><\/tbody><\/table><\/figure>\n\n\n\n<figure class=\"wp-block-gallery has-nested-images columns-default is-cropped wp-block-gallery-2 is-layout-flex wp-block-gallery-is-layout-flex\">\n<figure class=\"wp-block-image size-large\"><img loading=\"lazy\" decoding=\"async\" width=\"684\" height=\"1024\" data-id=\"409\" src=\"https:\/\/www.damakkofte.com.tr\/wp-content\/uploads\/2022\/07\/18439199-67c6-4b8a-8db2-0d1e51777a00-684x1024.jpg\" alt=\"\" class=\"wp-image-409\" srcset=\"https:\/\/www.damakkofte.com.tr\/wp-content\/uploads\/2022\/07\/18439199-67c6-4b8a-8db2-0d1e51777a00-684x1024.jpg 684w, https:\/\/www.damakkofte.com.tr\/wp-content\/uploads\/2022\/07\/18439199-67c6-4b8a-8db2-0d1e51777a00-200x300.jpg 200w, https:\/\/www.damakkofte.com.tr\/wp-content\/uploads\/2022\/07\/18439199-67c6-4b8a-8db2-0d1e51777a00-768x1151.jpg 768w, https:\/\/www.damakkofte.com.tr\/wp-content\/uploads\/2022\/07\/18439199-67c6-4b8a-8db2-0d1e51777a00-1025x1536.jpg 1025w, https:\/\/www.damakkofte.com.tr\/wp-content\/uploads\/2022\/07\/18439199-67c6-4b8a-8db2-0d1e51777a00.jpg 1068w\" sizes=\"auto, (max-width: 684px) 100vw, 684px\" \/><figcaption>Damak Izgara K\u00f6fte<\/figcaption><\/figure>\n<\/figure>\n","protected":false},"excerpt":{"rendered":"<p>Tek \u00e7ekim ve kal\u0131n kafesten \u00e7ekilmi\u015ftir. Az kar\u0131\u015ft\u0131r\u0131l\u0131p etin \u00f6zelli\u011fi korunmu\u015ftur. So\u011fan\u0131 biraz daha fazla olup kal\u0131n telli \u0131zgarada pi\u015firilmesi tavsiye olunur. Tane Gramaj Paket Gramaj Paket Adet 18-20 400 20-22 18-20 1000 50-56 18-20 5000 250-278<\/p>\n","protected":false},"author":1,"featured_media":0,"parent":0,"menu_order":0,"comment_status":"closed","ping_status":"closed","template":"templates\/template-page-full-width.php","meta":{"footnotes":""},"class_list":["post-404","page","type-page","status-publish","hentry"],"_links":{"self":[{"href":"https:\/\/www.damakkofte.com.tr\/index.php\/wp-json\/wp\/v2\/pages\/404","targetHints":{"allow":["GET"]}}],"collection":[{"href":"https:\/\/www.damakkofte.com.tr\/index.php\/wp-json\/wp\/v2\/pages"}],"about":[{"href":"https:\/\/www.damakkofte.com.tr\/index.php\/wp-json\/wp\/v2\/types\/page"}],"author":[{"embeddable":true,"href":"https:\/\/www.damakkofte.com.tr\/index.php\/wp-json\/wp\/v2\/users\/1"}],"replies":[{"embeddable":true,"href":"https:\/\/www.damakkofte.com.tr\/index.php\/wp-json\/wp\/v2\/comments?post=404"}],"version-history":[{"count":1,"href":"https:\/\/www.damakkofte.com.tr\/index.php\/wp-json\/wp\/v2\/pages\/404\/revisions"}],"predecessor-version":[{"id":410,"href":"https:\/\/www.damakkofte.com.tr\/index.php\/wp-json\/wp\/v2\/pages\/404\/revisions\/410"}],"wp:attachment":[{"href":"https:\/\/www.damakkofte.com.tr\/index.php\/wp-json\/wp\/v2\/media?parent=404"}],"curies":[{"name":"wp","href":"https:\/\/api.w.org\/{rel}","templated":true}]}}