{"id":419,"date":"2022-07-12T13:05:32","date_gmt":"2022-07-12T10:05:32","guid":{"rendered":"https:\/\/www.damakkofte.com.tr\/?page_id=419"},"modified":"2022-07-12T13:31:19","modified_gmt":"2022-07-12T10:31:19","slug":"damak-misket-kofte","status":"publish","type":"page","link":"https:\/\/www.damakkofte.com.tr\/index.php\/damak-misket-kofte\/","title":{"rendered":"Damak Misket K\u00f6fte"},"content":{"rendered":"\n<figure class=\"wp-block-gallery has-nested-images columns-default is-cropped wp-block-gallery-1 is-layout-flex wp-block-gallery-is-layout-flex\">\n<figure class=\"wp-block-image size-large\"><img loading=\"lazy\" decoding=\"async\" width=\"681\" height=\"1024\" data-id=\"426\" src=\"https:\/\/www.damakkofte.com.tr\/wp-content\/uploads\/2022\/07\/Damak-Misket-400-1-681x1024.png\" alt=\"\" class=\"wp-image-426\" srcset=\"https:\/\/www.damakkofte.com.tr\/wp-content\/uploads\/2022\/07\/Damak-Misket-400-1-681x1024.png 681w, https:\/\/www.damakkofte.com.tr\/wp-content\/uploads\/2022\/07\/Damak-Misket-400-1-199x300.png 199w, https:\/\/www.damakkofte.com.tr\/wp-content\/uploads\/2022\/07\/Damak-Misket-400-1-768x1155.png 768w, https:\/\/www.damakkofte.com.tr\/wp-content\/uploads\/2022\/07\/Damak-Misket-400-1.png 997w\" sizes=\"auto, (max-width: 681px) 100vw, 681px\" \/><figcaption>400 GR<\/figcaption><\/figure>\n\n\n\n<figure class=\"wp-block-image size-large\"><img loading=\"lazy\" decoding=\"async\" width=\"624\" height=\"1024\" data-id=\"421\" src=\"https:\/\/www.damakkofte.com.tr\/wp-content\/uploads\/2022\/07\/Damak-Misket-1000-624x1024.png\" alt=\"\" class=\"wp-image-421\" srcset=\"https:\/\/www.damakkofte.com.tr\/wp-content\/uploads\/2022\/07\/Damak-Misket-1000-624x1024.png 624w, https:\/\/www.damakkofte.com.tr\/wp-content\/uploads\/2022\/07\/Damak-Misket-1000-183x300.png 183w, https:\/\/www.damakkofte.com.tr\/wp-content\/uploads\/2022\/07\/Damak-Misket-1000-768x1260.png 768w, https:\/\/www.damakkofte.com.tr\/wp-content\/uploads\/2022\/07\/Damak-Misket-1000-936x1536.png 936w, https:\/\/www.damakkofte.com.tr\/wp-content\/uploads\/2022\/07\/Damak-Misket-1000-1248x2048.png 1248w\" sizes=\"auto, (max-width: 624px) 100vw, 624px\" \/><figcaption>1000 GR<\/figcaption><\/figure>\n\n\n\n<figure class=\"wp-block-image size-large\"><img loading=\"lazy\" decoding=\"async\" width=\"972\" height=\"1024\" data-id=\"422\" src=\"https:\/\/www.damakkofte.com.tr\/wp-content\/uploads\/2022\/07\/Damak-Misket-5000-972x1024.png\" alt=\"\" class=\"wp-image-422\" srcset=\"https:\/\/www.damakkofte.com.tr\/wp-content\/uploads\/2022\/07\/Damak-Misket-5000-972x1024.png 972w, https:\/\/www.damakkofte.com.tr\/wp-content\/uploads\/2022\/07\/Damak-Misket-5000-285x300.png 285w, https:\/\/www.damakkofte.com.tr\/wp-content\/uploads\/2022\/07\/Damak-Misket-5000-768x809.png 768w, https:\/\/www.damakkofte.com.tr\/wp-content\/uploads\/2022\/07\/Damak-Misket-5000-1459x1536.png 1459w, https:\/\/www.damakkofte.com.tr\/wp-content\/uploads\/2022\/07\/Damak-Misket-5000-1945x2048.png 1945w\" sizes=\"auto, (max-width: 972px) 100vw, 972px\" \/><figcaption>5000 GR Koli<\/figcaption><\/figure>\n\n\n\n<figure class=\"wp-block-image size-large\"><img loading=\"lazy\" decoding=\"async\" width=\"1024\" height=\"544\" data-id=\"420\" src=\"https:\/\/www.damakkofte.com.tr\/wp-content\/uploads\/2022\/07\/Damak-Misket-5000-1-1024x544.png\" alt=\"\" class=\"wp-image-420\" srcset=\"https:\/\/www.damakkofte.com.tr\/wp-content\/uploads\/2022\/07\/Damak-Misket-5000-1-1024x544.png 1024w, https:\/\/www.damakkofte.com.tr\/wp-content\/uploads\/2022\/07\/Damak-Misket-5000-1-300x159.png 300w, https:\/\/www.damakkofte.com.tr\/wp-content\/uploads\/2022\/07\/Damak-Misket-5000-1-768x408.png 768w, https:\/\/www.damakkofte.com.tr\/wp-content\/uploads\/2022\/07\/Damak-Misket-5000-1-1536x816.png 1536w, https:\/\/www.damakkofte.com.tr\/wp-content\/uploads\/2022\/07\/Damak-Misket-5000-1-2048x1088.png 2048w\" sizes=\"auto, (max-width: 1024px) 100vw, 1024px\" \/><figcaption>5000 GR Koli<\/figcaption><\/figure>\n<\/figure>\n\n\n\n<p>Dana etinden \u00fcretilmi\u015ftir. Misket formunda \u00fcretilen k\u00f6fteler tavada ve d\u00fcz \u0131zgarada pi\u015firmeye uygundur.<\/p>\n\n\n\n<figure class=\"wp-block-table is-style-stripes\"><table><tbody><tr><td class=\"has-text-align-center\" data-align=\"center\"><strong>Tane Gramaj<\/strong><\/td><td class=\"has-text-align-center\" data-align=\"center\"><strong>Paket Gramaj<\/strong><\/td><td class=\"has-text-align-center\" data-align=\"center\"><strong>Paket Adet<\/strong><\/td><\/tr><tr><td class=\"has-text-align-center\" data-align=\"center\">8-9<\/td><td class=\"has-text-align-center\" data-align=\"center\">400<\/td><td class=\"has-text-align-center\" data-align=\"center\">40-45<\/td><\/tr><tr><td class=\"has-text-align-center\" data-align=\"center\">8-9<\/td><td class=\"has-text-align-center\" data-align=\"center\">1000<\/td><td class=\"has-text-align-center\" data-align=\"center\">111-125<\/td><\/tr><tr><td class=\"has-text-align-center\" data-align=\"center\">8-9<\/td><td class=\"has-text-align-center\" data-align=\"center\">5000<\/td><td class=\"has-text-align-center\" data-align=\"center\">556-625<\/td><\/tr><\/tbody><\/table><\/figure>\n\n\n\n<figure class=\"wp-block-gallery has-nested-images columns-default is-cropped wp-block-gallery-2 is-layout-flex wp-block-gallery-is-layout-flex\">\n<figure class=\"wp-block-image size-large\"><img loading=\"lazy\" decoding=\"async\" width=\"684\" height=\"1024\" data-id=\"425\" src=\"https:\/\/www.damakkofte.com.tr\/wp-content\/uploads\/2022\/07\/a880e045-a841-48c6-bc48-2900f0ef07cc-684x1024.jpg\" alt=\"\" class=\"wp-image-425\" srcset=\"https:\/\/www.damakkofte.com.tr\/wp-content\/uploads\/2022\/07\/a880e045-a841-48c6-bc48-2900f0ef07cc-684x1024.jpg 684w, https:\/\/www.damakkofte.com.tr\/wp-content\/uploads\/2022\/07\/a880e045-a841-48c6-bc48-2900f0ef07cc-200x300.jpg 200w, https:\/\/www.damakkofte.com.tr\/wp-content\/uploads\/2022\/07\/a880e045-a841-48c6-bc48-2900f0ef07cc-768x1151.jpg 768w, https:\/\/www.damakkofte.com.tr\/wp-content\/uploads\/2022\/07\/a880e045-a841-48c6-bc48-2900f0ef07cc-1025x1536.jpg 1025w, https:\/\/www.damakkofte.com.tr\/wp-content\/uploads\/2022\/07\/a880e045-a841-48c6-bc48-2900f0ef07cc.jpg 1068w\" sizes=\"auto, (max-width: 684px) 100vw, 684px\" \/><figcaption>Damak Misket K\u00f6fte<\/figcaption><\/figure>\n\n\n\n<figure class=\"wp-block-image size-large\"><img loading=\"lazy\" decoding=\"async\" width=\"1024\" height=\"684\" data-id=\"424\" src=\"https:\/\/www.damakkofte.com.tr\/wp-content\/uploads\/2022\/07\/b1bdf9f2-5e0a-4bdb-ad4a-cf798b5ae441-1024x684.jpg\" alt=\"\" class=\"wp-image-424\" srcset=\"https:\/\/www.damakkofte.com.tr\/wp-content\/uploads\/2022\/07\/b1bdf9f2-5e0a-4bdb-ad4a-cf798b5ae441-1024x684.jpg 1024w, https:\/\/www.damakkofte.com.tr\/wp-content\/uploads\/2022\/07\/b1bdf9f2-5e0a-4bdb-ad4a-cf798b5ae441-300x200.jpg 300w, https:\/\/www.damakkofte.com.tr\/wp-content\/uploads\/2022\/07\/b1bdf9f2-5e0a-4bdb-ad4a-cf798b5ae441-768x513.jpg 768w, https:\/\/www.damakkofte.com.tr\/wp-content\/uploads\/2022\/07\/b1bdf9f2-5e0a-4bdb-ad4a-cf798b5ae441-1536x1025.jpg 1536w, https:\/\/www.damakkofte.com.tr\/wp-content\/uploads\/2022\/07\/b1bdf9f2-5e0a-4bdb-ad4a-cf798b5ae441.jpg 1600w\" sizes=\"auto, (max-width: 1024px) 100vw, 1024px\" \/><figcaption>Damak Misket K\u00f6fte<\/figcaption><\/figure>\n<\/figure>\n","protected":false},"excerpt":{"rendered":"<p>Dana etinden \u00fcretilmi\u015ftir. Misket formunda \u00fcretilen k\u00f6fteler tavada ve d\u00fcz \u0131zgarada pi\u015firmeye uygundur. Tane Gramaj Paket Gramaj Paket Adet 8-9 400 40-45 8-9 1000 111-125 8-9 5000 556-625<\/p>\n","protected":false},"author":1,"featured_media":0,"parent":0,"menu_order":0,"comment_status":"closed","ping_status":"closed","template":"templates\/template-page-full-width.php","meta":{"footnotes":""},"class_list":["post-419","page","type-page","status-publish","hentry"],"_links":{"self":[{"href":"https:\/\/www.damakkofte.com.tr\/index.php\/wp-json\/wp\/v2\/pages\/419","targetHints":{"allow":["GET"]}}],"collection":[{"href":"https:\/\/www.damakkofte.com.tr\/index.php\/wp-json\/wp\/v2\/pages"}],"about":[{"href":"https:\/\/www.damakkofte.com.tr\/index.php\/wp-json\/wp\/v2\/types\/page"}],"author":[{"embeddable":true,"href":"https:\/\/www.damakkofte.com.tr\/index.php\/wp-json\/wp\/v2\/users\/1"}],"replies":[{"embeddable":true,"href":"https:\/\/www.damakkofte.com.tr\/index.php\/wp-json\/wp\/v2\/comments?post=419"}],"version-history":[{"count":1,"href":"https:\/\/www.damakkofte.com.tr\/index.php\/wp-json\/wp\/v2\/pages\/419\/revisions"}],"predecessor-version":[{"id":427,"href":"https:\/\/www.damakkofte.com.tr\/index.php\/wp-json\/wp\/v2\/pages\/419\/revisions\/427"}],"wp:attachment":[{"href":"https:\/\/www.damakkofte.com.tr\/index.php\/wp-json\/wp\/v2\/media?parent=419"}],"curies":[{"name":"wp","href":"https:\/\/api.w.org\/{rel}","templated":true}]}}