{"id":428,"date":"2022-07-12T14:58:31","date_gmt":"2022-07-12T11:58:31","guid":{"rendered":"https:\/\/www.damakkofte.com.tr\/?page_id=428"},"modified":"2022-07-12T14:59:02","modified_gmt":"2022-07-12T11:59:02","slug":"damak-cheddar-kapama-kofte","status":"publish","type":"page","link":"https:\/\/www.damakkofte.com.tr\/index.php\/damak-cheddar-kapama-kofte\/","title":{"rendered":"Damak Cheddar Kapama K\u00f6fte"},"content":{"rendered":"\n<figure class=\"wp-block-gallery has-nested-images columns-default is-cropped wp-block-gallery-1 is-layout-flex wp-block-gallery-is-layout-flex\">\n<figure class=\"wp-block-image size-large\"><img loading=\"lazy\" decoding=\"async\" width=\"656\" height=\"1024\" data-id=\"429\" src=\"https:\/\/www.damakkofte.com.tr\/wp-content\/uploads\/2022\/07\/Cheddar-Kapama-400-656x1024.png\" alt=\"\" class=\"wp-image-429\" srcset=\"https:\/\/www.damakkofte.com.tr\/wp-content\/uploads\/2022\/07\/Cheddar-Kapama-400-656x1024.png 656w, https:\/\/www.damakkofte.com.tr\/wp-content\/uploads\/2022\/07\/Cheddar-Kapama-400-192x300.png 192w, https:\/\/www.damakkofte.com.tr\/wp-content\/uploads\/2022\/07\/Cheddar-Kapama-400-768x1199.png 768w, https:\/\/www.damakkofte.com.tr\/wp-content\/uploads\/2022\/07\/Cheddar-Kapama-400.png 961w\" sizes=\"auto, (max-width: 656px) 100vw, 656px\" \/><figcaption>400 GR<\/figcaption><\/figure>\n\n\n\n<figure class=\"wp-block-image size-large\"><img loading=\"lazy\" decoding=\"async\" width=\"683\" height=\"1024\" data-id=\"430\" src=\"https:\/\/www.damakkofte.com.tr\/wp-content\/uploads\/2022\/07\/Cheddar-Kapama-1000-683x1024.png\" alt=\"\" class=\"wp-image-430\" srcset=\"https:\/\/www.damakkofte.com.tr\/wp-content\/uploads\/2022\/07\/Cheddar-Kapama-1000-683x1024.png 683w, https:\/\/www.damakkofte.com.tr\/wp-content\/uploads\/2022\/07\/Cheddar-Kapama-1000-200x300.png 200w, https:\/\/www.damakkofte.com.tr\/wp-content\/uploads\/2022\/07\/Cheddar-Kapama-1000-768x1151.png 768w, https:\/\/www.damakkofte.com.tr\/wp-content\/uploads\/2022\/07\/Cheddar-Kapama-1000.png 1001w\" sizes=\"auto, (max-width: 683px) 100vw, 683px\" \/><figcaption>1000 GR<\/figcaption><\/figure>\n<\/figure>\n\n\n\n<p>Dana eti ve cheddar peyniri ile \u00fcretilir. Po\u011fa\u00e7a \u015feklinde kapat\u0131l\u0131r. Plate (d\u00fcz) \u0131zgarada hafif ate\u015fte pi\u015firilmesi uygundur.<\/p>\n\n\n\n<figure class=\"wp-block-table is-style-stripes\"><table><tbody><tr><td class=\"has-text-align-center\" data-align=\"center\"><strong>Tane Gramaj<\/strong><\/td><td class=\"has-text-align-center\" data-align=\"center\"><strong>Paket Gramaj<\/strong><\/td><td class=\"has-text-align-center\" data-align=\"center\"><strong>Paket Adet<\/strong><\/td><\/tr><tr><td class=\"has-text-align-center\" data-align=\"center\">58-60<\/td><td class=\"has-text-align-center\" data-align=\"center\">400<\/td><td class=\"has-text-align-center\" data-align=\"center\">7<\/td><\/tr><tr><td class=\"has-text-align-center\" data-align=\"center\">58-60<\/td><td class=\"has-text-align-center\" data-align=\"center\">1000<\/td><td class=\"has-text-align-center\" data-align=\"center\">17<\/td><\/tr><\/tbody><\/table><\/figure>\n\n\n\n<figure class=\"wp-block-gallery has-nested-images columns-default is-cropped wp-block-gallery-2 is-layout-flex wp-block-gallery-is-layout-flex\">\n<figure class=\"wp-block-image size-large\"><img loading=\"lazy\" decoding=\"async\" width=\"1024\" height=\"577\" data-id=\"434\" src=\"https:\/\/www.damakkofte.com.tr\/wp-content\/uploads\/2022\/07\/DSCF4524-site-2-1024x577.jpg\" alt=\"\" class=\"wp-image-434\" srcset=\"https:\/\/www.damakkofte.com.tr\/wp-content\/uploads\/2022\/07\/DSCF4524-site-2-1024x577.jpg 1024w, https:\/\/www.damakkofte.com.tr\/wp-content\/uploads\/2022\/07\/DSCF4524-site-2-300x169.jpg 300w, https:\/\/www.damakkofte.com.tr\/wp-content\/uploads\/2022\/07\/DSCF4524-site-2-768x432.jpg 768w, https:\/\/www.damakkofte.com.tr\/wp-content\/uploads\/2022\/07\/DSCF4524-site-2-1536x865.jpg 1536w, https:\/\/www.damakkofte.com.tr\/wp-content\/uploads\/2022\/07\/DSCF4524-site-2.jpg 2000w\" sizes=\"auto, (max-width: 1024px) 100vw, 1024px\" \/><figcaption>Damak Cheddar Kapama K\u00f6fte<\/figcaption><\/figure>\n<\/figure>\n","protected":false},"excerpt":{"rendered":"<p>Dana eti ve cheddar peyniri ile \u00fcretilir. Po\u011fa\u00e7a \u015feklinde kapat\u0131l\u0131r. Plate (d\u00fcz) \u0131zgarada hafif ate\u015fte pi\u015firilmesi uygundur. Tane Gramaj Paket Gramaj Paket Adet 58-60 400 7 58-60 1000 17<\/p>\n","protected":false},"author":1,"featured_media":0,"parent":0,"menu_order":0,"comment_status":"closed","ping_status":"closed","template":"templates\/template-page-full-width.php","meta":{"footnotes":""},"class_list":["post-428","page","type-page","status-publish","hentry"],"_links":{"self":[{"href":"https:\/\/www.damakkofte.com.tr\/index.php\/wp-json\/wp\/v2\/pages\/428","targetHints":{"allow":["GET"]}}],"collection":[{"href":"https:\/\/www.damakkofte.com.tr\/index.php\/wp-json\/wp\/v2\/pages"}],"about":[{"href":"https:\/\/www.damakkofte.com.tr\/index.php\/wp-json\/wp\/v2\/types\/page"}],"author":[{"embeddable":true,"href":"https:\/\/www.damakkofte.com.tr\/index.php\/wp-json\/wp\/v2\/users\/1"}],"replies":[{"embeddable":true,"href":"https:\/\/www.damakkofte.com.tr\/index.php\/wp-json\/wp\/v2\/comments?post=428"}],"version-history":[{"count":1,"href":"https:\/\/www.damakkofte.com.tr\/index.php\/wp-json\/wp\/v2\/pages\/428\/revisions"}],"predecessor-version":[{"id":435,"href":"https:\/\/www.damakkofte.com.tr\/index.php\/wp-json\/wp\/v2\/pages\/428\/revisions\/435"}],"wp:attachment":[{"href":"https:\/\/www.damakkofte.com.tr\/index.php\/wp-json\/wp\/v2\/media?parent=428"}],"curies":[{"name":"wp","href":"https:\/\/api.w.org\/{rel}","templated":true}]}}