{"id":437,"date":"2022-07-12T15:03:20","date_gmt":"2022-07-12T12:03:20","guid":{"rendered":"https:\/\/www.damakkofte.com.tr\/?page_id=437"},"modified":"2022-07-12T15:10:44","modified_gmt":"2022-07-12T12:10:44","slug":"damak-burger","status":"publish","type":"page","link":"https:\/\/www.damakkofte.com.tr\/index.php\/damak-burger\/","title":{"rendered":"Damak Burger"},"content":{"rendered":"\n<figure class=\"wp-block-gallery has-nested-images columns-default is-cropped wp-block-gallery-1 is-layout-flex wp-block-gallery-is-layout-flex\">\n<figure class=\"wp-block-image size-large\"><img loading=\"lazy\" decoding=\"async\" width=\"623\" height=\"1024\" data-id=\"439\" src=\"https:\/\/www.damakkofte.com.tr\/wp-content\/uploads\/2022\/07\/Damak-Burger-400-623x1024.png\" alt=\"\" class=\"wp-image-439\" srcset=\"https:\/\/www.damakkofte.com.tr\/wp-content\/uploads\/2022\/07\/Damak-Burger-400-623x1024.png 623w, https:\/\/www.damakkofte.com.tr\/wp-content\/uploads\/2022\/07\/Damak-Burger-400-182x300.png 182w, https:\/\/www.damakkofte.com.tr\/wp-content\/uploads\/2022\/07\/Damak-Burger-400-768x1263.png 768w, https:\/\/www.damakkofte.com.tr\/wp-content\/uploads\/2022\/07\/Damak-Burger-400.png 912w\" sizes=\"auto, (max-width: 623px) 100vw, 623px\" \/><figcaption>400 GR<\/figcaption><\/figure>\n\n\n\n<figure class=\"wp-block-image size-large\"><img loading=\"lazy\" decoding=\"async\" width=\"682\" height=\"1024\" data-id=\"440\" src=\"https:\/\/www.damakkofte.com.tr\/wp-content\/uploads\/2022\/07\/Damak-Burger-1000-682x1024.png\" alt=\"\" class=\"wp-image-440\" srcset=\"https:\/\/www.damakkofte.com.tr\/wp-content\/uploads\/2022\/07\/Damak-Burger-1000-682x1024.png 682w, https:\/\/www.damakkofte.com.tr\/wp-content\/uploads\/2022\/07\/Damak-Burger-1000-200x300.png 200w, https:\/\/www.damakkofte.com.tr\/wp-content\/uploads\/2022\/07\/Damak-Burger-1000-768x1153.png 768w, https:\/\/www.damakkofte.com.tr\/wp-content\/uploads\/2022\/07\/Damak-Burger-1000.png 999w\" sizes=\"auto, (max-width: 682px) 100vw, 682px\" \/><figcaption>1000 GR<\/figcaption><\/figure>\n\n\n\n<figure class=\"wp-block-image size-large\"><img loading=\"lazy\" decoding=\"async\" width=\"933\" height=\"1024\" data-id=\"441\" src=\"https:\/\/www.damakkofte.com.tr\/wp-content\/uploads\/2022\/07\/Damak-Burger-5000-933x1024.png\" alt=\"\" class=\"wp-image-441\" srcset=\"https:\/\/www.damakkofte.com.tr\/wp-content\/uploads\/2022\/07\/Damak-Burger-5000-933x1024.png 933w, https:\/\/www.damakkofte.com.tr\/wp-content\/uploads\/2022\/07\/Damak-Burger-5000-273x300.png 273w, https:\/\/www.damakkofte.com.tr\/wp-content\/uploads\/2022\/07\/Damak-Burger-5000-768x843.png 768w, https:\/\/www.damakkofte.com.tr\/wp-content\/uploads\/2022\/07\/Damak-Burger-5000.png 1366w\" sizes=\"auto, (max-width: 933px) 100vw, 933px\" \/><figcaption>5000 GR Koli<\/figcaption><\/figure>\n\n\n\n<figure class=\"wp-block-image size-large\"><img loading=\"lazy\" decoding=\"async\" width=\"1024\" height=\"544\" data-id=\"438\" src=\"https:\/\/www.damakkofte.com.tr\/wp-content\/uploads\/2022\/07\/Damak-Burger-5000-1-1024x544.png\" alt=\"\" class=\"wp-image-438\" srcset=\"https:\/\/www.damakkofte.com.tr\/wp-content\/uploads\/2022\/07\/Damak-Burger-5000-1-1024x544.png 1024w, https:\/\/www.damakkofte.com.tr\/wp-content\/uploads\/2022\/07\/Damak-Burger-5000-1-300x159.png 300w, https:\/\/www.damakkofte.com.tr\/wp-content\/uploads\/2022\/07\/Damak-Burger-5000-1-768x408.png 768w, https:\/\/www.damakkofte.com.tr\/wp-content\/uploads\/2022\/07\/Damak-Burger-5000-1.png 1500w\" sizes=\"auto, (max-width: 1024px) 100vw, 1024px\" \/><figcaption>5000 GR Koli<\/figcaption><\/figure>\n<\/figure>\n\n\n\n<p>Dana ve kuzu eti kar\u0131\u015f\u0131m\u0131ndan \u00fcretilen Damak Burger, orijinal burger tad\u0131yla hamburger keyfini en \u00fcst seviyeye \u00e7\u0131kar\u0131r. Yava\u015f ate\u015fte d\u00fcz \u0131zgarada pi\u015firilmesi uygundur.<\/p>\n\n\n\n<figure class=\"wp-block-table is-style-stripes\"><table><tbody><tr><td class=\"has-text-align-center\" data-align=\"center\"><strong>Tane Gramaj<\/strong><\/td><td class=\"has-text-align-center\" data-align=\"center\"><strong>Paket Gramaj<\/strong><\/td><td class=\"has-text-align-center\" data-align=\"center\"><strong>Paket Adet<\/strong><\/td><\/tr><tr><td class=\"has-text-align-center\" data-align=\"center\">100-125<\/td><td class=\"has-text-align-center\" data-align=\"center\">400<\/td><td class=\"has-text-align-center\" data-align=\"center\">3-4<\/td><\/tr><tr><td class=\"has-text-align-center\" data-align=\"center\">100-125<\/td><td class=\"has-text-align-center\" data-align=\"center\">1000<\/td><td class=\"has-text-align-center\" data-align=\"center\">8-10<\/td><\/tr><tr><td class=\"has-text-align-center\" data-align=\"center\">100-125<\/td><td class=\"has-text-align-center\" data-align=\"center\">5000<\/td><td class=\"has-text-align-center\" data-align=\"center\">22-24<\/td><\/tr><\/tbody><\/table><\/figure>\n\n\n\n<figure class=\"wp-block-gallery has-nested-images columns-default is-cropped wp-block-gallery-2 is-layout-flex wp-block-gallery-is-layout-flex\">\n<figure class=\"wp-block-image size-large\"><img loading=\"lazy\" decoding=\"async\" width=\"1024\" height=\"684\" data-id=\"442\" src=\"https:\/\/www.damakkofte.com.tr\/wp-content\/uploads\/2022\/07\/5e26fcca-bdf9-4bb2-aeba-e7bb9eba2f2a-1024x684.jpg\" alt=\"\" class=\"wp-image-442\" srcset=\"https:\/\/www.damakkofte.com.tr\/wp-content\/uploads\/2022\/07\/5e26fcca-bdf9-4bb2-aeba-e7bb9eba2f2a-1024x684.jpg 1024w, https:\/\/www.damakkofte.com.tr\/wp-content\/uploads\/2022\/07\/5e26fcca-bdf9-4bb2-aeba-e7bb9eba2f2a-300x200.jpg 300w, https:\/\/www.damakkofte.com.tr\/wp-content\/uploads\/2022\/07\/5e26fcca-bdf9-4bb2-aeba-e7bb9eba2f2a-768x513.jpg 768w, https:\/\/www.damakkofte.com.tr\/wp-content\/uploads\/2022\/07\/5e26fcca-bdf9-4bb2-aeba-e7bb9eba2f2a-1536x1025.jpg 1536w, https:\/\/www.damakkofte.com.tr\/wp-content\/uploads\/2022\/07\/5e26fcca-bdf9-4bb2-aeba-e7bb9eba2f2a.jpg 1600w\" sizes=\"auto, (max-width: 1024px) 100vw, 1024px\" \/><figcaption>Damak Burger<\/figcaption><\/figure>\n<\/figure>\n","protected":false},"excerpt":{"rendered":"<p>Dana ve kuzu eti kar\u0131\u015f\u0131m\u0131ndan \u00fcretilen Damak Burger, orijinal burger tad\u0131yla hamburger keyfini en \u00fcst seviyeye \u00e7\u0131kar\u0131r. Yava\u015f ate\u015fte d\u00fcz \u0131zgarada pi\u015firilmesi uygundur. Tane Gramaj Paket Gramaj Paket Adet 100-125 400 3-4 100-125 1000 8-10 100-125 5000 22-24<\/p>\n","protected":false},"author":1,"featured_media":0,"parent":0,"menu_order":0,"comment_status":"closed","ping_status":"closed","template":"templates\/template-page-full-width.php","meta":{"footnotes":""},"class_list":["post-437","page","type-page","status-publish","hentry"],"_links":{"self":[{"href":"https:\/\/www.damakkofte.com.tr\/index.php\/wp-json\/wp\/v2\/pages\/437","targetHints":{"allow":["GET"]}}],"collection":[{"href":"https:\/\/www.damakkofte.com.tr\/index.php\/wp-json\/wp\/v2\/pages"}],"about":[{"href":"https:\/\/www.damakkofte.com.tr\/index.php\/wp-json\/wp\/v2\/types\/page"}],"author":[{"embeddable":true,"href":"https:\/\/www.damakkofte.com.tr\/index.php\/wp-json\/wp\/v2\/users\/1"}],"replies":[{"embeddable":true,"href":"https:\/\/www.damakkofte.com.tr\/index.php\/wp-json\/wp\/v2\/comments?post=437"}],"version-history":[{"count":1,"href":"https:\/\/www.damakkofte.com.tr\/index.php\/wp-json\/wp\/v2\/pages\/437\/revisions"}],"predecessor-version":[{"id":443,"href":"https:\/\/www.damakkofte.com.tr\/index.php\/wp-json\/wp\/v2\/pages\/437\/revisions\/443"}],"wp:attachment":[{"href":"https:\/\/www.damakkofte.com.tr\/index.php\/wp-json\/wp\/v2\/media?parent=437"}],"curies":[{"name":"wp","href":"https:\/\/api.w.org\/{rel}","templated":true}]}}