{"id":453,"date":"2022-07-12T16:40:16","date_gmt":"2022-07-12T13:40:16","guid":{"rendered":"https:\/\/www.damakkofte.com.tr\/?page_id=453"},"modified":"2022-07-12T17:10:47","modified_gmt":"2022-07-12T14:10:47","slug":"hindi-parmak-kofte","status":"publish","type":"page","link":"https:\/\/www.damakkofte.com.tr\/index.php\/hindi-parmak-kofte\/","title":{"rendered":"Hindi Parmak K\u00f6fte"},"content":{"rendered":"\n<figure class=\"wp-block-gallery has-nested-images columns-default is-cropped wp-block-gallery-1 is-layout-flex wp-block-gallery-is-layout-flex\">\n<figure class=\"wp-block-image size-large\"><img loading=\"lazy\" decoding=\"async\" width=\"633\" height=\"1024\" data-id=\"459\" src=\"https:\/\/www.damakkofte.com.tr\/wp-content\/uploads\/2022\/07\/Hindi-Parmak-400-1-633x1024.png\" alt=\"\" class=\"wp-image-459\" srcset=\"https:\/\/www.damakkofte.com.tr\/wp-content\/uploads\/2022\/07\/Hindi-Parmak-400-1-633x1024.png 633w, https:\/\/www.damakkofte.com.tr\/wp-content\/uploads\/2022\/07\/Hindi-Parmak-400-1-185x300.png 185w, https:\/\/www.damakkofte.com.tr\/wp-content\/uploads\/2022\/07\/Hindi-Parmak-400-1-768x1243.png 768w, https:\/\/www.damakkofte.com.tr\/wp-content\/uploads\/2022\/07\/Hindi-Parmak-400-1-949x1536.png 949w, https:\/\/www.damakkofte.com.tr\/wp-content\/uploads\/2022\/07\/Hindi-Parmak-400-1-1265x2048.png 1265w\" sizes=\"auto, (max-width: 633px) 100vw, 633px\" \/><figcaption>400 GR<\/figcaption><\/figure>\n\n\n\n<figure class=\"wp-block-image size-large\"><img loading=\"lazy\" decoding=\"async\" width=\"701\" height=\"1024\" data-id=\"457\" src=\"https:\/\/www.damakkofte.com.tr\/wp-content\/uploads\/2022\/07\/Hindi-Parmak-1000-701x1024.png\" alt=\"\" class=\"wp-image-457\" srcset=\"https:\/\/www.damakkofte.com.tr\/wp-content\/uploads\/2022\/07\/Hindi-Parmak-1000-701x1024.png 701w, https:\/\/www.damakkofte.com.tr\/wp-content\/uploads\/2022\/07\/Hindi-Parmak-1000-206x300.png 206w, https:\/\/www.damakkofte.com.tr\/wp-content\/uploads\/2022\/07\/Hindi-Parmak-1000-768x1121.png 768w, https:\/\/www.damakkofte.com.tr\/wp-content\/uploads\/2022\/07\/Hindi-Parmak-1000-1052x1536.png 1052w, https:\/\/www.damakkofte.com.tr\/wp-content\/uploads\/2022\/07\/Hindi-Parmak-1000-1403x2048.png 1403w\" sizes=\"auto, (max-width: 701px) 100vw, 701px\" \/><figcaption>1000 GR<\/figcaption><\/figure>\n\n\n\n<figure class=\"wp-block-image size-large\"><img loading=\"lazy\" decoding=\"async\" width=\"999\" height=\"1024\" data-id=\"456\" src=\"https:\/\/www.damakkofte.com.tr\/wp-content\/uploads\/2022\/07\/Hindi-Parmak-5000-999x1024.png\" alt=\"\" class=\"wp-image-456\" srcset=\"https:\/\/www.damakkofte.com.tr\/wp-content\/uploads\/2022\/07\/Hindi-Parmak-5000-999x1024.png 999w, https:\/\/www.damakkofte.com.tr\/wp-content\/uploads\/2022\/07\/Hindi-Parmak-5000-293x300.png 293w, https:\/\/www.damakkofte.com.tr\/wp-content\/uploads\/2022\/07\/Hindi-Parmak-5000-768x787.png 768w, https:\/\/www.damakkofte.com.tr\/wp-content\/uploads\/2022\/07\/Hindi-Parmak-5000-1498x1536.png 1498w, https:\/\/www.damakkofte.com.tr\/wp-content\/uploads\/2022\/07\/Hindi-Parmak-5000-1998x2048.png 1998w\" sizes=\"auto, (max-width: 999px) 100vw, 999px\" \/><figcaption>5000 GR Koli<\/figcaption><\/figure>\n<\/figure>\n\n\n\n<figure class=\"wp-block-image size-large\"><img loading=\"lazy\" decoding=\"async\" width=\"1024\" height=\"544\" src=\"https:\/\/www.damakkofte.com.tr\/wp-content\/uploads\/2022\/07\/Hindi-Parmak-5000-1-1-1024x544.png\" alt=\"\" class=\"wp-image-455\" srcset=\"https:\/\/www.damakkofte.com.tr\/wp-content\/uploads\/2022\/07\/Hindi-Parmak-5000-1-1-1024x544.png 1024w, https:\/\/www.damakkofte.com.tr\/wp-content\/uploads\/2022\/07\/Hindi-Parmak-5000-1-1-300x159.png 300w, https:\/\/www.damakkofte.com.tr\/wp-content\/uploads\/2022\/07\/Hindi-Parmak-5000-1-1-768x408.png 768w, https:\/\/www.damakkofte.com.tr\/wp-content\/uploads\/2022\/07\/Hindi-Parmak-5000-1-1-1536x816.png 1536w, https:\/\/www.damakkofte.com.tr\/wp-content\/uploads\/2022\/07\/Hindi-Parmak-5000-1-1-2048x1088.png 2048w\" sizes=\"auto, (max-width: 1024px) 100vw, 1024px\" \/><\/figure>\n\n\n\n<p>%100 hindi etinden \u00fcretilmi\u015ftir. Tekirda\u011f k\u00f6ftesi formunda parmak \u015feklinde \u00fcretilmektedir. Hindi etine \u00f6zel olu\u015fturdu\u011fumuz baharat re\u00e7etesiyle birle\u015ftirilmi\u015f olup oluklu ya da plate \u0131zgarada pi\u015firilmesi tavsiye olunur.<\/p>\n\n\n\n<figure class=\"wp-block-table is-style-stripes\"><table><tbody><tr><td class=\"has-text-align-center\" data-align=\"center\"><strong>Tane Gramaj<\/strong><\/td><td class=\"has-text-align-center\" data-align=\"center\"><strong>Paket Gramaj<\/strong><\/td><td class=\"has-text-align-center\" data-align=\"center\"><strong>Paket Adet<\/strong><\/td><\/tr><tr><td class=\"has-text-align-center\" data-align=\"center\">16-17<\/td><td class=\"has-text-align-center\" data-align=\"center\">400<\/td><td class=\"has-text-align-center\" data-align=\"center\">22-24<\/td><\/tr><tr><td class=\"has-text-align-center\" data-align=\"center\">16-17<\/td><td class=\"has-text-align-center\" data-align=\"center\">1000<\/td><td class=\"has-text-align-center\" data-align=\"center\">60-62<\/td><\/tr><tr><td class=\"has-text-align-center\" data-align=\"center\">16-17<\/td><td class=\"has-text-align-center\" data-align=\"center\">5000<\/td><td class=\"has-text-align-center\" data-align=\"center\">300-305<\/td><\/tr><\/tbody><\/table><\/figure>\n\n\n\n<p><em>Hindi k\u00f6fte \u00e7e\u015fitlerimiz \u00e7e\u015fnilendirmesi sebebiyle sulu yemeklere uygun de\u011fildir.<\/em><\/p>\n","protected":false},"excerpt":{"rendered":"<p>%100 hindi etinden \u00fcretilmi\u015ftir. Tekirda\u011f k\u00f6ftesi formunda parmak \u015feklinde \u00fcretilmektedir. Hindi etine \u00f6zel olu\u015fturdu\u011fumuz baharat re\u00e7etesiyle birle\u015ftirilmi\u015f olup oluklu ya da plate \u0131zgarada pi\u015firilmesi tavsiye olunur. Tane Gramaj Paket Gramaj Paket Adet 16-17 400 22-24 16-17 1000 60-62 16-17 5000 300-305 Hindi k\u00f6fte \u00e7e\u015fitlerimiz \u00e7e\u015fnilendirmesi sebebiyle sulu yemeklere uygun de\u011fildir.<\/p>\n","protected":false},"author":1,"featured_media":0,"parent":0,"menu_order":0,"comment_status":"closed","ping_status":"closed","template":"templates\/template-page-full-width.php","meta":{"footnotes":""},"class_list":["post-453","page","type-page","status-publish","hentry"],"_links":{"self":[{"href":"https:\/\/www.damakkofte.com.tr\/index.php\/wp-json\/wp\/v2\/pages\/453","targetHints":{"allow":["GET"]}}],"collection":[{"href":"https:\/\/www.damakkofte.com.tr\/index.php\/wp-json\/wp\/v2\/pages"}],"about":[{"href":"https:\/\/www.damakkofte.com.tr\/index.php\/wp-json\/wp\/v2\/types\/page"}],"author":[{"embeddable":true,"href":"https:\/\/www.damakkofte.com.tr\/index.php\/wp-json\/wp\/v2\/users\/1"}],"replies":[{"embeddable":true,"href":"https:\/\/www.damakkofte.com.tr\/index.php\/wp-json\/wp\/v2\/comments?post=453"}],"version-history":[{"count":3,"href":"https:\/\/www.damakkofte.com.tr\/index.php\/wp-json\/wp\/v2\/pages\/453\/revisions"}],"predecessor-version":[{"id":463,"href":"https:\/\/www.damakkofte.com.tr\/index.php\/wp-json\/wp\/v2\/pages\/453\/revisions\/463"}],"wp:attachment":[{"href":"https:\/\/www.damakkofte.com.tr\/index.php\/wp-json\/wp\/v2\/media?parent=453"}],"curies":[{"name":"wp","href":"https:\/\/api.w.org\/{rel}","templated":true}]}}